{"id":11777,"date":"2026-03-03T09:50:40","date_gmt":"2026-03-03T08:50:40","guid":{"rendered":"https:\/\/st-andrae.info\/?page_id=11777"},"modified":"2026-03-10T07:54:19","modified_gmt":"2026-03-10T06:54:19","slug":"wallfahrt-nach-st-andrae","status":"publish","type":"page","link":"https:\/\/st-andrae.info\/en\/wallfahrt-nach-st-andrae\/","title":{"rendered":"Wallfahrt nach St. Andr\u00e4"},"content":{"rendered":"<div data-elementor-type=\"wp-page\" data-elementor-id=\"11777\" class=\"elementor elementor-11777\">\n\t\t\t\t\t\t<section class=\"elementor-section elementor-top-section elementor-element elementor-element-42457da8 elementor-section-boxed elementor-section-height-default elementor-section-height-default\" data-id=\"42457da8\" data-element_type=\"section\" data-e-type=\"section\">\n\t\t\t\t\t\t<div class=\"elementor-container elementor-column-gap-default\">\n\t\t\t\t\t<div class=\"elementor-column elementor-col-100 elementor-top-column elementor-element elementor-element-2cd48bdb\" data-id=\"2cd48bdb\" data-element_type=\"column\" data-e-type=\"column\">\n\t\t\t<div class=\"elementor-widget-wrap elementor-element-populated\">\n\t\t\t\t\t\t<div class=\"elementor-element elementor-element-cffbb11 elementor-widget elementor-widget-text-editor\" data-id=\"cffbb11\" data-element_type=\"widget\" data-e-type=\"widget\" data-widget_type=\"text-editor.default\">\n\t\t\t\t<div class=\"elementor-widget-container\">\n\t\t\t\t\t\t\t\t\t<p>Die Stadtgemeinde St. Andr\u00e4 verbindet auf besondere Weise\u00a0<strong>Kultur, kirchliche Tradition, regionale Kulinarik und naturnahe Erlebnisse<\/strong>. Die beeindruckende Basilika Maria Loreto mit der Schwarzen Madonna, die historischen G\u00e4rten, vielf\u00e4ltige Genussm\u00f6glichkeiten sowie kulturelle Veranstaltungen wie die Domspiele machen St. Andr\u00e4 zu einem attraktiven Ausflugs- und Programmpunkt im Lavanttal.<\/p>\t\t\t\t\t\t\t\t<\/div>\n\t\t\t\t<\/div>\n\t\t\t\t\t<\/div>\n\t\t<\/div>\n\t\t\t\t\t<\/div>\n\t\t<\/section>\n\t\t\t\t<section class=\"elementor-section elementor-top-section elementor-element elementor-element-eb21b17 elementor-section-boxed elementor-section-height-default elementor-section-height-default\" data-id=\"eb21b17\" data-element_type=\"section\" data-e-type=\"section\">\n\t\t\t\t\t\t<div class=\"elementor-container elementor-column-gap-default\">\n\t\t\t\t\t<div class=\"elementor-column elementor-col-100 elementor-top-column elementor-element elementor-element-9dd425f\" data-id=\"9dd425f\" data-element_type=\"column\" data-e-type=\"column\">\n\t\t\t<div class=\"elementor-widget-wrap elementor-element-populated\">\n\t\t\t\t\t\t<div class=\"elementor-element elementor-element-fa62374 elementor-widget__width-initial elementor-widget elementor-widget-image\" data-id=\"fa62374\" data-element_type=\"widget\" data-e-type=\"widget\" data-widget_type=\"image.default\">\n\t\t\t\t<div class=\"elementor-widget-container\">\n\t\t\t\t\t\t\t\t\t\t\t\t\t\t\t<img fetchpriority=\"high\" decoding=\"async\" width=\"724\" height=\"1024\" src=\"https:\/\/st-andrae.info\/wp-content\/uploads\/2026\/03\/Wallfahrt-nach-St.-Andra-1-724x1024.png\" class=\"attachment-large size-large wp-image-11795\" alt=\"\" srcset=\"https:\/\/st-andrae.info\/wp-content\/uploads\/2026\/03\/Wallfahrt-nach-St.-Andra-1-724x1024.png 724w, https:\/\/st-andrae.info\/wp-content\/uploads\/2026\/03\/Wallfahrt-nach-St.-Andra-1-212x300.png 212w, https:\/\/st-andrae.info\/wp-content\/uploads\/2026\/03\/Wallfahrt-nach-St.-Andra-1-768x1086.png 768w, https:\/\/st-andrae.info\/wp-content\/uploads\/2026\/03\/Wallfahrt-nach-St.-Andra-1-1086x1536.png 1086w, https:\/\/st-andrae.info\/wp-content\/uploads\/2026\/03\/Wallfahrt-nach-St.-Andra-1-8x12.png 8w, https:\/\/st-andrae.info\/wp-content\/uploads\/2026\/03\/Wallfahrt-nach-St.-Andra-1.png 1414w\" sizes=\"(max-width: 724px) 100vw, 724px\" \/>\t\t\t\t\t\t\t\t\t\t\t\t\t\t\t<\/div>\n\t\t\t\t<\/div>\n\t\t\t\t<div class=\"elementor-element elementor-element-88d29ac elementor-widget elementor-widget-text-editor\" data-id=\"88d29ac\" data-element_type=\"widget\" data-e-type=\"widget\" data-widget_type=\"text-editor.default\">\n\t\t\t\t<div class=\"elementor-widget-container\">\n\t\t\t\t\t\t\t\t\t<p>Ob gef\u00fchrte Stadtspazierg\u00e4nge, kulinarische Angebote, kirchliche Feiern oder kombinierbare Programme mit Partnern in der Region \u2013 St. Andr\u00e4 bietet vielseitige M\u00f6glichkeiten f\u00fcr Gruppen, Vereine und Reiseveranstalter.<\/p>\n<p>Neu und besonders attraktiv ist zudem die <strong>bequeme Anreise mit der Koralmbahn<\/strong>, wodurch unsere Region noch besser erreichbar wird.<\/p>\n<p><\/p>\n<p>Gerne stehen wir f\u00fcr weitere Informationen, individuelle Programmgestaltung oder Terminabsprachen zur Verf\u00fcgung und freuen uns \u00fcber Ihr Interesse an St. Andr\u00e4.<\/p>\t\t\t\t\t\t\t\t<\/div>\n\t\t\t\t<\/div>\n\t\t\t\t\t<\/div>\n\t\t<\/div>\n\t\t\t\t\t<\/div>\n\t\t<\/section>\n\t\t\t\t<section class=\"elementor-section elementor-top-section elementor-element elementor-element-f21bdd9 elementor-section-boxed elementor-section-height-default elementor-section-height-default\" data-id=\"f21bdd9\" data-element_type=\"section\" data-e-type=\"section\">\n\t\t\t\t\t\t<div class=\"elementor-container elementor-column-gap-default\">\n\t\t\t\t\t<div class=\"elementor-column elementor-col-100 elementor-top-column elementor-element elementor-element-bca1cd9\" data-id=\"bca1cd9\" data-element_type=\"column\" data-e-type=\"column\">\n\t\t\t<div class=\"elementor-widget-wrap elementor-element-populated\">\n\t\t\t\t\t\t<div class=\"elementor-element elementor-element-d5d5f2d elementor-widget__width-initial elementor-widget elementor-widget-image\" data-id=\"d5d5f2d\" data-element_type=\"widget\" data-e-type=\"widget\" data-widget_type=\"image.default\">\n\t\t\t\t<div class=\"elementor-widget-container\">\n\t\t\t\t\t\t\t\t\t\t\t\t\t\t\t<img decoding=\"async\" width=\"724\" height=\"1024\" src=\"https:\/\/st-andrae.info\/wp-content\/uploads\/2026\/03\/Wallfahrt-nach-St.-Andra-2-1-724x1024.png\" class=\"attachment-large size-large wp-image-11797\" alt=\"\" srcset=\"https:\/\/st-andrae.info\/wp-content\/uploads\/2026\/03\/Wallfahrt-nach-St.-Andra-2-1-724x1024.png 724w, https:\/\/st-andrae.info\/wp-content\/uploads\/2026\/03\/Wallfahrt-nach-St.-Andra-2-1-212x300.png 212w, https:\/\/st-andrae.info\/wp-content\/uploads\/2026\/03\/Wallfahrt-nach-St.-Andra-2-1-768x1086.png 768w, https:\/\/st-andrae.info\/wp-content\/uploads\/2026\/03\/Wallfahrt-nach-St.-Andra-2-1-1086x1536.png 1086w, https:\/\/st-andrae.info\/wp-content\/uploads\/2026\/03\/Wallfahrt-nach-St.-Andra-2-1-8x12.png 8w, https:\/\/st-andrae.info\/wp-content\/uploads\/2026\/03\/Wallfahrt-nach-St.-Andra-2-1.png 1414w\" sizes=\"(max-width: 724px) 100vw, 724px\" \/>\t\t\t\t\t\t\t\t\t\t\t\t\t\t\t<\/div>\n\t\t\t\t<\/div>\n\t\t\t\t<div class=\"elementor-element elementor-element-f1b0170 elementor-widget elementor-widget-text-editor\" data-id=\"f1b0170\" data-element_type=\"widget\" data-e-type=\"widget\" data-widget_type=\"text-editor.default\">\n\t\t\t\t<div class=\"elementor-widget-container\">\n\t\t\t\t\t\t\t\t\t<p>Senden Sie das Antwortformular gerne an kultur@st-andrae.at zur\u00fcck f\u00fcr eine unverbindliche Anfrage!<\/p>\n<p><\/p>\n<p>Wir freuen uns auf Ihren Besuch in der Stadtgemeinde St. Andr\u00e4!<\/p>\t\t\t\t\t\t\t\t<\/div>\n\t\t\t\t<\/div>\n\t\t\t\t\t<\/div>\n\t\t<\/div>\n\t\t\t\t\t<\/div>\n\t\t<\/section>\n\t\t\t\t<\/div>","protected":false},"excerpt":{"rendered":"<p>Die Stadtgemeinde St. Andr\u00e4 verbindet auf besondere Weise\u00a0Kultur, kirchliche Tradition, regionale Kulinarik und naturnahe Erlebnisse. Die beeindruckende Basilika Maria Loreto mit der Schwarzen Madonna, die historischen G\u00e4rten, vielf\u00e4ltige Genussm\u00f6glichkeiten sowie kulturelle Veranstaltungen wie die Domspiele machen St. Andr\u00e4 zu einem attraktiven Ausflugs- und Programmpunkt im Lavanttal. Ob gef\u00fchrte Stadtspazierg\u00e4nge, kulinarische Angebote, kirchliche Feiern oder kombinierbare &hellip;<\/p>","protected":false},"author":2,"featured_media":0,"parent":0,"menu_order":0,"comment_status":"closed","ping_status":"closed","template":"","meta":{"footnotes":""},"class_list":["post-11777","page","type-page","status-publish","hentry"],"_links":{"self":[{"href":"https:\/\/st-andrae.info\/en\/wp-json\/wp\/v2\/pages\/11777","targetHints":{"allow":["GET"]}}],"collection":[{"href":"https:\/\/st-andrae.info\/en\/wp-json\/wp\/v2\/pages"}],"about":[{"href":"https:\/\/st-andrae.info\/en\/wp-json\/wp\/v2\/types\/page"}],"author":[{"embeddable":true,"href":"https:\/\/st-andrae.info\/en\/wp-json\/wp\/v2\/users\/2"}],"replies":[{"embeddable":true,"href":"https:\/\/st-andrae.info\/en\/wp-json\/wp\/v2\/comments?post=11777"}],"version-history":[{"count":17,"href":"https:\/\/st-andrae.info\/en\/wp-json\/wp\/v2\/pages\/11777\/revisions"}],"predecessor-version":[{"id":11812,"href":"https:\/\/st-andrae.info\/en\/wp-json\/wp\/v2\/pages\/11777\/revisions\/11812"}],"wp:attachment":[{"href":"https:\/\/st-andrae.info\/en\/wp-json\/wp\/v2\/media?parent=11777"}],"curies":[{"name":"wp","href":"https:\/\/api.w.org\/{rel}","templated":true}]}}