{"id":7141,"date":"2022-03-24T18:36:44","date_gmt":"2022-03-24T17:36:44","guid":{"rendered":"https:\/\/dev.alpsware.at\/hp12\/?page_id=7141"},"modified":"2022-06-29T22:45:32","modified_gmt":"2022-06-29T20:45:32","slug":"impressum","status":"publish","type":"page","link":"https:\/\/st-andrae.info\/en\/impressum\/","title":{"rendered":"about us"},"content":{"rendered":"<p><\/p>\n\n\n\n<p class=\"has-large-font-size\">Publisher, editorial and content support<\/p>\n\n\n\n<p>Municipality St. Andr\u00e4<br>9433 St. Andr\u00e4 100<\/p>\n\n\n\n<p><strong>Tel:<\/strong>&nbsp;+43 (4358)&nbsp;27 10<br><strong>Fax:<\/strong>&nbsp;+43 (4358) \/&nbsp;27 10 &#8211; 79<br><strong>E-Mail:<\/strong>&nbsp;<a rel=\"noreferrer noopener\" href=\"mailto:gemeinde@st-andrae.at\" target=\"_blank\">gemeinde@st-andrae.at<\/a><\/p>\n\n\n\n<p><strong>Municipal code:<\/strong>&nbsp;20913<\/p>\n\n\n\n<p>The address www.st-andrae.info is the public Internet service of the&nbsp;<strong>Stadtgemeinde St Andr\u00e4<\/strong>.<\/p>\n\n\n\n<p class=\"has-large-font-size\">Editorial<\/p>\n\n\n\n<p>This homepage provides content and services for the culture and tourism sectors of the&nbsp;<strong>Stadtgemeinde&nbsp;St. Andr\u00e4<\/strong>&nbsp;offered. We make every effort to keep them up to date. Should you nevertheless come across incorrect or outdated content, please contact us at the address provided.<\/p>\n\n\n\n<p class=\"has-large-font-size\">Copyright<\/p>\n\n\n\n<p>The layout and design of the entire homepage (logos, photos, coats of arms, etc.) are protected by copyright. This also applies to the editorial content. Therefore, no changes may be made. Further public use may only take place after consent has been given.<\/p>\n\n\n\n<p class=\"has-large-font-size\">Liability disclaimer<\/p>\n\n\n\n<p>The&nbsp;<strong>Municipality St. Andr\u00e4<\/strong>&nbsp;makes every effort to provide correct and complete information on this homepage at all times. However, no liability is assumed for the accuracy of the information provided. All information is provided without guarantee. Any liability for damages resulting from the use of <a href=\"https:\/\/st-andrae.info\/en\/\">www.st-andrae.info<\/a> and their published contents or services is excluded.<\/p>\n\n\n\n<p class=\"has-large-font-size\">External links<\/p>\n\n\n\n<p>The linked pages on&nbsp;<a href=\"https:\/\/st-andrae.info\/en\/\">www.st-andrae.info<\/a>&nbsp;were free of illegal content at the time of publication. No liability is accepted for any change in content at a later date. The&nbsp;<strong>Municipality St. Andr\u00e4&nbsp;<\/strong>thus clearly dissociates itself from subsequent updates of the contents of linked pages. Links can be changed by the&nbsp;<strong>Municipality St. Andr\u00e4&nbsp;<\/strong>at any time without giving reasons.<\/p>\n\n\n\n<p class=\"has-large-font-size\">Diligence<\/p>\n\n\n\n<p>The <strong>Municipality St. Andr\u00e4<\/strong> undertakes to adapt the eGovernment services to the respective security standards and to make every effort to ensure high availability of these Internet services.<\/p>\n\n\n\n<p class=\"has-large-font-size\">Barrierefreiheit<\/p>\n\n\n\n<p>This homepage of the Municipality of St. Andr\u00e4 complies with the WAI standard AA (Web Accessibility Initiative) and thus offers barrier-free access to all pages for all persons.<\/p>\n\n\n\n<p>Information and guidelines on electronic communication with the&nbsp;<strong>Municipality St. Andr\u00e4&nbsp;<\/strong>please refer to the e-mail policy.<br><br>External information is not the responsibility of the municipality. Nor does the municipality have any influence on the quality of the external content.<\/p>\n\n\n\n<p class=\"has-large-font-size\">Concept and programming<\/p>\n\n\n\n<p>Alpsware GmbH, Lakeside B01a, 9020 Klagenfurt am W\u00f6rthersee, <a href=\"http:\/\/www.alpsware.at\">www.alpsware.at<\/a><\/p>\n\n\n\n<p>Icons auf der Startseite wurden erstellt von <a href=\"https:\/\/www.flaticon.com\/authors\/kiranshastry\">Kiranshastry<\/a> from <a href=\"https:\/\/www.flaticon.com\/\">www.flaticon.com&#8217;<\/a>, <a href=\"https:\/\/www.freepik.com\">Freepik<\/a> from <a href=\"https:\/\/www.flaticon.com\/\">www.flaticon.com&#8217;<\/a>, <a href=\"https:\/\/www.flaticon.com\/authors\/iconixar\">iconixar<\/a> from <a href=\"https:\/\/www.flaticon.com\/\">www.flaticon.com&#8217;<\/a>, <a href=\"https:\/\/www.flaticon.com\/authors\/surang\">surang<\/a> from <a href=\"https:\/\/www.flaticon.com\/\">www.flaticon.com&#8217;<\/a><\/p>","protected":false},"excerpt":{"rendered":"<p>Herausgeber, redaktionelle und inhaltliche Betreuung Stadtgemeinde St. Andr\u00e49433 St. Andr\u00e4 100 Tel:&nbsp;+43 (4358)&nbsp;27 10Fax:&nbsp;+43 (4358) \/&nbsp;27 10 &#8211; 79E-Mail:&nbsp;gemeinde@st-andrae.at Gemeindekennzahl:&nbsp;20913 Unter der Adresse&nbsp;www.st-andrae.info befindet sich der \u00f6ffentliche Internetdienst der&nbsp;Stadtgemeinde St Andr\u00e4. Redaktion Auf dieser Homepage werden Inhalte und Services f\u00fcr die Bereiche Kultur und Tourismus der&nbsp;Stadtgemeinde&nbsp;St. Andr\u00e4&nbsp;angeboten. Wir sind bem\u00fcht, diese aktuell zu halten. Sollten &hellip;<\/p>","protected":false},"author":1,"featured_media":0,"parent":0,"menu_order":0,"comment_status":"closed","ping_status":"closed","template":"template-fullwidth.php","meta":{"footnotes":""},"class_list":["post-7141","page","type-page","status-publish","hentry"],"_links":{"self":[{"href":"https:\/\/st-andrae.info\/en\/wp-json\/wp\/v2\/pages\/7141","targetHints":{"allow":["GET"]}}],"collection":[{"href":"https:\/\/st-andrae.info\/en\/wp-json\/wp\/v2\/pages"}],"about":[{"href":"https:\/\/st-andrae.info\/en\/wp-json\/wp\/v2\/types\/page"}],"author":[{"embeddable":true,"href":"https:\/\/st-andrae.info\/en\/wp-json\/wp\/v2\/users\/1"}],"replies":[{"embeddable":true,"href":"https:\/\/st-andrae.info\/en\/wp-json\/wp\/v2\/comments?post=7141"}],"version-history":[{"count":0,"href":"https:\/\/st-andrae.info\/en\/wp-json\/wp\/v2\/pages\/7141\/revisions"}],"wp:attachment":[{"href":"https:\/\/st-andrae.info\/en\/wp-json\/wp\/v2\/media?parent=7141"}],"curies":[{"name":"wp","href":"https:\/\/api.w.org\/{rel}","templated":true}]}}