{"id":7215,"date":"2022-03-25T12:00:08","date_gmt":"2022-03-25T11:00:08","guid":{"rendered":"https:\/\/dev.alpsware.at\/hp12\/?page_id=7215"},"modified":"2022-06-27T13:51:33","modified_gmt":"2022-06-27T11:51:33","slug":"basilika-maria-loreto","status":"publish","type":"page","link":"https:\/\/st-andrae.info\/en\/historische-bauwerke\/basilika-maria-loreto\/","title":{"rendered":"Basilica Maria Loreto"},"content":{"rendered":"<div data-elementor-type=\"wp-page\" data-elementor-id=\"7215\" class=\"elementor elementor-7215\">\n\t\t\t\t\t\t<section class=\"elementor-section elementor-top-section elementor-element elementor-element-c785659 elementor-section-full_width elementor-section-height-default elementor-section-height-default\" data-id=\"c785659\" data-element_type=\"section\" data-e-type=\"section\" data-settings=\"{&quot;background_background&quot;:&quot;classic&quot;}\">\n\t\t\t\t\t\t<div class=\"elementor-container elementor-column-gap-no\">\n\t\t\t\t\t<div class=\"elementor-column elementor-col-100 elementor-top-column elementor-element elementor-element-9e73bf7\" data-id=\"9e73bf7\" data-element_type=\"column\" data-e-type=\"column\">\n\t\t\t<div class=\"elementor-widget-wrap elementor-element-populated\">\n\t\t\t\t\t\t<section class=\"elementor-section elementor-inner-section elementor-element elementor-element-10ed598 elementor-section-boxed elementor-section-height-default elementor-section-height-default\" data-id=\"10ed598\" data-element_type=\"section\" data-e-type=\"section\">\n\t\t\t\t\t\t<div class=\"elementor-container elementor-column-gap-wide\">\n\t\t\t\t\t<div class=\"elementor-column elementor-col-50 elementor-inner-column elementor-element elementor-element-b5188d2\" data-id=\"b5188d2\" data-element_type=\"column\" data-e-type=\"column\">\n\t\t\t<div class=\"elementor-widget-wrap elementor-element-populated\">\n\t\t\t\t\t\t<div class=\"elementor-element elementor-element-bbbd7f4 dekoline elementor-invisible elementor-widget elementor-widget-heading\" data-id=\"bbbd7f4\" data-element_type=\"widget\" data-e-type=\"widget\" data-settings=\"{&quot;_animation&quot;:&quot;fadeInDown&quot;}\" data-widget_type=\"heading.default\">\n\t\t\t\t<div class=\"elementor-widget-container\">\n\t\t\t\t\t<h2 class=\"elementor-heading-title elementor-size-xl\">Wir sind Basilika!<\/h2>\t\t\t\t<\/div>\n\t\t\t\t<\/div>\n\t\t\t\t\t<\/div>\n\t\t<\/div>\n\t\t\t\t<div class=\"elementor-column elementor-col-50 elementor-inner-column elementor-element elementor-element-de11f98\" data-id=\"de11f98\" data-element_type=\"column\" data-e-type=\"column\">\n\t\t\t<div class=\"elementor-widget-wrap elementor-element-populated\">\n\t\t\t\t\t\t<div class=\"elementor-element elementor-element-bdffaba elementor-invisible elementor-widget elementor-widget-image\" data-id=\"bdffaba\" data-element_type=\"widget\" data-e-type=\"widget\" data-settings=\"{&quot;_animation&quot;:&quot;fadeInDown&quot;}\" data-widget_type=\"image.default\">\n\t\t\t\t<div class=\"elementor-widget-container\">\n\t\t\t\t\t\t\t\t\t\t\t\t\t\t\t<img decoding=\"async\" src=\"https:\/\/st-andrae.info\/wp-content\/uploads\/elementor\/thumbs\/Basilika-1-scaled-pnkzorgmhs9k76w8celt2ivqpr0o2aaonxbeam9leo.jpg\" title=\"Basilika 1\" alt=\"Basilika 1\" loading=\"lazy\" \/>\t\t\t\t\t\t\t\t\t\t\t\t\t\t\t<\/div>\n\t\t\t\t<\/div>\n\t\t\t\t\t<\/div>\n\t\t<\/div>\n\t\t\t\t\t<\/div>\n\t\t<\/section>\n\t\t\t\t<section class=\"elementor-section elementor-inner-section elementor-element elementor-element-d22d208 elementor-section-boxed elementor-section-height-default elementor-section-height-default\" data-id=\"d22d208\" data-element_type=\"section\" data-e-type=\"section\">\n\t\t\t\t\t\t<div class=\"elementor-container elementor-column-gap-wide\">\n\t\t\t\t\t<div class=\"elementor-column elementor-col-25 elementor-inner-column elementor-element elementor-element-cede4eb elementor-hidden-tablet elementor-hidden-phone\" data-id=\"cede4eb\" data-element_type=\"column\" data-e-type=\"column\">\n\t\t\t<div class=\"elementor-widget-wrap elementor-element-populated\">\n\t\t\t\t\t\t<div class=\"elementor-element elementor-element-22d8b5f elementor-widget elementor-widget-heading\" data-id=\"22d8b5f\" data-element_type=\"widget\" data-e-type=\"widget\" data-widget_type=\"heading.default\">\n\t\t\t\t<div class=\"elementor-widget-container\">\n\t\t\t\t\t<h2 class=\"elementor-heading-title elementor-size-default\">.<\/h2>\t\t\t\t<\/div>\n\t\t\t\t<\/div>\n\t\t\t\t\t<\/div>\n\t\t<\/div>\n\t\t\t\t<div class=\"elementor-column elementor-col-50 elementor-inner-column elementor-element elementor-element-b94e921\" data-id=\"b94e921\" data-element_type=\"column\" data-e-type=\"column\">\n\t\t\t<div class=\"elementor-widget-wrap elementor-element-populated\">\n\t\t\t\t\t\t<div class=\"elementor-element elementor-element-9a0737d elementor-invisible elementor-widget elementor-widget-text-editor\" data-id=\"9a0737d\" data-element_type=\"widget\" data-e-type=\"widget\" data-settings=\"{&quot;_animation&quot;:&quot;fadeInRight&quot;}\" data-widget_type=\"text-editor.default\">\n\t\t\t\t<div class=\"elementor-widget-container\">\n\t\t\t\t\t\t\t\t\t<p>Since July 21, 2014, the pilgrimage church Maria Loreto can consider itself fortunate to be the second 'Basilica minor' in Carinthia, alongside Maria Luggau. The imposing Baroque structure makes a strong impression outwardly, and not least, its eventful history and the pilgrim flow of past centuries have earned the church this special papal distinction.<\/p>\t\t\t\t\t\t\t\t<\/div>\n\t\t\t\t<\/div>\n\t\t\t\t\t<\/div>\n\t\t<\/div>\n\t\t\t\t<div class=\"elementor-column elementor-col-25 elementor-inner-column elementor-element elementor-element-8d49c8f elementor-hidden-tablet elementor-hidden-phone\" data-id=\"8d49c8f\" data-element_type=\"column\" data-e-type=\"column\">\n\t\t\t<div class=\"elementor-widget-wrap\">\n\t\t\t\t\t\t\t<\/div>\n\t\t<\/div>\n\t\t\t\t\t<\/div>\n\t\t<\/section>\n\t\t\t\t\t<\/div>\n\t\t<\/div>\n\t\t\t\t\t<\/div>\n\t\t<\/section>\n\t\t\t\t<section class=\"elementor-section elementor-top-section elementor-element elementor-element-7623f18 elementor-section-boxed elementor-section-height-default elementor-section-height-default elementor-invisible\" data-id=\"7623f18\" data-element_type=\"section\" data-e-type=\"section\" data-settings=\"{&quot;animation&quot;:&quot;fadeInUp&quot;}\">\n\t\t\t\t\t\t<div class=\"elementor-container elementor-column-gap-default\">\n\t\t\t\t\t<div class=\"elementor-column elementor-col-100 elementor-top-column elementor-element elementor-element-ced80e3\" data-id=\"ced80e3\" data-element_type=\"column\" data-e-type=\"column\">\n\t\t\t<div class=\"elementor-widget-wrap elementor-element-populated\">\n\t\t\t\t\t\t<div class=\"elementor-element elementor-element-6c6c4b3 elementor-widget elementor-widget-image\" data-id=\"6c6c4b3\" data-element_type=\"widget\" data-e-type=\"widget\" data-widget_type=\"image.default\">\n\t\t\t\t<div class=\"elementor-widget-container\">\n\t\t\t\t\t\t\t\t\t\t\t\t\t\t\t<img fetchpriority=\"high\" decoding=\"async\" width=\"750\" height=\"382\" src=\"https:\/\/st-andrae.info\/wp-content\/uploads\/2022\/03\/neu-1-1024x522.png\" class=\"attachment-large size-large wp-image-7243\" alt=\"\" srcset=\"https:\/\/st-andrae.info\/wp-content\/uploads\/2022\/03\/neu-1-1024x522.png 1024w, https:\/\/st-andrae.info\/wp-content\/uploads\/2022\/03\/neu-1-300x153.png 300w, https:\/\/st-andrae.info\/wp-content\/uploads\/2022\/03\/neu-1-768x392.png 768w, https:\/\/st-andrae.info\/wp-content\/uploads\/2022\/03\/neu-1.png 1536w\" sizes=\"(max-width: 750px) 100vw, 750px\" \/>\t\t\t\t\t\t\t\t\t\t\t\t\t\t\t<\/div>\n\t\t\t\t<\/div>\n\t\t\t\t\t<\/div>\n\t\t<\/div>\n\t\t\t\t\t<\/div>\n\t\t<\/section>\n\t\t\t\t<section class=\"elementor-section elementor-top-section elementor-element elementor-element-4d2c7b9 elementor-section-boxed elementor-section-height-default elementor-section-height-default\" data-id=\"4d2c7b9\" data-element_type=\"section\" data-e-type=\"section\">\n\t\t\t\t\t\t<div class=\"elementor-container elementor-column-gap-default\">\n\t\t\t\t\t<div class=\"elementor-column elementor-col-100 elementor-top-column elementor-element elementor-element-40610c1\" data-id=\"40610c1\" data-element_type=\"column\" data-e-type=\"column\">\n\t\t\t<div class=\"elementor-widget-wrap elementor-element-populated\">\n\t\t\t\t\t\t<div class=\"elementor-element elementor-element-ec5f236 elementor-widget elementor-widget-text-editor\" data-id=\"ec5f236\" data-element_type=\"widget\" data-e-type=\"widget\" data-widget_type=\"text-editor.default\">\n\t\t\t\t<div class=\"elementor-widget-container\">\n\t\t\t\t\t\t\t\t\t<div class=\"col-sm-6\"><div class=\"neos-contentcollection\"><div class=\"typo3-neos-nodetypes-text\"><div><p>At the beginning, it was a simple idea. Prince-Bishop Albert von Priamis, who held the reins in St. Andr\u00e4 in the mid-17th century, recognized the significance and emerging trend of pilgrimage. During a trip to Italy, he came across the famous Marian sanctuary in Loreto, on a hill near Ancona in central Italy. With grand plans for St. Andr\u00e4, the bishop returned to his hometown. He wanted to commission a replica of the famous 'Black Madonna' seen there to attract many believers to St. Andr\u00e4. And so it happened. On December 8, 1647, a direct replica of the Lauretan miraculous image and the chapel erected above it were solemnly consecrated. The participation of the population was enormous, and the anticipated influx of pilgrims began. Priamis aimed to use the donations from the faithful to build a magnificent church above the chapel.\u00a0<\/p><p>But the money was far from sufficient. In 1654, the already seriously ill bishop passed away. His grand project remained buried under the unbearable financial burden for years until 1673 when Prince-Bishop Franz Caspar von Stadion ascended the episcopal throne in St. Andr\u00e4. He hailed from a well-off noble family and could thus provide the financial means for the construction. Due to the greater expertise and experience in Northern Italy, the cosmopolitan bishop entrusted a primary builder from Aquileia named Juri with the management of the grand project. In 1683, the starting signal was given for the construction of the sacred building, designed entirely in the style of Italian Baroque. Four years later, the construction work was completed, with only the interior furnishings and the two towers remaining. While the interior furnishings were gradually added, the two onion-domed towers with their twin windows and Renaissance-style square ornaments were added in 1730. Rising 60 meters into the air, they were entirely re-covered with copper in a comprehensive restoration from 2010 to 2012.<\/p><p>\u00a0<\/p><p>As you enter the vibrant church, the cheerful colors and the spaciousness of the church immediately catch your eye. On the one hand, we owe this to Prince-Bishop Ernst Gandolf von Kuenburg, who in 1793 had the Gnadenkapelle dismantled and relocated it to the left of the entrance. This achieved an incredibly impressive spatial effect in the 40 meters long and 17 meters high church. On the other hand, the diversity of colors and the purity and excellence of the art treasures can be attributed to the two-year interior restoration of the Basilica, completed in 2014, where the original splendor from the Baroque period could be restored. 'The church itself is built in the purest and most beautiful Italian style, and surpasses in beauty of construction all the churches in Carinthia that I know.' \u2013 This was the judgment of art historian Karlmann Tangl about the Loreto Church. In it, styles from various epochs come together, offering a journey through European culture.<\/p><p>\u00a0<\/p><p>Centrally located in the presbytery, the Crucifixion group by the Klagenfurt master Claus conveys the delicacy and stylistic confidence of Austrian High Baroque. Behind it unfolds the extensive architectural fresco, where elements of Classicism mix with those of the late Baroque era. Everything is based on the idea of the sacrifice of Christ on the cross. So, when the Trinity spreads the mantle of mercy over the scene from above, and on the right and left, the prophets Jeremiah and Isaiah announce the sacrificial death of Christ, we have here Baroque illusion painting at its finest. The intention was to deceive the viewer, simulate more spatial impact, and even create three-dimensional worlds. In addition to an episcopal throne showcasing the skill of Viennese embroidery art from the 1760s, or a special Augsburg reverse glass painting in the form of a reproduction of the Marian icon from Santa Maria Maggiore in Rome, there is also a masterpiece by the gifted artist Jakob Zanussi in the Basilica depicting the Annunciation. The subtle brushstroke and the skillful play of light and shadow give the painting the touch of great European paintings of the 18th century.<\/p><p>\u00a0<\/p><p>Because of its beauty, its wealth of art treasures of all kinds, and its special atmosphere, thousands have visited the now Basilica in the past. Many have found refuge in the Black Madonna, while others have admired the encounter of artistic styles.<\/p><p>\u00a0<\/p><p>A new era has dawned with the elevation to Basilica in St. Andr\u00e4. This church is worth seeing, and rich is its history. It cannot be described; it must be experienced.\u00a0<\/p><\/div><\/div><\/div><\/div>\t\t\t\t\t\t\t\t<\/div>\n\t\t\t\t<\/div>\n\t\t\t\t\t<\/div>\n\t\t<\/div>\n\t\t\t\t\t<\/div>\n\t\t<\/section>\n\t\t\t\t<section class=\"elementor-section elementor-top-section elementor-element elementor-element-4238ba3 elementor-section-boxed elementor-section-height-default elementor-section-height-default\" data-id=\"4238ba3\" data-element_type=\"section\" data-e-type=\"section\">\n\t\t\t\t\t\t<div class=\"elementor-container elementor-column-gap-default\">\n\t\t\t\t\t<div class=\"elementor-column elementor-col-100 elementor-top-column elementor-element elementor-element-39bada6\" data-id=\"39bada6\" data-element_type=\"column\" data-e-type=\"column\">\n\t\t\t<div class=\"elementor-widget-wrap elementor-element-populated\">\n\t\t\t\t\t\t<div class=\"elementor-element elementor-element-5a26b11 elementor-widget elementor-widget-spacer\" data-id=\"5a26b11\" data-element_type=\"widget\" data-e-type=\"widget\" data-widget_type=\"spacer.default\">\n\t\t\t\t<div class=\"elementor-widget-container\">\n\t\t\t\t\t\t\t<div class=\"elementor-spacer\">\n\t\t\t<div class=\"elementor-spacer-inner\"><\/div>\n\t\t<\/div>\n\t\t\t\t\t\t<\/div>\n\t\t\t\t<\/div>\n\t\t\t\t\t<\/div>\n\t\t<\/div>\n\t\t\t\t\t<\/div>\n\t\t<\/section>\n\t\t\t\t<\/div>","protected":false},"excerpt":{"rendered":"<p>Wir sind Basilika! . Seit 21. Juli 2014 kann sich die Wallfahrtskirche Maria Loreto gl\u00fccklich sch\u00e4tzen, neben Maria Luggau die zweite \u201eBasilica minor\u201c in K\u00e4rnten zu sein. Schon nach au\u00dfen hin imponiert der m\u00e4chtige Barockbau und nicht zuletzt ihre bewegte Geschichte sowie der Wallfahrerstrom vergangener Jahrhunderte haben der Kirche zu dieser besonderen p\u00e4pstlichen Auszeichnung verholfen. &hellip;<\/p>","protected":false},"author":1,"featured_media":0,"parent":7121,"menu_order":0,"comment_status":"closed","ping_status":"closed","template":"elementor_header_footer","meta":{"footnotes":""},"class_list":["post-7215","page","type-page","status-publish","hentry"],"_links":{"self":[{"href":"https:\/\/st-andrae.info\/en\/wp-json\/wp\/v2\/pages\/7215","targetHints":{"allow":["GET"]}}],"collection":[{"href":"https:\/\/st-andrae.info\/en\/wp-json\/wp\/v2\/pages"}],"about":[{"href":"https:\/\/st-andrae.info\/en\/wp-json\/wp\/v2\/types\/page"}],"author":[{"embeddable":true,"href":"https:\/\/st-andrae.info\/en\/wp-json\/wp\/v2\/users\/1"}],"replies":[{"embeddable":true,"href":"https:\/\/st-andrae.info\/en\/wp-json\/wp\/v2\/comments?post=7215"}],"version-history":[{"count":0,"href":"https:\/\/st-andrae.info\/en\/wp-json\/wp\/v2\/pages\/7215\/revisions"}],"up":[{"embeddable":true,"href":"https:\/\/st-andrae.info\/en\/wp-json\/wp\/v2\/pages\/7121"}],"wp:attachment":[{"href":"https:\/\/st-andrae.info\/en\/wp-json\/wp\/v2\/media?parent=7215"}],"curies":[{"name":"wp","href":"https:\/\/api.w.org\/{rel}","templated":true}]}}