{"id":7247,"date":"2022-03-25T12:12:50","date_gmt":"2022-03-25T11:12:50","guid":{"rendered":"https:\/\/dev.alpsware.at\/hp12\/?page_id=7247"},"modified":"2022-04-19T08:32:52","modified_gmt":"2022-04-19T06:32:52","slug":"domkirche","status":"publish","type":"page","link":"https:\/\/st-andrae.info\/en\/historische-bauwerke\/domkirche\/","title":{"rendered":"Cathedral"},"content":{"rendered":"<div data-elementor-type=\"wp-page\" data-elementor-id=\"7247\" class=\"elementor elementor-7247\">\n\t\t\t\t\t\t<section class=\"elementor-section elementor-top-section elementor-element elementor-element-8df9923 elementor-section-boxed elementor-section-height-default elementor-section-height-default\" data-id=\"8df9923\" data-element_type=\"section\" data-e-type=\"section\" data-settings=\"{&quot;background_background&quot;:&quot;gradient&quot;}\">\n\t\t\t\t\t\t<div class=\"elementor-container elementor-column-gap-no\">\n\t\t\t\t\t<div class=\"elementor-column elementor-col-50 elementor-top-column elementor-element elementor-element-17e33fb\" data-id=\"17e33fb\" data-element_type=\"column\" data-e-type=\"column\">\n\t\t\t<div class=\"elementor-widget-wrap elementor-element-populated\">\n\t\t\t\t\t\t<section class=\"elementor-section elementor-inner-section elementor-element elementor-element-69a572f elementor-section-boxed elementor-section-height-default elementor-section-height-default\" data-id=\"69a572f\" data-element_type=\"section\" data-e-type=\"section\">\n\t\t\t\t\t\t<div class=\"elementor-container elementor-column-gap-wide\">\n\t\t\t\t\t<div class=\"elementor-column elementor-col-100 elementor-inner-column elementor-element elementor-element-46a2c6c\" data-id=\"46a2c6c\" data-element_type=\"column\" data-e-type=\"column\">\n\t\t\t<div class=\"elementor-widget-wrap elementor-element-populated\">\n\t\t\t\t\t\t<div class=\"elementor-element elementor-element-5be77f6 elementor-invisible elementor-widget elementor-widget-heading\" data-id=\"5be77f6\" data-element_type=\"widget\" data-e-type=\"widget\" data-settings=\"{&quot;_animation&quot;:&quot;fadeInLeft&quot;}\" data-widget_type=\"heading.default\">\n\t\t\t\t<div class=\"elementor-widget-container\">\n\t\t\t\t\t<h2 class=\"elementor-heading-title elementor-size-xxl\">Cathedral<\/h2>\t\t\t\t<\/div>\n\t\t\t\t<\/div>\n\t\t\t\t\t<\/div>\n\t\t<\/div>\n\t\t\t\t\t<\/div>\n\t\t<\/section>\n\t\t\t\t<section class=\"elementor-section elementor-inner-section elementor-element elementor-element-ac60459 elementor-section-boxed elementor-section-height-default elementor-section-height-default\" data-id=\"ac60459\" data-element_type=\"section\" data-e-type=\"section\">\n\t\t\t\t\t\t<div class=\"elementor-container elementor-column-gap-wide\">\n\t\t\t\t\t<div class=\"elementor-column elementor-col-100 elementor-inner-column elementor-element elementor-element-f20d42f\" data-id=\"f20d42f\" data-element_type=\"column\" data-e-type=\"column\">\n\t\t\t<div class=\"elementor-widget-wrap elementor-element-populated\">\n\t\t\t\t\t\t<div class=\"elementor-element elementor-element-fe40416 elementor-invisible elementor-widget elementor-widget-text-editor\" data-id=\"fe40416\" data-element_type=\"widget\" data-e-type=\"widget\" data-settings=\"{&quot;_animation&quot;:&quot;fadeInRight&quot;}\" data-widget_type=\"text-editor.default\">\n\t\t\t\t<div class=\"elementor-widget-container\">\n\t\t\t\t\t\t\t\t\t<p>The exact date of the construction of the Church of St. Andrew is unknown; however, there is justification to assume that it was built under Bishop Modestus as one of the oldest churches in the Lavant Valley.<\/p>\t\t\t\t\t\t\t\t<\/div>\n\t\t\t\t<\/div>\n\t\t\t\t\t<\/div>\n\t\t<\/div>\n\t\t\t\t\t<\/div>\n\t\t<\/section>\n\t\t\t\t\t<\/div>\n\t\t<\/div>\n\t\t\t\t<div class=\"elementor-column elementor-col-50 elementor-top-column elementor-element elementor-element-6fbf3c5\" data-id=\"6fbf3c5\" data-element_type=\"column\" data-e-type=\"column\">\n\t\t\t<div class=\"elementor-widget-wrap elementor-element-populated\">\n\t\t\t\t\t\t<div class=\"elementor-element elementor-element-8140c5a elementor-hidden-phone animated-slow elementor-invisible elementor-widget elementor-widget-image\" data-id=\"8140c5a\" data-element_type=\"widget\" data-e-type=\"widget\" data-settings=\"{&quot;_animation&quot;:&quot;fadeIn&quot;}\" data-widget_type=\"image.default\">\n\t\t\t\t<div class=\"elementor-widget-container\">\n\t\t\t\t\t\t\t\t\t\t\t\t\t\t\t<img decoding=\"async\" src=\"https:\/\/st-andrae.info\/wp-content\/uploads\/elementor\/thumbs\/Domkirche-schneebedeckt-scaled-pnkzs0yinsbjyr56a6gqpwu38ikwqwo5uesclhnbdw.jpg\" title=\"Domkirche schneebedeckt\" alt=\"Domkirche schneebedeckt\" loading=\"lazy\" \/>\t\t\t\t\t\t\t\t\t\t\t\t\t\t\t<\/div>\n\t\t\t\t<\/div>\n\t\t\t\t\t<\/div>\n\t\t<\/div>\n\t\t\t\t\t<\/div>\n\t\t<\/section>\n\t\t\t\t<section class=\"elementor-section elementor-top-section elementor-element elementor-element-5f38504 elementor-section-boxed elementor-section-height-default elementor-section-height-default elementor-invisible\" data-id=\"5f38504\" data-element_type=\"section\" data-e-type=\"section\" data-settings=\"{&quot;animation&quot;:&quot;fadeInUp&quot;}\">\n\t\t\t\t\t\t<div class=\"elementor-container elementor-column-gap-default\">\n\t\t\t\t\t<div class=\"elementor-column elementor-col-100 elementor-top-column elementor-element elementor-element-1491a83\" data-id=\"1491a83\" data-element_type=\"column\" data-e-type=\"column\">\n\t\t\t<div class=\"elementor-widget-wrap elementor-element-populated\">\n\t\t\t\t\t\t<div class=\"elementor-element elementor-element-3fcb8fb elementor-widget elementor-widget-text-editor\" data-id=\"3fcb8fb\" data-element_type=\"widget\" data-e-type=\"widget\" data-widget_type=\"text-editor.default\">\n\t\t\t\t<div class=\"elementor-widget-container\">\n\t\t\t\t\t\t\t\t\t<p>During the 17th and 19th centuries, several internal and external architectural changes were made, such as raising all walls, adding cross vaults to the ceiling, and other modifications, transforming the church into a Gothic structure. The desire to give the main square, extending towards the north facade, a dignified conclusion led to the construction of a Gothic north tower and thereby the unconventional positioning of the two externally very similar towers. In addition, in 1876, construction began on the west facade with the addition of a porch consisting of three arcades.<br \/>\u00a0\u00a0<br \/>Moreover, the originally three-aisled choir had its side choirs bricked up, a chapel was established on the north side, a sacristy on the south side, and simultaneously, the side aisles were raised. A later-added continuous roof, however, rendered the windows in the nave blind, significantly affecting the brightness in the 'Basilica.' Around the turn of the century, Dean Johann Ev. Tobeitz pressed for the renovation of the church building, especially the interior, leading to the installation of a new high altar (by M. Slama) in the early Gothic style.\u00a0<br \/><br \/>Furthermore, in the chapel north of the west tower and in the north-side choir chapel, there are remnants of frescoes from the 15th and 16th centuries depicting the crucifixion of Jesus, impressive sculptures, and numerous remarkable tombstones of bishops and provosts of the Diocese of Lavant. These include, for example, the portrait tombstone of Bishop Laurenz Lichtenberger (1446), attributed to the work of Hans Eybenstock, or the tombstone of Leonhard von Kollnitz with a portrait of the knight from the year 1517.<\/p><p class=\"translation-block\">A comprehensive exterior and interior renovation took place from 1962 to 1965 under Deacon Erwin Lemich. The roof, exterior facade, and towers were renewed. Inside, the early Gothic high altar received a reddish color tone adapted to the style, the choir windows were bricked up, the pulpit and Stations of the Cross images were removed from the church, and the side altars were redesigned.<\/p>\t\t\t\t\t\t\t\t<\/div>\n\t\t\t\t<\/div>\n\t\t\t\t\t<\/div>\n\t\t<\/div>\n\t\t\t\t\t<\/div>\n\t\t<\/section>\n\t\t\t\t<\/div>","protected":false},"excerpt":{"rendered":"<p>Domkirche Zwar ist das Entstehungsdatum der Kirche des hl. Andreas unbekannt, es besteht jedoch die Berechtigung zur Annahme, dass sie unter Bischof Modestus als eine der \u00e4ltesten Kirchen des Lavanttales erbaut wurde. Im Laufe des 17. und 19. Jahrhunderts wurden mehrere innere und \u00e4u\u00dfere Bauver\u00e4nderungen vorgenommen, wie zum Beispiel die Erh\u00f6hung s\u00e4mtlicher Mauern, Versehung der &hellip;<\/p>","protected":false},"author":1,"featured_media":0,"parent":7121,"menu_order":0,"comment_status":"closed","ping_status":"closed","template":"elementor_header_footer","meta":{"footnotes":""},"class_list":["post-7247","page","type-page","status-publish","hentry"],"_links":{"self":[{"href":"https:\/\/st-andrae.info\/en\/wp-json\/wp\/v2\/pages\/7247","targetHints":{"allow":["GET"]}}],"collection":[{"href":"https:\/\/st-andrae.info\/en\/wp-json\/wp\/v2\/pages"}],"about":[{"href":"https:\/\/st-andrae.info\/en\/wp-json\/wp\/v2\/types\/page"}],"author":[{"embeddable":true,"href":"https:\/\/st-andrae.info\/en\/wp-json\/wp\/v2\/users\/1"}],"replies":[{"embeddable":true,"href":"https:\/\/st-andrae.info\/en\/wp-json\/wp\/v2\/comments?post=7247"}],"version-history":[{"count":0,"href":"https:\/\/st-andrae.info\/en\/wp-json\/wp\/v2\/pages\/7247\/revisions"}],"up":[{"embeddable":true,"href":"https:\/\/st-andrae.info\/en\/wp-json\/wp\/v2\/pages\/7121"}],"wp:attachment":[{"href":"https:\/\/st-andrae.info\/en\/wp-json\/wp\/v2\/media?parent=7247"}],"curies":[{"name":"wp","href":"https:\/\/api.w.org\/{rel}","templated":true}]}}