{"id":7249,"date":"2022-03-25T12:13:00","date_gmt":"2022-03-25T11:13:00","guid":{"rendered":"https:\/\/dev.alpsware.at\/hp12\/?page_id=7249"},"modified":"2022-06-27T13:52:48","modified_gmt":"2022-06-27T11:52:48","slug":"kloster-maria-loretto","status":"publish","type":"page","link":"https:\/\/st-andrae.info\/en\/historische-bauwerke\/kloster-maria-loretto\/","title":{"rendered":"Convent Maria Loretto"},"content":{"rendered":"<div data-elementor-type=\"wp-page\" data-elementor-id=\"7249\" class=\"elementor elementor-7249\">\n\t\t\t\t\t\t<section class=\"elementor-section elementor-top-section elementor-element elementor-element-8c2ba6b elementor-section-boxed elementor-section-height-default elementor-section-height-default\" data-id=\"8c2ba6b\" data-element_type=\"section\" data-e-type=\"section\" data-settings=\"{&quot;background_background&quot;:&quot;gradient&quot;}\">\n\t\t\t\t\t\t<div class=\"elementor-container elementor-column-gap-no\">\n\t\t\t\t\t<div class=\"elementor-column elementor-col-50 elementor-top-column elementor-element elementor-element-9a93bf5\" data-id=\"9a93bf5\" data-element_type=\"column\" data-e-type=\"column\">\n\t\t\t<div class=\"elementor-widget-wrap elementor-element-populated\">\n\t\t\t\t\t\t<section class=\"elementor-section elementor-inner-section elementor-element elementor-element-767ea4b elementor-section-boxed elementor-section-height-default elementor-section-height-default\" data-id=\"767ea4b\" data-element_type=\"section\" data-e-type=\"section\">\n\t\t\t\t\t\t<div class=\"elementor-container elementor-column-gap-wide\">\n\t\t\t\t\t<div class=\"elementor-column elementor-col-100 elementor-inner-column elementor-element elementor-element-5fd12a0\" data-id=\"5fd12a0\" data-element_type=\"column\" data-e-type=\"column\">\n\t\t\t<div class=\"elementor-widget-wrap elementor-element-populated\">\n\t\t\t\t\t\t<div class=\"elementor-element elementor-element-4bd79d8 elementor-invisible elementor-widget elementor-widget-heading\" data-id=\"4bd79d8\" data-element_type=\"widget\" data-e-type=\"widget\" data-settings=\"{&quot;_animation&quot;:&quot;fadeInLeft&quot;}\" data-widget_type=\"heading.default\">\n\t\t\t\t<div class=\"elementor-widget-container\">\n\t\t\t\t\t<h2 class=\"elementor-heading-title elementor-size-xxl\">The foundation of the Loretto Monastery<\/h2>\t\t\t\t<\/div>\n\t\t\t\t<\/div>\n\t\t\t\t\t<\/div>\n\t\t<\/div>\n\t\t\t\t\t<\/div>\n\t\t<\/section>\n\t\t\t\t\t<\/div>\n\t\t<\/div>\n\t\t\t\t<div class=\"elementor-column elementor-col-50 elementor-top-column elementor-element elementor-element-f321a06\" data-id=\"f321a06\" data-element_type=\"column\" data-e-type=\"column\">\n\t\t\t<div class=\"elementor-widget-wrap elementor-element-populated\">\n\t\t\t\t\t\t<div class=\"elementor-element elementor-element-ea39449 elementor-hidden-phone animated-slow elementor-invisible elementor-widget elementor-widget-image\" data-id=\"ea39449\" data-element_type=\"widget\" data-e-type=\"widget\" data-settings=\"{&quot;_animation&quot;:&quot;fadeIn&quot;}\" data-widget_type=\"image.default\">\n\t\t\t\t<div class=\"elementor-widget-container\">\n\t\t\t\t\t\t\t\t\t\t\t\t\t\t\t<img decoding=\"async\" src=\"https:\/\/st-andrae.info\/wp-content\/uploads\/elementor\/thumbs\/loreto-pnug8u1u6oytkhg24r30jg6974c0hwclbz80imctic.jpg\" title=\"loreto\" alt=\"loreto\" loading=\"lazy\" \/>\t\t\t\t\t\t\t\t\t\t\t\t\t\t\t<\/div>\n\t\t\t\t<\/div>\n\t\t\t\t\t<\/div>\n\t\t<\/div>\n\t\t\t\t\t<\/div>\n\t\t<\/section>\n\t\t\t\t<section class=\"elementor-section elementor-top-section elementor-element elementor-element-1bb4598 elementor-section-content-middle elementor-section-boxed elementor-section-height-default elementor-section-height-default\" data-id=\"1bb4598\" data-element_type=\"section\" data-e-type=\"section\" data-settings=\"{&quot;background_background&quot;:&quot;classic&quot;}\">\n\t\t\t\t\t\t<div class=\"elementor-container elementor-column-gap-no\">\n\t\t\t\t\t<div class=\"elementor-column elementor-col-100 elementor-top-column elementor-element elementor-element-db41451\" data-id=\"db41451\" data-element_type=\"column\" data-e-type=\"column\">\n\t\t\t<div class=\"elementor-widget-wrap elementor-element-populated\">\n\t\t\t\t\t\t<section class=\"elementor-section elementor-inner-section elementor-element elementor-element-83ef96c elementor-section-boxed elementor-section-height-default elementor-section-height-default elementor-invisible\" data-id=\"83ef96c\" data-element_type=\"section\" data-e-type=\"section\" data-settings=\"{&quot;background_background&quot;:&quot;classic&quot;,&quot;animation&quot;:&quot;fadeInLeft&quot;}\">\n\t\t\t\t\t\t<div class=\"elementor-container elementor-column-gap-wide\">\n\t\t\t\t\t<div class=\"elementor-column elementor-col-50 elementor-inner-column elementor-element elementor-element-1e00db3\" data-id=\"1e00db3\" data-element_type=\"column\" data-e-type=\"column\">\n\t\t\t<div class=\"elementor-widget-wrap elementor-element-populated\">\n\t\t\t\t\t\t<div class=\"elementor-element elementor-element-f5e79ad elementor-widget elementor-widget-heading\" data-id=\"f5e79ad\" data-element_type=\"widget\" data-e-type=\"widget\" data-widget_type=\"heading.default\">\n\t\t\t\t<div class=\"elementor-widget-container\">\n\t\t\t\t\t<h3 class=\"elementor-heading-title elementor-size-xl\">1665<\/h3>\t\t\t\t<\/div>\n\t\t\t\t<\/div>\n\t\t\t\t\t<\/div>\n\t\t<\/div>\n\t\t\t\t<div class=\"elementor-column elementor-col-50 elementor-inner-column elementor-element elementor-element-3cd9a50\" data-id=\"3cd9a50\" data-element_type=\"column\" data-e-type=\"column\">\n\t\t\t<div class=\"elementor-widget-wrap elementor-element-populated\">\n\t\t\t\t\t\t<div class=\"elementor-element elementor-element-b4689ae elementor-widget elementor-widget-text-editor\" data-id=\"b4689ae\" data-element_type=\"widget\" data-e-type=\"widget\" data-widget_type=\"text-editor.default\">\n\t\t\t\t<div class=\"elementor-widget-container\">\n\t\t\t\t\t\t\t\t\t<p><br \/>The Prioress of the Dominican convent in Mahrenberg on the Drava (Slovenia), Maria Johanna Linzer, wished to establish a Dominican convent at the Loreto Chapel in St. Andr\u00e4. The monastery in Mahrenberg also belonged to the Diocese of Lavant. The construction of the monastery was then started with significant financial difficulties and was completed in 1665. In the same year, the monastery could be occupied and operated under the Prince-Bishop of Lavant, Sebastian Count von P\u00f6tting from Mahrenberg.<\/p>\t\t\t\t\t\t\t\t<\/div>\n\t\t\t\t<\/div>\n\t\t\t\t\t<\/div>\n\t\t<\/div>\n\t\t\t\t\t<\/div>\n\t\t<\/section>\n\t\t\t\t<section class=\"elementor-section elementor-inner-section elementor-element elementor-element-71f1acd elementor-reverse-mobile elementor-section-boxed elementor-section-height-default elementor-section-height-default elementor-invisible\" data-id=\"71f1acd\" data-element_type=\"section\" data-e-type=\"section\" data-settings=\"{&quot;background_background&quot;:&quot;classic&quot;,&quot;animation&quot;:&quot;fadeInRight&quot;}\">\n\t\t\t\t\t\t<div class=\"elementor-container elementor-column-gap-wide\">\n\t\t\t\t\t<div class=\"elementor-column elementor-col-50 elementor-inner-column elementor-element elementor-element-b4aeef4\" data-id=\"b4aeef4\" data-element_type=\"column\" data-e-type=\"column\">\n\t\t\t<div class=\"elementor-widget-wrap elementor-element-populated\">\n\t\t\t\t\t\t<div class=\"elementor-element elementor-element-ca9fa29 elementor-widget elementor-widget-text-editor\" data-id=\"ca9fa29\" data-element_type=\"widget\" data-e-type=\"widget\" data-widget_type=\"text-editor.default\">\n\t\t\t\t<div class=\"elementor-widget-container\">\n\t\t\t\t\t\t\t\t\t<p>The sisters operated a girls' boarding school and a retirement home for women. Later, they also served in the Loreto Church.<br \/>The Dominican convent was dissolved on March 17, 1782, by Emperor Franz Joseph II through a court decree. The protest of the Prince-Bishop of Lavant, Vinzenz Josef Graf von Schrattenbach, to the Emperor was unsuccessful. After 117 years of beneficial activity for the city, the Dominican sisters had to leave St. Andr\u00e4. They found asylum, refuge, and accommodation with the Sisters of Saint Elizabeth in Klagenfurt. The Religious Fund took possession of the convent building.<\/p>\t\t\t\t\t\t\t\t<\/div>\n\t\t\t\t<\/div>\n\t\t\t\t\t<\/div>\n\t\t<\/div>\n\t\t\t\t<div class=\"elementor-column elementor-col-50 elementor-inner-column elementor-element elementor-element-f4e0cae\" data-id=\"f4e0cae\" data-element_type=\"column\" data-e-type=\"column\">\n\t\t\t<div class=\"elementor-widget-wrap elementor-element-populated\">\n\t\t\t\t\t\t<div class=\"elementor-element elementor-element-7870ac7 elementor-widget elementor-widget-heading\" data-id=\"7870ac7\" data-element_type=\"widget\" data-e-type=\"widget\" data-widget_type=\"heading.default\">\n\t\t\t\t<div class=\"elementor-widget-container\">\n\t\t\t\t\t<h3 class=\"elementor-heading-title elementor-size-xl\">1782<\/h3>\t\t\t\t<\/div>\n\t\t\t\t<\/div>\n\t\t\t\t\t<\/div>\n\t\t<\/div>\n\t\t\t\t\t<\/div>\n\t\t<\/section>\n\t\t\t\t<section class=\"elementor-section elementor-inner-section elementor-element elementor-element-41b4085 elementor-section-boxed elementor-section-height-default elementor-section-height-default elementor-invisible\" data-id=\"41b4085\" data-element_type=\"section\" data-e-type=\"section\" data-settings=\"{&quot;background_background&quot;:&quot;classic&quot;,&quot;animation&quot;:&quot;fadeInLeft&quot;}\">\n\t\t\t\t\t\t<div class=\"elementor-container elementor-column-gap-wide\">\n\t\t\t\t\t<div class=\"elementor-column elementor-col-50 elementor-inner-column elementor-element elementor-element-c5d7c19\" data-id=\"c5d7c19\" data-element_type=\"column\" data-e-type=\"column\">\n\t\t\t<div class=\"elementor-widget-wrap elementor-element-populated\">\n\t\t\t\t\t\t<div class=\"elementor-element elementor-element-68236ba elementor-widget elementor-widget-heading\" data-id=\"68236ba\" data-element_type=\"widget\" data-e-type=\"widget\" data-widget_type=\"heading.default\">\n\t\t\t\t<div class=\"elementor-widget-container\">\n\t\t\t\t\t<h3 class=\"elementor-heading-title elementor-size-xl\">1785<\/h3>\t\t\t\t<\/div>\n\t\t\t\t<\/div>\n\t\t\t\t\t<\/div>\n\t\t<\/div>\n\t\t\t\t<div class=\"elementor-column elementor-col-50 elementor-inner-column elementor-element elementor-element-e60d288\" data-id=\"e60d288\" data-element_type=\"column\" data-e-type=\"column\">\n\t\t\t<div class=\"elementor-widget-wrap elementor-element-populated\">\n\t\t\t\t\t\t<div class=\"elementor-element elementor-element-cda605d elementor-widget elementor-widget-text-editor\" data-id=\"cda605d\" data-element_type=\"widget\" data-e-type=\"widget\" data-widget_type=\"text-editor.default\">\n\t\t\t\t<div class=\"elementor-widget-container\">\n\t\t\t\t\t\t\t\t\t<p class=\"translation-block\">Around 1785, a teacher named Novak held classes in the former \"\u00e4rarischen Frauenkloster\" (state-owned women's convent). \"\u00c4rarisch\" is Latin and means belonging to the state treasury. \"\u00c4rarisches Frauenkloster\" translates to the nationalized women's convent. A citizen of St. Andr\u00e4 purchased the building and operated a brewery with beer service in the former convent. One building was even converted into a horse stable. The owner used the horses to provide the necessary draft services for wagons at that time.<\/p>\t\t\t\t\t\t\t\t<\/div>\n\t\t\t\t<\/div>\n\t\t\t\t\t<\/div>\n\t\t<\/div>\n\t\t\t\t\t<\/div>\n\t\t<\/section>\n\t\t\t\t<section class=\"elementor-section elementor-inner-section elementor-element elementor-element-d261080 elementor-reverse-mobile elementor-section-boxed elementor-section-height-default elementor-section-height-default elementor-invisible\" data-id=\"d261080\" data-element_type=\"section\" data-e-type=\"section\" data-settings=\"{&quot;background_background&quot;:&quot;classic&quot;,&quot;animation&quot;:&quot;fadeInRight&quot;}\">\n\t\t\t\t\t\t<div class=\"elementor-container elementor-column-gap-wide\">\n\t\t\t\t\t<div class=\"elementor-column elementor-col-50 elementor-inner-column elementor-element elementor-element-4e46d0c\" data-id=\"4e46d0c\" data-element_type=\"column\" data-e-type=\"column\">\n\t\t\t<div class=\"elementor-widget-wrap elementor-element-populated\">\n\t\t\t\t\t\t<div class=\"elementor-element elementor-element-ee0f3f2 elementor-widget elementor-widget-text-editor\" data-id=\"ee0f3f2\" data-element_type=\"widget\" data-e-type=\"widget\" data-widget_type=\"text-editor.default\">\n\t\t\t\t<div class=\"elementor-widget-container\">\n\t\t\t\t\t\t\t\t\t<p>In 1826, the roof of the building burned down, and the owner was unable to restore it. Consequently, the building fell into disrepair and became a ruin. The Elisabethinenverein, a social charitable association in St. Andr\u00e4, maintained and operated an impoverished work school here. Dr. Anna Vetter, the widow of a doctor, served as the head of this association or school in the years before 1880. She advocated for the establishment of a women's order in St. Andr\u00e4 to take over the school. The founder of the congregation \"Daughters of Divine Love\" (1868), Mother Franziska Lechner, came from the motherhouse in Vienna to St. Andr\u00e4 to inspect the house offered by the Elisabethinenverein. It did not meet her expectations. However, she saw the still powerful walls of the former Dominican convent and decided to renovate this convent building. A purchase agreement was immediately concluded with the then-owner, Mr. Franz Sotlat (6600 guilders). The construction work was entrusted to the builder Urbani from St. Paul and the master mason Pitaco from St. Andr\u00e4. The building was raised by one floor, giving rise to the new convent Maria Loretto of the \"Daughters of Divine Love,\" which the sisters moved into in October 1880.<\/p>\t\t\t\t\t\t\t\t<\/div>\n\t\t\t\t<\/div>\n\t\t\t\t\t<\/div>\n\t\t<\/div>\n\t\t\t\t<div class=\"elementor-column elementor-col-50 elementor-inner-column elementor-element elementor-element-3bcbb91\" data-id=\"3bcbb91\" data-element_type=\"column\" data-e-type=\"column\">\n\t\t\t<div class=\"elementor-widget-wrap elementor-element-populated\">\n\t\t\t\t\t\t<div class=\"elementor-element elementor-element-bf86c66 elementor-widget elementor-widget-heading\" data-id=\"bf86c66\" data-element_type=\"widget\" data-e-type=\"widget\" data-widget_type=\"heading.default\">\n\t\t\t\t<div class=\"elementor-widget-container\">\n\t\t\t\t\t<h3 class=\"elementor-heading-title elementor-size-xl\">1826 - 1880<\/h3>\t\t\t\t<\/div>\n\t\t\t\t<\/div>\n\t\t\t\t\t<\/div>\n\t\t<\/div>\n\t\t\t\t\t<\/div>\n\t\t<\/section>\n\t\t\t\t<section class=\"elementor-section elementor-inner-section elementor-element elementor-element-12f54c6 elementor-section-boxed elementor-section-height-default elementor-section-height-default elementor-invisible\" data-id=\"12f54c6\" data-element_type=\"section\" data-e-type=\"section\" data-settings=\"{&quot;background_background&quot;:&quot;classic&quot;,&quot;animation&quot;:&quot;fadeInLeft&quot;}\">\n\t\t\t\t\t\t<div class=\"elementor-container elementor-column-gap-wide\">\n\t\t\t\t\t<div class=\"elementor-column elementor-col-50 elementor-inner-column elementor-element elementor-element-016bb96\" data-id=\"016bb96\" data-element_type=\"column\" data-e-type=\"column\">\n\t\t\t<div class=\"elementor-widget-wrap elementor-element-populated\">\n\t\t\t\t\t\t<div class=\"elementor-element elementor-element-bb00a19 elementor-widget elementor-widget-heading\" data-id=\"bb00a19\" data-element_type=\"widget\" data-e-type=\"widget\" data-widget_type=\"heading.default\">\n\t\t\t\t<div class=\"elementor-widget-container\">\n\t\t\t\t\t<h3 class=\"elementor-heading-title elementor-size-xl\">1888<\/h3>\t\t\t\t<\/div>\n\t\t\t\t<\/div>\n\t\t\t\t\t<\/div>\n\t\t<\/div>\n\t\t\t\t<div class=\"elementor-column elementor-col-50 elementor-inner-column elementor-element elementor-element-f433883\" data-id=\"f433883\" data-element_type=\"column\" data-e-type=\"column\">\n\t\t\t<div class=\"elementor-widget-wrap elementor-element-populated\">\n\t\t\t\t\t\t<div class=\"elementor-element elementor-element-0a5bd6e elementor-widget elementor-widget-text-editor\" data-id=\"0a5bd6e\" data-element_type=\"widget\" data-e-type=\"widget\" data-widget_type=\"text-editor.default\">\n\t\t\t\t<div class=\"elementor-widget-container\">\n\t\t\t\t\t\t\t\t\t<p>In 1888, the convent was able to acquire the adjacent \"Fuchshube.\" The proceeds from this exemplary managed agriculture serve to sustain the convent's self-sufficiency.<\/p>\t\t\t\t\t\t\t\t<\/div>\n\t\t\t\t<\/div>\n\t\t\t\t\t<\/div>\n\t\t<\/div>\n\t\t\t\t\t<\/div>\n\t\t<\/section>\n\t\t\t\t<section class=\"elementor-section elementor-inner-section elementor-element elementor-element-190a985 elementor-section-boxed elementor-section-height-default elementor-section-height-default elementor-invisible\" data-id=\"190a985\" data-element_type=\"section\" data-e-type=\"section\" data-settings=\"{&quot;background_background&quot;:&quot;classic&quot;,&quot;animation&quot;:&quot;fadeInUp&quot;}\">\n\t\t\t\t\t\t<div class=\"elementor-container elementor-column-gap-wide\">\n\t\t\t\t\t<div class=\"elementor-column elementor-col-100 elementor-inner-column elementor-element elementor-element-e6f29e7\" data-id=\"e6f29e7\" data-element_type=\"column\" data-e-type=\"column\">\n\t\t\t<div class=\"elementor-widget-wrap elementor-element-populated\">\n\t\t\t\t\t\t<div class=\"elementor-element elementor-element-02c82a1 elementor-widget elementor-widget-heading\" data-id=\"02c82a1\" data-element_type=\"widget\" data-e-type=\"widget\" data-widget_type=\"heading.default\">\n\t\t\t\t<div class=\"elementor-widget-container\">\n\t\t\t\t\t<h2 class=\"elementor-heading-title elementor-size-default\">Die Klosterschule Maria Loretto<\/h2>\t\t\t\t<\/div>\n\t\t\t\t<\/div>\n\t\t\t\t<div class=\"elementor-element elementor-element-a3f1e2b elementor-widget elementor-widget-text-editor\" data-id=\"a3f1e2b\" data-element_type=\"widget\" data-e-type=\"widget\" data-widget_type=\"text-editor.default\">\n\t\t\t\t<div class=\"elementor-widget-container\">\n\t\t\t\t\t\t\t\t\t<p>In 1880, the Sisters of the Congregation \"Daughters of Divine Love\" took up residence in the convent Maria Loretto in St. Andr\u00e4, marking the beginning of a new era. In October 1880, a kindergarten and a vocational school for girls were already opened. Just one month later, in November, the private girls' elementary school with an attached girls' boarding school commenced its operation. Three years later, in 1883, the girls' elementary school obtained public recognition. Around the turn of the century, the citizens of the city gladly sent their children to this now highly esteemed convent school. Pupils from the entire Lavant Valley were admitted to the boarding school, as well as from various locations in Carinthia. Affluent citizens, senior government officials from the monarchy (Trieste, Gorizia, and other cities) sent their daughters for education to the Maria Loretto Convent School. At times, 60 girls were accommodated in the boarding school. Even during this period, the students at the private elementary school Maria Loretto were taught subjects of the secondary school, but they had to undergo a final examination at a state secondary school in Klagenfurt. In 1920, the Sisters finally obtained permission to run a secondary school. In 1926, the convent's secondary school obtained public recognition. In 1927, the secondary school became a junior high school. With the school year 1927\/28, a single-track junior high school was opened. After the \"Anschluss\" of Austria to the German Reich in 1938, the School Sisters of the convent were forbidden to run a school, and public recognition was revoked. The Sisters were allowed to stay in the convent, and their property was not expropriated, unlike that of the Jesuits. The school premises were taken over by a state-run junior high school through a lease agreement between the convent and the municipality. <br \/><br \/>In November 1945, after the end of World War II, the Sisters were able to resume school operations. Public recognition was regained in August 1946. After the war, the number of students increased significantly, and boys were also admitted. The school space became insufficient, leading to the decision to construct an annex. In 1963, a two-story annex to the convent was completed, providing space for the kindergarten, school, and boarding school. In 1966, the Sisters also opened a home economics school, where the newly introduced 9th grade (Polytechnic Course) could be completed. Three years later, in 1969, the Sisters obtained public recognition for this new type of school as well. Since September 1979, in addition to the one-year home economics course originating from the vocational school, a two-year course for disabled girls has been offered. The Carinthian State Government assigns girls to this school.<br \/><br \/>The kindergarten became too small again, prompting the decision to construct a new building. The inauguration of the modernly equipped kindergarten took place in September 1979. Since its founding in 1880, several thousand young people have attended Maria Loretto Convent School. The school's good reputation is based on the solid impartation of essential life knowledge, the esteemed household education of girls, as well as their ethical, humanitarian, and Christian upbringing. The annual student reunions bear witness to the loyalty and grateful connection of former students to Maria Loretto Convent.<\/p>\t\t\t\t\t\t\t\t<\/div>\n\t\t\t\t<\/div>\n\t\t\t\t<div class=\"elementor-element elementor-element-b9e85cc elementor-widget elementor-widget-text-editor\" data-id=\"b9e85cc\" data-element_type=\"widget\" data-e-type=\"widget\" data-widget_type=\"text-editor.default\">\n\t\t\t\t<div class=\"elementor-widget-container\">\n\t\t\t\t\t\t\t\t\t<p>Since the academic year 2021\/2022, the new school \"LAVANTINUM\" with an innovative educational concept for students aged 6 to 15 is located there.<\/p>\t\t\t\t\t\t\t\t<\/div>\n\t\t\t\t<\/div>\n\t\t\t\t\t<\/div>\n\t\t<\/div>\n\t\t\t\t\t<\/div>\n\t\t<\/section>\n\t\t\t\t\t<\/div>\n\t\t<\/div>\n\t\t\t\t\t<\/div>\n\t\t<\/section>\n\t\t\t\t<\/div>","protected":false},"excerpt":{"rendered":"<p>Die Gr\u00fcndung des Klosters Loretto 1665 Die Priorin des Dominikanerinnenklosters von Mahrenberg an der Drau (SLO), Maria Johanna Linzer, w\u00fcnschte sich, bei der Loretokapelle in St. Andr\u00e4 ein Dominikanerinnenkloster zu gr\u00fcnden. Das Kloster in Mahrenberg geh\u00f6rte auch zur Di\u00f6zese Lavant. Der Klosterbau wurde alsdann mit gro\u00dfen finanziellen Schwierigkeiten begonnen und wurde 1665 vollendet. In demselben &hellip;<\/p>","protected":false},"author":1,"featured_media":0,"parent":7121,"menu_order":0,"comment_status":"closed","ping_status":"closed","template":"elementor_header_footer","meta":{"footnotes":""},"class_list":["post-7249","page","type-page","status-publish","hentry"],"_links":{"self":[{"href":"https:\/\/st-andrae.info\/en\/wp-json\/wp\/v2\/pages\/7249","targetHints":{"allow":["GET"]}}],"collection":[{"href":"https:\/\/st-andrae.info\/en\/wp-json\/wp\/v2\/pages"}],"about":[{"href":"https:\/\/st-andrae.info\/en\/wp-json\/wp\/v2\/types\/page"}],"author":[{"embeddable":true,"href":"https:\/\/st-andrae.info\/en\/wp-json\/wp\/v2\/users\/1"}],"replies":[{"embeddable":true,"href":"https:\/\/st-andrae.info\/en\/wp-json\/wp\/v2\/comments?post=7249"}],"version-history":[{"count":0,"href":"https:\/\/st-andrae.info\/en\/wp-json\/wp\/v2\/pages\/7249\/revisions"}],"up":[{"embeddable":true,"href":"https:\/\/st-andrae.info\/en\/wp-json\/wp\/v2\/pages\/7121"}],"wp:attachment":[{"href":"https:\/\/st-andrae.info\/en\/wp-json\/wp\/v2\/media?parent=7249"}],"curies":[{"name":"wp","href":"https:\/\/api.w.org\/{rel}","templated":true}]}}