{"id":7283,"date":"2022-03-25T12:31:06","date_gmt":"2022-03-25T11:31:06","guid":{"rendered":"https:\/\/dev.alpsware.at\/hp12\/?page_id=7283"},"modified":"2022-04-19T12:11:56","modified_gmt":"2022-04-19T10:11:56","slug":"juwelen-unserer-kulturlandschaft","status":"publish","type":"page","link":"https:\/\/st-andrae.info\/en\/historische-bauwerke\/juwelen-unserer-kulturlandschaft\/","title":{"rendered":"Gems of our cultural landscape"},"content":{"rendered":"<div data-elementor-type=\"wp-page\" data-elementor-id=\"7283\" class=\"elementor elementor-7283\">\n\t\t\t\t\t\t<section class=\"elementor-section elementor-top-section elementor-element elementor-element-2ca174d elementor-section-boxed elementor-section-height-default elementor-section-height-default\" data-id=\"2ca174d\" data-element_type=\"section\" data-e-type=\"section\" data-settings=\"{&quot;background_background&quot;:&quot;classic&quot;}\">\n\t\t\t\t\t\t\t<div class=\"elementor-background-overlay\"><\/div>\n\t\t\t\t\t\t\t<div class=\"elementor-container elementor-column-gap-wide\">\n\t\t\t\t\t<div class=\"elementor-column elementor-col-33 elementor-top-column elementor-element elementor-element-4367fca\" data-id=\"4367fca\" data-element_type=\"column\" data-e-type=\"column\" data-settings=\"{&quot;background_background&quot;:&quot;classic&quot;}\">\n\t\t\t<div class=\"elementor-widget-wrap elementor-element-populated\">\n\t\t\t\t\t\t<div class=\"elementor-element elementor-element-26c2650 dekoline elementor-invisible elementor-widget elementor-widget-heading\" data-id=\"26c2650\" data-element_type=\"widget\" data-e-type=\"widget\" data-settings=\"{&quot;_animation&quot;:&quot;fadeInLeft&quot;}\" data-widget_type=\"heading.default\">\n\t\t\t\t<div class=\"elementor-widget-container\">\n\t\t\t\t\t<h2 class=\"elementor-heading-title elementor-size-xl\">Gems of our cultural landscape<\/h2>\t\t\t\t<\/div>\n\t\t\t\t<\/div>\n\t\t\t\t<div class=\"elementor-element elementor-element-0fe2220 elementor-invisible elementor-widget elementor-widget-heading\" data-id=\"0fe2220\" data-element_type=\"widget\" data-e-type=\"widget\" data-settings=\"{&quot;_animation&quot;:&quot;fadeInDown&quot;}\" data-widget_type=\"heading.default\">\n\t\t\t\t<div class=\"elementor-widget-container\">\n\t\t\t\t\t<h4 class=\"elementor-heading-title elementor-size-default\">Numerous small monuments and field monuments in our municipality, such as chapels, wayside shrines, wayside crosses, monuments from trade, agriculture and industry, grain bins, mills, barns with beautiful brick lattice windows, memorials, wells and spring sanctuaries, etc. have been recorded, located and digitised by Ms Monika Gschwandner-Elkins from the Carinthian Education Centre and are accessible to the public on the homepage www.kleindenkmaeler.at.\n<br><br>\n\n\nIn contrast to churches, castles and palaces, these often go unnoticed in our beautiful cultural landscape. In a great variety of forms, they remind us of historical events, natural disasters or strokes of fate - they are an expression of deeply rooted popular piety and are valuable local testimonies. They are the cultural history of our country turned into image and stone.\n<\/h4>\t\t\t\t<\/div>\n\t\t\t\t<\/div>\n\t\t\t\t<div class=\"elementor-element elementor-element-67cc02c elementor-align-left elementor-widget__width-auto elementor-invisible elementor-widget elementor-widget-button\" data-id=\"67cc02c\" data-element_type=\"widget\" data-e-type=\"widget\" data-settings=\"{&quot;_animation&quot;:&quot;fadeInLeft&quot;}\" data-widget_type=\"button.default\">\n\t\t\t\t<div class=\"elementor-widget-container\">\n\t\t\t\t\t\t\t\t\t<div class=\"elementor-button-wrapper\">\n\t\t\t\t\t<a class=\"elementor-button elementor-button-link elementor-size-sm\" href=\"http:\/\/www.kleindenkmaeler.at\/suche\/result\/0\/0\/0\/467\" rel=\"nofollow\">\n\t\t\t\t\t\t<span class=\"elementor-button-content-wrapper\">\n\t\t\t\t\t\t\t\t\t<span class=\"elementor-button-text\">To the website<\/span>\n\t\t\t\t\t<\/span>\n\t\t\t\t\t<\/a>\n\t\t\t\t<\/div>\n\t\t\t\t\t\t\t\t<\/div>\n\t\t\t\t<\/div>\n\t\t\t\t\t<\/div>\n\t\t<\/div>\n\t\t\t\t<div class=\"elementor-column elementor-col-33 elementor-top-column elementor-element elementor-element-632138d\" data-id=\"632138d\" data-element_type=\"column\" data-e-type=\"column\">\n\t\t\t<div class=\"elementor-widget-wrap\">\n\t\t\t\t\t\t\t<\/div>\n\t\t<\/div>\n\t\t\t\t<div class=\"elementor-column elementor-col-33 elementor-top-column elementor-element elementor-element-5b897bd\" data-id=\"5b897bd\" data-element_type=\"column\" data-e-type=\"column\">\n\t\t\t<div class=\"elementor-widget-wrap\">\n\t\t\t\t\t\t\t<\/div>\n\t\t<\/div>\n\t\t\t\t\t<\/div>\n\t\t<\/section>\n\t\t\t\t<section class=\"elementor-section elementor-top-section elementor-element elementor-element-3de555e elementor-section-boxed elementor-section-height-default elementor-section-height-default\" data-id=\"3de555e\" data-element_type=\"section\" data-e-type=\"section\">\n\t\t\t\t\t\t<div class=\"elementor-container elementor-column-gap-default\">\n\t\t\t\t\t<div class=\"elementor-column elementor-col-100 elementor-top-column elementor-element elementor-element-7de8027\" data-id=\"7de8027\" data-element_type=\"column\" data-e-type=\"column\">\n\t\t\t<div class=\"elementor-widget-wrap elementor-element-populated\">\n\t\t\t\t\t\t<div class=\"elementor-element elementor-element-fe87f70 elementor-widget elementor-widget-spacer\" data-id=\"fe87f70\" data-element_type=\"widget\" data-e-type=\"widget\" data-widget_type=\"spacer.default\">\n\t\t\t\t<div class=\"elementor-widget-container\">\n\t\t\t\t\t\t\t<div class=\"elementor-spacer\">\n\t\t\t<div class=\"elementor-spacer-inner\"><\/div>\n\t\t<\/div>\n\t\t\t\t\t\t<\/div>\n\t\t\t\t<\/div>\n\t\t\t\t\t<\/div>\n\t\t<\/div>\n\t\t\t\t\t<\/div>\n\t\t<\/section>\n\t\t\t\t<\/div>","protected":false},"excerpt":{"rendered":"<p>Juwelen unserer Kulturlandschaft Zahlreiche in unserer Gemeinde befindlichen Klein- und Flurdenkm\u00e4ler, wie Kapellen, Bildst\u00f6cke, Wegkreuze, Denkm\u00e4ler aus Gewerbe, Landwirtschaft und Industrie, Getreidek\u00e4sten, M\u00fchlen, Stadel mit sch\u00f6nen Ziegelgitterfenstern, Mahnmale, Brunnen und Quellheiligt\u00fcmer usw. wurden von Frau Monika Gschwandner-Elkins vom K\u00e4rntner Bildungswerk fl\u00e4chendeckend erfasst, verortet und digitalisiert und sind auf der Homepage www.kleindenkmaeler.at der \u00d6ffentlichkeit zug\u00e4nglich. Im &hellip;<\/p>","protected":false},"author":1,"featured_media":0,"parent":7121,"menu_order":0,"comment_status":"closed","ping_status":"closed","template":"elementor_header_footer","meta":{"footnotes":""},"class_list":["post-7283","page","type-page","status-publish","hentry"],"_links":{"self":[{"href":"https:\/\/st-andrae.info\/en\/wp-json\/wp\/v2\/pages\/7283","targetHints":{"allow":["GET"]}}],"collection":[{"href":"https:\/\/st-andrae.info\/en\/wp-json\/wp\/v2\/pages"}],"about":[{"href":"https:\/\/st-andrae.info\/en\/wp-json\/wp\/v2\/types\/page"}],"author":[{"embeddable":true,"href":"https:\/\/st-andrae.info\/en\/wp-json\/wp\/v2\/users\/1"}],"replies":[{"embeddable":true,"href":"https:\/\/st-andrae.info\/en\/wp-json\/wp\/v2\/comments?post=7283"}],"version-history":[{"count":0,"href":"https:\/\/st-andrae.info\/en\/wp-json\/wp\/v2\/pages\/7283\/revisions"}],"up":[{"embeddable":true,"href":"https:\/\/st-andrae.info\/en\/wp-json\/wp\/v2\/pages\/7121"}],"wp:attachment":[{"href":"https:\/\/st-andrae.info\/en\/wp-json\/wp\/v2\/media?parent=7283"}],"curies":[{"name":"wp","href":"https:\/\/api.w.org\/{rel}","templated":true}]}}