{"id":9059,"date":"2023-02-13T18:01:26","date_gmt":"2023-02-13T17:01:26","guid":{"rendered":"https:\/\/st-andrae.info\/?page_id=9059"},"modified":"2023-02-13T18:09:49","modified_gmt":"2023-02-13T17:09:49","slug":"die-stadt-als-galerie-vernissage-11","status":"publish","type":"page","link":"https:\/\/st-andrae.info\/en\/galerie-ii-archiv\/die-stadt-als-galerie-vernissage-11\/","title":{"rendered":"Die Stadt als Galerie &#8211; Vernissage 11"},"content":{"rendered":"<p>25.09.2015<\/p>\n\n\n\n<p><strong><em>Ausstellung &#8211; Doris Libiseller &amp; Klaus Hollauf<\/em><\/strong><\/p>\n\n\n\n<p>Ausstellungsdauer: &nbsp;26. September bis 13. November 2015<br>Er\u00f6ffnung: &nbsp;&nbsp;Freitag, 25. September 2015, 18.30 Uhr&nbsp;<\/p>\n\n\n\n<figure class=\"wp-block-image size-full\"><a href=\"https:\/\/st-andrae.info\/wp-content\/uploads\/2023\/02\/DL3.jpg\"><img fetchpriority=\"high\" decoding=\"async\" width=\"400\" height=\"400\" src=\"https:\/\/st-andrae.info\/wp-content\/uploads\/2023\/02\/DL3.jpg\" alt=\"\" class=\"wp-image-9089\" srcset=\"https:\/\/st-andrae.info\/wp-content\/uploads\/2023\/02\/DL3.jpg 400w, https:\/\/st-andrae.info\/wp-content\/uploads\/2023\/02\/DL3-300x300.jpg 300w, https:\/\/st-andrae.info\/wp-content\/uploads\/2023\/02\/DL3-150x150.jpg 150w\" sizes=\"(max-width: 400px) 100vw, 400px\" \/><\/a><\/figure>\n\n\n\n<hr class=\"wp-block-separator has-alpha-channel-opacity\"\/>\n\n\n\n<figure class=\"wp-block-image size-full\"><a href=\"https:\/\/st-andrae.info\/wp-content\/uploads\/2023\/02\/DL4.jpg\"><img decoding=\"async\" width=\"400\" height=\"400\" src=\"https:\/\/st-andrae.info\/wp-content\/uploads\/2023\/02\/DL4.jpg\" alt=\"\" class=\"wp-image-9088\" srcset=\"https:\/\/st-andrae.info\/wp-content\/uploads\/2023\/02\/DL4.jpg 400w, https:\/\/st-andrae.info\/wp-content\/uploads\/2023\/02\/DL4-300x300.jpg 300w, https:\/\/st-andrae.info\/wp-content\/uploads\/2023\/02\/DL4-150x150.jpg 150w\" sizes=\"(max-width: 400px) 100vw, 400px\" \/><\/a><\/figure>\n\n\n\n<p><strong><em>Doris Libiseller<\/em><\/strong><br>&nbsp;<br>In Wolfsberg geboren, aufgewachsen in der Gemeinde St. Georgen im Lavanttal. Nach Ausbildung an der Landesfachschule f\u00fcr Keramik und Ofenbau im burgenl\u00e4ndischen Stoob ist sie seit 1993 als freischaffende K\u00fcnstlerin t\u00e4tig. Doris Libiseller lebt und arbeitet heute in Pottenstein\/Nieder\u00f6sterreich.<br>&nbsp;\u201eDoris Libiseller kennt als ausgebildete Keramikerin alle M\u00f6glichkeiten des Handwerkes. Das Experiment und die kreative Suche nach immer neuen Wirkungen geh\u00f6ren zu ihrem k\u00fcnstlerischen Selbstverst\u00e4ndnis. Die archaische Anmutung ihrer Arbeiten gelingt, indem unglasierte Stellen durch Reduktionsbrand die typisch dunkle F\u00e4rbung erhalten und vor allem Rauch und Feuer nach mehrt\u00e4gigen Prozessen die Oberfl\u00e4che der Figuren und Objekte \u201ezeichnen\u201c. Doris Libiseller hat ein zentrales Ziel niemals aus den Augen verloren: Sie m\u00f6chte die bildhauerische Komponente des Materials Ton aufzeigen, die Keramik ist dabei Mittel zum Zweck.<br>In ihrer Besch\u00e4ftigung mit der menschlichen Figur versucht Doris Libiseller ihre Version des Menschenbildes \u2013 als Doppelnatur interpretiert \u2013 Ausdruck zu verleihen. Ihre Suche nach stets neuer Formensprache best\u00e4tigen die geschlossen und klar gestalteten, nicht-figurativen \u201eUrformen\u201c wie Scheiben, Schilder, Fruchtst\u00e4be und H\u00f6rner.\u201c (Igor Pucker)<\/p>\n\n\n\n<hr class=\"wp-block-separator has-alpha-channel-opacity\"\/>\n\n\n\n<figure class=\"wp-block-image size-full\"><a href=\"https:\/\/st-andrae.info\/wp-content\/uploads\/2023\/02\/KH1.jpg\"><img decoding=\"async\" width=\"400\" height=\"564\" src=\"https:\/\/st-andrae.info\/wp-content\/uploads\/2023\/02\/KH1.jpg\" alt=\"\" class=\"wp-image-9087\" srcset=\"https:\/\/st-andrae.info\/wp-content\/uploads\/2023\/02\/KH1.jpg 400w, https:\/\/st-andrae.info\/wp-content\/uploads\/2023\/02\/KH1-213x300.jpg 213w\" sizes=\"(max-width: 400px) 100vw, 400px\" \/><\/a><\/figure>\n\n\n\n<hr class=\"wp-block-separator has-alpha-channel-opacity\"\/>\n\n\n\n<figure class=\"wp-block-image size-full\"><a href=\"https:\/\/st-andrae.info\/wp-content\/uploads\/2023\/02\/KH2.jpg\"><img loading=\"lazy\" decoding=\"async\" width=\"400\" height=\"281\" src=\"https:\/\/st-andrae.info\/wp-content\/uploads\/2023\/02\/KH2.jpg\" alt=\"\" class=\"wp-image-9086\" srcset=\"https:\/\/st-andrae.info\/wp-content\/uploads\/2023\/02\/KH2.jpg 400w, https:\/\/st-andrae.info\/wp-content\/uploads\/2023\/02\/KH2-300x211.jpg 300w\" sizes=\"(max-width: 400px) 100vw, 400px\" \/><\/a><\/figure>\n\n\n\n<p><strong><em>Klaus Hollauf<\/em><\/strong><br>&nbsp;<br>In Wolfsberg geboren, Absolvent des Gymnasiums in Tanzenberg, Studium an der Hochschule Mozarteum, Klasse f\u00fcr Malerei bei Prof. Peter Prandstetter, 1984 F\u00f6rderungspreis der Salzburger Landesregierung, Mitglied des Salzburger, K\u00e4rntner und Badener Kunstvereins.<br>&nbsp;<br>\u201eKlaus Hollauf ist frei aller Versuchung, die Erscheinungsformen dieser Welt mit seinen malerischen Mitteln beherrschen zu wollen, vielmehr versucht er in wiederholenden Malvorg\u00e4ngen sich den Dingen dieser Welt anzun\u00e4hern, vielmehr vermag er \u2013 mit zielgerichteter Dynamik und sensibel-wuchtvoll gesetztem Formwillen , das Moment des Unerwarteten und \u00dcberraschenden stets zu bewahren.<br>Dabei ist die menschliche Figur das zentrale Anliegen des in hohem Ma\u00dfe spirituell bestimmten Strebens, die menschliche Existenz mit ihren H\u00f6hen und Tiefen anzunehmen und zu durchleben. In konzentrierten Arbeitsschritten sch\u00f6pft er aus der Stille und entwickelt auf seinen Malgr\u00fcnden eine graphische Komponente, deren verzerrte K\u00f6rperproportionen und flirrend kurvige Strichf\u00fchrung zum Sprachvokabular seiner psychologischen Studien der menschlichen Grenzerfahrung werden.\u201c (Igor Pucker)<br>&nbsp;<br>Erstmals zeigen Doris Libiseller und Klaus Hollauf auch einige gemeinsam gestaltete Arbeiten in der Verschr\u00e4nkung von Malerei und figurativen Objekten und erdhaft kontrastierender Farbigkeit.&nbsp;&nbsp;&nbsp;&nbsp;&nbsp;&nbsp;&nbsp;&nbsp;&nbsp;&nbsp;&nbsp;&nbsp;&nbsp;&nbsp;<\/p>","protected":false},"excerpt":{"rendered":"<p>25.09.2015 Ausstellung &#8211; Doris Libiseller &amp; Klaus Hollauf Ausstellungsdauer: &nbsp;26. September bis 13. November 2015Er\u00f6ffnung: &nbsp;&nbsp;Freitag, 25. September 2015, 18.30 Uhr&nbsp; Doris Libiseller&nbsp;In Wolfsberg geboren, aufgewachsen in der Gemeinde St. Georgen im Lavanttal. Nach Ausbildung an der Landesfachschule f\u00fcr Keramik und Ofenbau im burgenl\u00e4ndischen Stoob ist sie seit 1993 als freischaffende K\u00fcnstlerin t\u00e4tig. Doris Libiseller &hellip;<\/p>","protected":false},"author":1,"featured_media":0,"parent":8969,"menu_order":0,"comment_status":"closed","ping_status":"closed","template":"","meta":{"footnotes":""},"class_list":["post-9059","page","type-page","status-publish","hentry"],"_links":{"self":[{"href":"https:\/\/st-andrae.info\/en\/wp-json\/wp\/v2\/pages\/9059","targetHints":{"allow":["GET"]}}],"collection":[{"href":"https:\/\/st-andrae.info\/en\/wp-json\/wp\/v2\/pages"}],"about":[{"href":"https:\/\/st-andrae.info\/en\/wp-json\/wp\/v2\/types\/page"}],"author":[{"embeddable":true,"href":"https:\/\/st-andrae.info\/en\/wp-json\/wp\/v2\/users\/1"}],"replies":[{"embeddable":true,"href":"https:\/\/st-andrae.info\/en\/wp-json\/wp\/v2\/comments?post=9059"}],"version-history":[{"count":0,"href":"https:\/\/st-andrae.info\/en\/wp-json\/wp\/v2\/pages\/9059\/revisions"}],"up":[{"embeddable":true,"href":"https:\/\/st-andrae.info\/en\/wp-json\/wp\/v2\/pages\/8969"}],"wp:attachment":[{"href":"https:\/\/st-andrae.info\/en\/wp-json\/wp\/v2\/media?parent=9059"}],"curies":[{"name":"wp","href":"https:\/\/api.w.org\/{rel}","templated":true}]}}