{"id":9063,"date":"2023-02-13T18:01:46","date_gmt":"2023-02-13T17:01:46","guid":{"rendered":"https:\/\/st-andrae.info\/?page_id=9063"},"modified":"2023-02-13T18:10:52","modified_gmt":"2023-02-13T17:10:52","slug":"die-stadt-als-galerie-vernissage-9","status":"publish","type":"page","link":"https:\/\/st-andrae.info\/en\/galerie-ii-archiv\/die-stadt-als-galerie-vernissage-9\/","title":{"rendered":"Die Stadt als Galerie &#8211; Vernissage 9"},"content":{"rendered":"<p><strong>Kunst gibt nicht das Sichtbare wieder, sondern macht sichtbar!<\/strong><\/p>\n\n\n\n<figure class=\"wp-block-image size-full\"><a href=\"https:\/\/st-andrae.info\/wp-content\/uploads\/2023\/02\/DSCN1139.jpg\"><img fetchpriority=\"high\" decoding=\"async\" width=\"1000\" height=\"564\" src=\"https:\/\/st-andrae.info\/wp-content\/uploads\/2023\/02\/DSCN1139.jpg\" alt=\"\" class=\"wp-image-9098\" srcset=\"https:\/\/st-andrae.info\/wp-content\/uploads\/2023\/02\/DSCN1139.jpg 1000w, https:\/\/st-andrae.info\/wp-content\/uploads\/2023\/02\/DSCN1139-300x169.jpg 300w, https:\/\/st-andrae.info\/wp-content\/uploads\/2023\/02\/DSCN1139-768x433.jpg 768w\" sizes=\"(max-width: 1000px) 100vw, 1000px\" \/><\/a><\/figure>\n\n\n\n<p>Filzunikate vom Scheitel bis zur Sohle aus edlen Materialien wie Seide und&nbsp; Wolle, aber auch Accessoires werden von <strong>Claudia Janeschitz<\/strong> , Ma\u00df-, \u00c4nderungsschneiderin und <strong>Maria Truppe<\/strong>, pensionierte Kindergarten-, Hortp\u00e4dagogin aus Maria Elend im Rosental, hergestellt. Ihre Kreationen sind allesamt Unikate, die schon bei mehreren Ausstellungen im In- und Ausland pr\u00e4sentiert wurden. Die Modelle werden ausschlie\u00dflich nahtlos angefertigt, somit ist ein beidseitiges Tragen m\u00f6glich. Aufgewertet wird das Tragegef\u00fchl durch die Herzens- und Lebensenergie, die die K\u00fcnstlerinnen in jedes St\u00fcck einflie\u00dfen und den Tr\u00e4ger im wahrsten Sinn des Wortes nach au\u00dfen strahlen lassen. Das Angebot f\u00fcr Interessierte umfasst Hausschuhe, Handtaschen, Schals, Blusen, R\u00f6cke, Wickelt\u00fccher, Pongo\u00b4s, Kleider, Jacken, H\u00fcte, Stirnb\u00e4nder und noch vieles mehr.<\/p>\n\n\n\n<hr class=\"wp-block-separator has-alpha-channel-opacity\"\/>\n\n\n\n<figure class=\"wp-block-image size-full\"><a href=\"https:\/\/st-andrae.info\/wp-content\/uploads\/2023\/02\/IMG-1207.jpg\"><img decoding=\"async\" width=\"173\" height=\"381\" src=\"https:\/\/st-andrae.info\/wp-content\/uploads\/2023\/02\/IMG-1207.jpg\" alt=\"\" class=\"wp-image-9099\" srcset=\"https:\/\/st-andrae.info\/wp-content\/uploads\/2023\/02\/IMG-1207.jpg 173w, https:\/\/st-andrae.info\/wp-content\/uploads\/2023\/02\/IMG-1207-136x300.jpg 136w\" sizes=\"(max-width: 173px) 100vw, 173px\" \/><\/a><\/figure>\n\n\n\n<p><strong>MANUEL TSCHAS<\/strong><br><br>Fotografieren und N\u00e4hen \u2013 seit 2 Jahren<\/p>\n\n\n\n<p>sehr experimentell \u2013 arbeitet an verschiedenen Dingen \u2013 f\u00fchlt sich einfach zu vielen Sachen hingezogen \u2013 \u201eman lernt ja nie aus\u201c \u2013 zurzeit nicht nur auf eine Sache fixiert \u2013 seiner Meinung nach oft zu monoton \u2013 \u201eman verrennt sich oft in etwas\u201c \u2013 deshalb f\u00fcr alles offen \u2013 malt, bastelt, &nbsp;fotografiert, n\u00e4ht einfach so drauf los \u2013 f\u00fchlt sich sehr wohl dabei<\/p>\n\n\n\n<p><a href=\"https:\/\/picasaweb.google.com\/116905732083908928767\/Vernissage9?authkey=Gv1sRgCMKG28SUvILBhwE\">Zu den Bildern<\/a><\/p>","protected":false},"excerpt":{"rendered":"<p>Kunst gibt nicht das Sichtbare wieder, sondern macht sichtbar! Filzunikate vom Scheitel bis zur Sohle aus edlen Materialien wie Seide und&nbsp; Wolle, aber auch Accessoires werden von Claudia Janeschitz , Ma\u00df-, \u00c4nderungsschneiderin und Maria Truppe, pensionierte Kindergarten-, Hortp\u00e4dagogin aus Maria Elend im Rosental, hergestellt. Ihre Kreationen sind allesamt Unikate, die schon bei mehreren Ausstellungen im &hellip;<\/p>","protected":false},"author":1,"featured_media":0,"parent":8969,"menu_order":0,"comment_status":"closed","ping_status":"closed","template":"","meta":{"footnotes":""},"class_list":["post-9063","page","type-page","status-publish","hentry"],"_links":{"self":[{"href":"https:\/\/st-andrae.info\/en\/wp-json\/wp\/v2\/pages\/9063","targetHints":{"allow":["GET"]}}],"collection":[{"href":"https:\/\/st-andrae.info\/en\/wp-json\/wp\/v2\/pages"}],"about":[{"href":"https:\/\/st-andrae.info\/en\/wp-json\/wp\/v2\/types\/page"}],"author":[{"embeddable":true,"href":"https:\/\/st-andrae.info\/en\/wp-json\/wp\/v2\/users\/1"}],"replies":[{"embeddable":true,"href":"https:\/\/st-andrae.info\/en\/wp-json\/wp\/v2\/comments?post=9063"}],"version-history":[{"count":0,"href":"https:\/\/st-andrae.info\/en\/wp-json\/wp\/v2\/pages\/9063\/revisions"}],"up":[{"embeddable":true,"href":"https:\/\/st-andrae.info\/en\/wp-json\/wp\/v2\/pages\/8969"}],"wp:attachment":[{"href":"https:\/\/st-andrae.info\/en\/wp-json\/wp\/v2\/media?parent=9063"}],"curies":[{"name":"wp","href":"https:\/\/api.w.org\/{rel}","templated":true}]}}