{"id":9075,"date":"2023-02-13T18:03:07","date_gmt":"2023-02-13T17:03:07","guid":{"rendered":"https:\/\/st-andrae.info\/?page_id=9075"},"modified":"2023-02-13T18:14:10","modified_gmt":"2023-02-13T17:14:10","slug":"die-stadt-als-galerie-vernissage-3","status":"publish","type":"page","link":"https:\/\/st-andrae.info\/en\/galerie-ii-archiv\/die-stadt-als-galerie-vernissage-3\/","title":{"rendered":"Die Stadt als Galerie &#8211; Vernissage 3"},"content":{"rendered":"<figure class=\"wp-block-image size-full\"><a href=\"https:\/\/st-andrae.info\/wp-content\/uploads\/2023\/02\/head3.jpg\"><img decoding=\"async\" width=\"480\" height=\"96\" src=\"https:\/\/st-andrae.info\/wp-content\/uploads\/2023\/02\/head3.jpg\" alt=\"\" class=\"wp-image-9110\" srcset=\"https:\/\/st-andrae.info\/wp-content\/uploads\/2023\/02\/head3.jpg 480w, https:\/\/st-andrae.info\/wp-content\/uploads\/2023\/02\/head3-300x60.jpg 300w\" sizes=\"(max-width: 480px) 100vw, 480px\" \/><\/a><\/figure>\n\n\n\n<p>Beschreibung der ausstellenden K\u00fcnstler Stefan Kreuzer und Michael Dohr<\/p>\n\n\n\n<p><strong>Stefan Kreuzer<br><\/strong><a href=\"http:\/\/www.stefankreuzer.at\/\">www.stefankreuzer.at<\/a><br><br>Biographie<br>geboren 1981 in F\u00fcrstenfeldbruck, aufgewachsen in K\u00e4rnten, lebt und arbeitet in Wien&nbsp;<br>Ausbildung<\/p>\n\n\n\n<p>2009&nbsp;&nbsp;Diplom, Malerei, Klasse Univ.-Prof. akad. Malerin Johanna Kandl<br>2005 &#8211; 09&nbsp;Universit\u00e4t f\u00fcr angewandte Kunst Wien, Univ.-Prof. akad. Malerin Johanna Kandl&nbsp;<br>2003 &#8211; 05&nbsp;Universit\u00e4t f\u00fcr angewandte Kunst Wien, Univ.-Prof. akad. Maler Wolfgang Herzig<br><br>Einzelausstellungen<br>2014 MOE, \u201cNone The Less\u201c, Wien<br>2013 KELAG Schau-Kraftwerk Forstsee, &#8220;Black is the light that shines on my path&#8221;, K\u00e4rnten<br>2009 Kunstraum Praterstra\u00dfe 15 \u201cDie Suche nach dem Paradies\u201c, Wien<br>2007 Studio \u201cKreuzer Essenz\u201d, Wien<br>2007 Sodalitas \u201cHeimschau\u201d, Tainach, K\u00e4rnten<br>2006 Podium, \u201cO.T.\u201c Wien<br>2004 Celeste \u201cmalerei s.h.k.\u201d, Wien<br><br>Gruppenausstellungen<br>2013 Ausarten, \u201edas exponential\u201c, Wien<br>2012 mo.\u00eb, \u201cDimension Variable\u201c, Wien<br>2012 Das Gschwandner, &#8220;Die letzte Weltausstellung \/ Arche2012&#8221;, Wien<br>2012 Lange Nacht der Museen, Adil Besim, &#8220;Revolution on Carpets&#8221;, Klagenfurt, K\u00e4rnten<br>2012 Galerie3, &#8220;Konfrontationen V&#8221;, Klagenfurt, K\u00e4rnten<br>2011 mQ ZOOM, \u201cSeeding Art 2011\u201c,Wien<br>2011 K\u00fcnstlerhaus K\u00e4rnten, \u201cTransform 3\u201d, Klagenfurt, K\u00e4rnten<br>2011 Treibacher AG, \u201cBegegnung von Industrie und Kunst\u201d, Treibach Althofen, K\u00e4rnten<br>2011 Donaufestival, \u201cFlying Carpet Show Part II\u201c, Krems<br>2011 REART, \u201c4711\u201c, Wolfsberg, K\u00e4rnten<br>2010 Atelier Berndt, \u201cKlaus Hollauf \u2013 Kreuzer Stefan\u201c,Wolfsberg, K\u00e4rnten<br>2010 REART, \u201cWiesionen 2010\u201c, Wolfsberg, K\u00e4rnten<br>2009 Galerie Gr\u00fcnspan, \u201cExil &#8211; Auf der Suche nach dem verlorenen Paradies?\u201d, Feffernitz&nbsp;&nbsp;&nbsp;&nbsp;&nbsp;&nbsp;&nbsp;&nbsp;&nbsp;&nbsp;<br>2009 Universit\u00e4t f\u00fcr angewandte Kunst, \u201cEssence 09\u201d, Wien<br>2009 Galerie 3, \u201cBA-CA \u2013 Kunstpreis, \u201cFamiliensilber\u201c, Klagenfurt, K\u00e4rnten<br>2008 Galerie Gr\u00fcnspan, \u201c21.contemporary carinthian.\u201c, Feffernitz, K\u00e4rnten<br>2008 Museum f\u00fcr angewandte Kunst Wien, \u201cJunger Wein \u00d6sterreich\u201c, Wien<br>2008 MuseumsQuartier, ZOOM \u201cSeedingArt 2008\u201c, Wien<br>2008 Freiraum MuseumsQuartier \u201cYaz \/ Sommerdialog\u201d, Wien<br>2008 Universit\u00e4t f\u00fcr angewandte Kunst \u201cEssence 08\u201d, Wien<br>2008 Kunstraum Praterstra\u00dfe 15 \u201cBilder im Birkenwald wirken bald\u201d, Wien<br>2007 Galerie Vorspann \u201cSuedpol 2.0\u201d, Bad Eisenkappel, K\u00e4rnten&nbsp;<br>2007 Universit\u00e4t f\u00fcr angewandte Kunst \u201cEssence 07\u201d, Wien<br>2006 Universit\u00e4t f\u00fcr angewandte Kunst \u201cFigurama 06\u201d, Budapest<br>2005 Universit\u00e4t f\u00fcr angewandte Kunst \u201cMalstrom\u201d, Wien<br>2004 Stadtgalerie Wien \u201cDie Figur als Aufgabe\u201d, Wien<\/p>\n\n\n\n<p>Kooperationen mit der \u201cAtzgerei\u201d Wien<br>Kooperationen mit \u201cSchwarzarbeit\u201d Wien<br>2008 Teilnahme bei der Diagonale in Graz mit dem Dokumentarfilm \u201cGastarbajteri back home\u201c (AT\/SI, 2007, 20 min)<\/p>\n\n\n\n<p><strong>Michael Dohr<br><\/strong><br>Biographie<br>Geboren 1982 in Wolfsberg, lebt und arbeitet freischaffend in Wolfsberg<\/p>\n\n\n\n<p>Ausbildung<br>Studium Translationswissenschaft (Teilstudium), Graz<br>Studium transkulturelle Kommunikation, Graz<\/p>\n\n\n\n<p>Exhibition<br>2010 Haus der Kunst\/Galerie Andreas Lendl, Graz<br>2011 Galerie Exner, Wien; Ausstellungsbeteiligung<br>2011 Reart Galerie, Wolfsberg; Ausstellungsbeteiligung<br>2011 Galerie Andreas Lendl, Graz; Ausstellungsbeteiligung<br>2012 River Gallery, Bratislava; Ausstellungsbeteiligung<br>2012 \u201eNever live the hippo life\u201c Galerie Marschner, Wels<br>2012 Stadtgalerie Wolfsberg; Ausstellungsbeteiligung<br>2013 \u201eNever wake up\u201c Haus der Kunst\/Galerie Andreas Lendl, Graz<br>2013 River Gallery, Bratislava; Ausstellungsbeteiligung<\/p>\n\n\n\n<p>Sammlungen<br>Museum Angerlehner, Wels<\/p>\n\n\n\n<p><a href=\"https:\/\/picasaweb.google.com\/116905732083908928767\/Vernissage3?authuser=0&amp;feat=directlink\">Zu den Bildern<\/a><\/p>","protected":false},"excerpt":{"rendered":"<p>Beschreibung der ausstellenden K\u00fcnstler Stefan Kreuzer und Michael Dohr Stefan Kreuzerwww.stefankreuzer.at Biographiegeboren 1981 in F\u00fcrstenfeldbruck, aufgewachsen in K\u00e4rnten, lebt und arbeitet in Wien&nbsp;Ausbildung 2009&nbsp;&nbsp;Diplom, Malerei, Klasse Univ.-Prof. akad. Malerin Johanna Kandl2005 &#8211; 09&nbsp;Universit\u00e4t f\u00fcr angewandte Kunst Wien, Univ.-Prof. akad. Malerin Johanna Kandl&nbsp;2003 &#8211; 05&nbsp;Universit\u00e4t f\u00fcr angewandte Kunst Wien, Univ.-Prof. akad. Maler Wolfgang Herzig Einzelausstellungen2014 MOE, &hellip;<\/p>","protected":false},"author":1,"featured_media":0,"parent":8969,"menu_order":0,"comment_status":"closed","ping_status":"closed","template":"","meta":{"footnotes":""},"class_list":["post-9075","page","type-page","status-publish","hentry"],"_links":{"self":[{"href":"https:\/\/st-andrae.info\/en\/wp-json\/wp\/v2\/pages\/9075","targetHints":{"allow":["GET"]}}],"collection":[{"href":"https:\/\/st-andrae.info\/en\/wp-json\/wp\/v2\/pages"}],"about":[{"href":"https:\/\/st-andrae.info\/en\/wp-json\/wp\/v2\/types\/page"}],"author":[{"embeddable":true,"href":"https:\/\/st-andrae.info\/en\/wp-json\/wp\/v2\/users\/1"}],"replies":[{"embeddable":true,"href":"https:\/\/st-andrae.info\/en\/wp-json\/wp\/v2\/comments?post=9075"}],"version-history":[{"count":0,"href":"https:\/\/st-andrae.info\/en\/wp-json\/wp\/v2\/pages\/9075\/revisions"}],"up":[{"embeddable":true,"href":"https:\/\/st-andrae.info\/en\/wp-json\/wp\/v2\/pages\/8969"}],"wp:attachment":[{"href":"https:\/\/st-andrae.info\/en\/wp-json\/wp\/v2\/media?parent=9075"}],"curies":[{"name":"wp","href":"https:\/\/api.w.org\/{rel}","templated":true}]}}