{"id":7215,"date":"2022-03-25T12:00:08","date_gmt":"2022-03-25T11:00:08","guid":{"rendered":"https:\/\/dev.alpsware.at\/hp12\/?page_id=7215"},"modified":"2022-06-27T13:51:33","modified_gmt":"2022-06-27T11:51:33","slug":"basilika-maria-loreto","status":"publish","type":"page","link":"https:\/\/st-andrae.info\/hr\/historische-bauwerke\/basilika-maria-loreto\/","title":{"rendered":"Basilika Maria Loreto"},"content":{"rendered":"<div data-elementor-type=\"wp-page\" data-elementor-id=\"7215\" class=\"elementor elementor-7215\">\n\t\t\t\t\t\t<section class=\"elementor-section elementor-top-section elementor-element elementor-element-c785659 elementor-section-full_width elementor-section-height-default elementor-section-height-default\" data-id=\"c785659\" data-element_type=\"section\" data-e-type=\"section\" data-settings=\"{&quot;background_background&quot;:&quot;classic&quot;}\">\n\t\t\t\t\t\t<div class=\"elementor-container elementor-column-gap-no\">\n\t\t\t\t\t<div class=\"elementor-column elementor-col-100 elementor-top-column elementor-element elementor-element-9e73bf7\" data-id=\"9e73bf7\" data-element_type=\"column\" data-e-type=\"column\">\n\t\t\t<div class=\"elementor-widget-wrap elementor-element-populated\">\n\t\t\t\t\t\t<section class=\"elementor-section elementor-inner-section elementor-element elementor-element-10ed598 elementor-section-boxed elementor-section-height-default elementor-section-height-default\" data-id=\"10ed598\" data-element_type=\"section\" data-e-type=\"section\">\n\t\t\t\t\t\t<div class=\"elementor-container elementor-column-gap-wide\">\n\t\t\t\t\t<div class=\"elementor-column elementor-col-50 elementor-inner-column elementor-element elementor-element-b5188d2\" data-id=\"b5188d2\" data-element_type=\"column\" data-e-type=\"column\">\n\t\t\t<div class=\"elementor-widget-wrap elementor-element-populated\">\n\t\t\t\t\t\t<div class=\"elementor-element elementor-element-bbbd7f4 dekoline elementor-invisible elementor-widget elementor-widget-heading\" data-id=\"bbbd7f4\" data-element_type=\"widget\" data-e-type=\"widget\" data-settings=\"{&quot;_animation&quot;:&quot;fadeInDown&quot;}\" data-widget_type=\"heading.default\">\n\t\t\t\t<div class=\"elementor-widget-container\">\n\t\t\t\t\t<h2 class=\"elementor-heading-title elementor-size-xl\">Wir sind Basilika!<\/h2>\t\t\t\t<\/div>\n\t\t\t\t<\/div>\n\t\t\t\t\t<\/div>\n\t\t<\/div>\n\t\t\t\t<div class=\"elementor-column elementor-col-50 elementor-inner-column elementor-element elementor-element-de11f98\" data-id=\"de11f98\" data-element_type=\"column\" data-e-type=\"column\">\n\t\t\t<div class=\"elementor-widget-wrap elementor-element-populated\">\n\t\t\t\t\t\t<div class=\"elementor-element elementor-element-bdffaba elementor-invisible elementor-widget elementor-widget-image\" data-id=\"bdffaba\" data-element_type=\"widget\" data-e-type=\"widget\" data-settings=\"{&quot;_animation&quot;:&quot;fadeInDown&quot;}\" data-widget_type=\"image.default\">\n\t\t\t\t<div class=\"elementor-widget-container\">\n\t\t\t\t\t\t\t\t\t\t\t\t\t\t\t<img decoding=\"async\" src=\"https:\/\/st-andrae.info\/wp-content\/uploads\/elementor\/thumbs\/Basilika-1-scaled-pnkzorgmhs9k76w8celt2ivqpr0o2aaonxbeam9leo.jpg\" title=\"Basilika 1\" alt=\"Basilika 1\" loading=\"lazy\" \/>\t\t\t\t\t\t\t\t\t\t\t\t\t\t\t<\/div>\n\t\t\t\t<\/div>\n\t\t\t\t\t<\/div>\n\t\t<\/div>\n\t\t\t\t\t<\/div>\n\t\t<\/section>\n\t\t\t\t<section class=\"elementor-section elementor-inner-section elementor-element elementor-element-d22d208 elementor-section-boxed elementor-section-height-default elementor-section-height-default\" data-id=\"d22d208\" data-element_type=\"section\" data-e-type=\"section\">\n\t\t\t\t\t\t<div class=\"elementor-container elementor-column-gap-wide\">\n\t\t\t\t\t<div class=\"elementor-column elementor-col-25 elementor-inner-column elementor-element elementor-element-cede4eb elementor-hidden-tablet elementor-hidden-phone\" data-id=\"cede4eb\" data-element_type=\"column\" data-e-type=\"column\">\n\t\t\t<div class=\"elementor-widget-wrap elementor-element-populated\">\n\t\t\t\t\t\t<div class=\"elementor-element elementor-element-22d8b5f elementor-widget elementor-widget-heading\" data-id=\"22d8b5f\" data-element_type=\"widget\" data-e-type=\"widget\" data-widget_type=\"heading.default\">\n\t\t\t\t<div class=\"elementor-widget-container\">\n\t\t\t\t\t<h2 class=\"elementor-heading-title elementor-size-default\">.<\/h2>\t\t\t\t<\/div>\n\t\t\t\t<\/div>\n\t\t\t\t\t<\/div>\n\t\t<\/div>\n\t\t\t\t<div class=\"elementor-column elementor-col-50 elementor-inner-column elementor-element elementor-element-b94e921\" data-id=\"b94e921\" data-element_type=\"column\" data-e-type=\"column\">\n\t\t\t<div class=\"elementor-widget-wrap elementor-element-populated\">\n\t\t\t\t\t\t<div class=\"elementor-element elementor-element-9a0737d elementor-invisible elementor-widget elementor-widget-text-editor\" data-id=\"9a0737d\" data-element_type=\"widget\" data-e-type=\"widget\" data-settings=\"{&quot;_animation&quot;:&quot;fadeInRight&quot;}\" data-widget_type=\"text-editor.default\">\n\t\t\t\t<div class=\"elementor-widget-container\">\n\t\t\t\t\t\t\t\t\t<p>Seit 21. Juli 2014 kann sich die Wallfahrtskirche Maria Loreto gl\u00fccklich sch\u00e4tzen, neben Maria Luggau die zweite \u201eBasilica minor\u201c in K\u00e4rnten zu sein. Schon nach au\u00dfen hin imponiert der m\u00e4chtige Barockbau und nicht zuletzt ihre bewegte Geschichte sowie der Wallfahrerstrom vergangener Jahrhunderte haben der Kirche zu dieser besonderen p\u00e4pstlichen Auszeichnung verholfen.<\/p>\t\t\t\t\t\t\t\t<\/div>\n\t\t\t\t<\/div>\n\t\t\t\t\t<\/div>\n\t\t<\/div>\n\t\t\t\t<div class=\"elementor-column elementor-col-25 elementor-inner-column elementor-element elementor-element-8d49c8f elementor-hidden-tablet elementor-hidden-phone\" data-id=\"8d49c8f\" data-element_type=\"column\" data-e-type=\"column\">\n\t\t\t<div class=\"elementor-widget-wrap\">\n\t\t\t\t\t\t\t<\/div>\n\t\t<\/div>\n\t\t\t\t\t<\/div>\n\t\t<\/section>\n\t\t\t\t\t<\/div>\n\t\t<\/div>\n\t\t\t\t\t<\/div>\n\t\t<\/section>\n\t\t\t\t<section class=\"elementor-section elementor-top-section elementor-element elementor-element-7623f18 elementor-section-boxed elementor-section-height-default elementor-section-height-default elementor-invisible\" data-id=\"7623f18\" data-element_type=\"section\" data-e-type=\"section\" data-settings=\"{&quot;animation&quot;:&quot;fadeInUp&quot;}\">\n\t\t\t\t\t\t<div class=\"elementor-container elementor-column-gap-default\">\n\t\t\t\t\t<div class=\"elementor-column elementor-col-100 elementor-top-column elementor-element elementor-element-ced80e3\" data-id=\"ced80e3\" data-element_type=\"column\" data-e-type=\"column\">\n\t\t\t<div class=\"elementor-widget-wrap elementor-element-populated\">\n\t\t\t\t\t\t<div class=\"elementor-element elementor-element-6c6c4b3 elementor-widget elementor-widget-image\" data-id=\"6c6c4b3\" data-element_type=\"widget\" data-e-type=\"widget\" data-widget_type=\"image.default\">\n\t\t\t\t<div class=\"elementor-widget-container\">\n\t\t\t\t\t\t\t\t\t\t\t\t\t\t\t<img fetchpriority=\"high\" decoding=\"async\" width=\"750\" height=\"382\" src=\"https:\/\/st-andrae.info\/wp-content\/uploads\/2022\/03\/neu-1-1024x522.png\" class=\"attachment-large size-large wp-image-7243\" alt=\"\" srcset=\"https:\/\/st-andrae.info\/wp-content\/uploads\/2022\/03\/neu-1-1024x522.png 1024w, https:\/\/st-andrae.info\/wp-content\/uploads\/2022\/03\/neu-1-300x153.png 300w, https:\/\/st-andrae.info\/wp-content\/uploads\/2022\/03\/neu-1-768x392.png 768w, https:\/\/st-andrae.info\/wp-content\/uploads\/2022\/03\/neu-1.png 1536w\" sizes=\"(max-width: 750px) 100vw, 750px\" \/>\t\t\t\t\t\t\t\t\t\t\t\t\t\t\t<\/div>\n\t\t\t\t<\/div>\n\t\t\t\t\t<\/div>\n\t\t<\/div>\n\t\t\t\t\t<\/div>\n\t\t<\/section>\n\t\t\t\t<section class=\"elementor-section elementor-top-section elementor-element elementor-element-4d2c7b9 elementor-section-boxed elementor-section-height-default elementor-section-height-default\" data-id=\"4d2c7b9\" data-element_type=\"section\" data-e-type=\"section\">\n\t\t\t\t\t\t<div class=\"elementor-container elementor-column-gap-default\">\n\t\t\t\t\t<div class=\"elementor-column elementor-col-100 elementor-top-column elementor-element elementor-element-40610c1\" data-id=\"40610c1\" data-element_type=\"column\" data-e-type=\"column\">\n\t\t\t<div class=\"elementor-widget-wrap elementor-element-populated\">\n\t\t\t\t\t\t<div class=\"elementor-element elementor-element-ec5f236 elementor-widget elementor-widget-text-editor\" data-id=\"ec5f236\" data-element_type=\"widget\" data-e-type=\"widget\" data-widget_type=\"text-editor.default\">\n\t\t\t\t<div class=\"elementor-widget-container\">\n\t\t\t\t\t\t\t\t\t<div class=\"col-sm-6\"><div class=\"neos-contentcollection\"><div class=\"typo3-neos-nodetypes-text\"><div><p>Am Anfang war es eine einfache Idee. F\u00fcrstbischof Albert von Priamis, der in der Mitte des 17. Jahrhunderts die Z\u00fcgel in St. Andr\u00e4 in der Hand hatte, erkannte die Bedeutung und den aufkommenden Trend der Wallfahrt. Auf einer Italienreise bekam er das ber\u00fchmte Marienheiligtum in Loreto, auf einem H\u00fcgel nahe Ancona in Mittelitalien, zu Gesicht. Mit gro\u00dfen Pl\u00e4nen f\u00fcr St. Andr\u00e4 erreichte der Bischof seine Heimatstadt. Er wollte eine Nachbildung der ber\u00fchmten \u201eSchwarzen Madonna\u201c, die dort zu sehen war, in Auftrag geben lassen, um viele Gl\u00e4ubige nach St. Andr\u00e4 zu bringen. So geschah es. Am 8. Dezember 1647 konnte eine direkte Nachbildung des lauretanischen Gnadenbildes und die dar\u00fcber errichtete Gnadenkapelle feierlich eingeweiht werden. Die Beteiligung der Bev\u00f6lkerung war enorm und der erhoffte Wallfahrerstrom setzte ein. Priamis wollte mit den Spenden der Gl\u00e4ubigen \u00fcber der Kapelle eine gewaltige Kirche entstehen lassen.\u00a0<\/p><p>Aber das Geld reichte hinten und vorne nicht. 1654 starb der schon schwerkranke Bischof. Sein Gro\u00dfprojekt blieb jahrelang unter der untragbaren Finanzlast begraben bis 1673 F\u00fcrstbischof Franz Caspar von Stadion den Bischofsthron in St. Andr\u00e4 bestieg. Er entstammte einem gut betuchten Adelsgeschlecht und konnte so auch die Finanzmittel f\u00fcr den Bau aufbringen. Dadurch, dass man in Norditalien ein gr\u00f6\u00dferes Know-How und viel mehr Erfahrung besa\u00df, betraute der weltoffene Bischof einen Baumeister aus Aquileia, Juri war sein Name, mit der Leitung des Gro\u00dfprojektes. Im Jahre 1683 gab es dann den Startschuss f\u00fcr den ganz im Stil des italienischen Barock errichteten Sakralbaus. Vier Jahre sp\u00e4ter waren die Bauarbeiten abgeschlossen, es fehlten nur mehr Innenausstattung sowie die beiden T\u00fcrme. W\u00e4hrend die Innenausstattung nach und nach erg\u00e4nzt wurde, f\u00fcgte man 1730 die beiden Zwiebelt\u00fcrme mit ihren Zwillingsfenster und ihren dem Renaissancestil nachempfundenen Quadratornamenten hinzu. 60 Meter hoch ragen sie in die Luft und wurden von 2010 bis 2012 in einer umfassenden Restaurierung g\u00e4nzlich neu mit Kupfer eingedeckt.<\/p><p>\u00a0<\/p><p>Betritt man nun die lebendige Kirche, so stechen einem die fr\u00f6hlichen Farben sowie die Weitr\u00e4umigkeit der Kirche entgegen. Einerseits verdanken wir das F\u00fcrstbischof Ernst Gandolf von Kuenburg, der im Jahre 1793 die Gnadenkapelle abtragen lie\u00df und sie links neben den Eingang verlegte. So erreichte man eine irrsinnig tolle Raumwirkung der 40 Meter langen und 17 Meter hohen Kirche. Andererseits ist die Vielfalt der Farben sowie die Reinheit und Exzellenz der Kunstsch\u00e4tze auf die 2014 abgeschlossene zweij\u00e4hrige Innenrestaurierung der Basilika zur\u00fcckzuf\u00fchren, bei der man den urspr\u00fcnglichen Glanz aus der Barockzeit wieder herstellen konnte. \u201eDie Kirche selbst ist im reinsten und sch\u00f6nsten italienischen Stile erbaut, und \u00fcbertrifft an Sch\u00f6nheit der Bauart alle mir bekannten Kirchen K\u00e4rntens.\u201c \u2013 so urteilte der Kunsthistoriker Karlmann Tangl \u00fcber die Loretokirche. In ihr treffen sich Stile verschiedenster Epoche und man erlebt einen Streifzug europ\u00e4ischer Kultur.<\/p><p>\u00a0<\/p><p>Zentral im Presbyterium gelegen, vermittelt die Kreuzigungsgruppe vom Klagenfurter Meister Claus die Feinheit und Stilsicherheit des \u00f6sterreichischen Hochbarocks. Dahinter entfaltet sich das weitl\u00e4ufige Architekturfresko, bei dem sich Elemente des Klassizismus mit jenen des ausgehenden Barockzeitalters vermischen. Alles steht in der Idee des Kreuzesopfers Christi. Wenn also die Dreifaltigkeit von oben herab den Mantel der Barmherzigkeit \u00fcber der Szene ausbreitet und rechts und links die Propheten Jeremia und Jesaja den Opfertod Christi ank\u00fcndigen, dann haben wir hier barocke Illusionsmalerei in ihrer H\u00f6chstform. Man wollte den Betrachter t\u00e4uschen, mehr Raumwirkung, ja sogar dreidimensionale Welten vort\u00e4uschen. Neben einem Bischofsthron, der das K\u00f6nnen der Wiener Stickereikunst der 1760er-Jahre unter Beweis stellt, oder einer besonderen Augsburger Hinterglasmalerei in Form einer Nachbildung der Marien-Ikone von Santa Maria Maggiore in Rom, findet sich auch noch ein Meisterwerk des begnadeten K\u00fcnstlers Jakob Zanussi in der Basilika, das die Verk\u00fcndigung zeigt. Der feine Pinselschwung und das gekonnte Spiel zwischen Licht und Schatten verleihen dem Bild den Touch gro\u00dfer europ\u00e4ischer Gem\u00e4lde des 18. Jahrhunderts.<\/p><p>\u00a0<\/p><p>Wegen ihrer Sch\u00f6nheit, ihrem Reichtum an Kunstsch\u00e4tzen aller Art und ihrem besonderen Flair haben Tausende in vergangener Zeit die nunmehrige Basilika besucht. Viele haben bei der Schwarzen Madonna Zuflucht gefunden, andere wiederum haben das Aufeinandertreffen der Kunststile bewundert.<\/p><p>\u00a0<\/p><p>Eine neue Zeit ist mit der Erhebung zur Basilika in St. Andr\u00e4 angebrochen. Diese Kirche ist sehenswert und reich ist ihre Geschichte. Man kann sie nicht beschreiben, man muss sie erlebt haben.\u00a0<\/p><\/div><\/div><\/div><\/div>\t\t\t\t\t\t\t\t<\/div>\n\t\t\t\t<\/div>\n\t\t\t\t\t<\/div>\n\t\t<\/div>\n\t\t\t\t\t<\/div>\n\t\t<\/section>\n\t\t\t\t<section class=\"elementor-section elementor-top-section elementor-element elementor-element-4238ba3 elementor-section-boxed elementor-section-height-default elementor-section-height-default\" data-id=\"4238ba3\" data-element_type=\"section\" data-e-type=\"section\">\n\t\t\t\t\t\t<div class=\"elementor-container elementor-column-gap-default\">\n\t\t\t\t\t<div class=\"elementor-column elementor-col-100 elementor-top-column elementor-element elementor-element-39bada6\" data-id=\"39bada6\" data-element_type=\"column\" data-e-type=\"column\">\n\t\t\t<div class=\"elementor-widget-wrap elementor-element-populated\">\n\t\t\t\t\t\t<div class=\"elementor-element elementor-element-5a26b11 elementor-widget elementor-widget-spacer\" data-id=\"5a26b11\" data-element_type=\"widget\" data-e-type=\"widget\" data-widget_type=\"spacer.default\">\n\t\t\t\t<div class=\"elementor-widget-container\">\n\t\t\t\t\t\t\t<div class=\"elementor-spacer\">\n\t\t\t<div class=\"elementor-spacer-inner\"><\/div>\n\t\t<\/div>\n\t\t\t\t\t\t<\/div>\n\t\t\t\t<\/div>\n\t\t\t\t\t<\/div>\n\t\t<\/div>\n\t\t\t\t\t<\/div>\n\t\t<\/section>\n\t\t\t\t<\/div>","protected":false},"excerpt":{"rendered":"<p>Wir sind Basilika! . Seit 21. Juli 2014 kann sich die Wallfahrtskirche Maria Loreto gl\u00fccklich sch\u00e4tzen, neben Maria Luggau die zweite \u201eBasilica minor\u201c in K\u00e4rnten zu sein. Schon nach au\u00dfen hin imponiert der m\u00e4chtige Barockbau und nicht zuletzt ihre bewegte Geschichte sowie der Wallfahrerstrom vergangener Jahrhunderte haben der Kirche zu dieser besonderen p\u00e4pstlichen Auszeichnung verholfen. &hellip;<\/p>","protected":false},"author":1,"featured_media":0,"parent":7121,"menu_order":0,"comment_status":"closed","ping_status":"closed","template":"elementor_header_footer","meta":{"footnotes":""},"class_list":["post-7215","page","type-page","status-publish","hentry"],"_links":{"self":[{"href":"https:\/\/st-andrae.info\/hr\/wp-json\/wp\/v2\/pages\/7215","targetHints":{"allow":["GET"]}}],"collection":[{"href":"https:\/\/st-andrae.info\/hr\/wp-json\/wp\/v2\/pages"}],"about":[{"href":"https:\/\/st-andrae.info\/hr\/wp-json\/wp\/v2\/types\/page"}],"author":[{"embeddable":true,"href":"https:\/\/st-andrae.info\/hr\/wp-json\/wp\/v2\/users\/1"}],"replies":[{"embeddable":true,"href":"https:\/\/st-andrae.info\/hr\/wp-json\/wp\/v2\/comments?post=7215"}],"version-history":[{"count":0,"href":"https:\/\/st-andrae.info\/hr\/wp-json\/wp\/v2\/pages\/7215\/revisions"}],"up":[{"embeddable":true,"href":"https:\/\/st-andrae.info\/hr\/wp-json\/wp\/v2\/pages\/7121"}],"wp:attachment":[{"href":"https:\/\/st-andrae.info\/hr\/wp-json\/wp\/v2\/media?parent=7215"}],"curies":[{"name":"wp","href":"https:\/\/api.w.org\/{rel}","templated":true}]}}