{"id":7277,"date":"2022-03-25T12:30:31","date_gmt":"2022-03-25T11:30:31","guid":{"rendered":"https:\/\/dev.alpsware.at\/hp12\/?page_id=7277"},"modified":"2022-05-23T12:41:56","modified_gmt":"2022-05-23T10:41:56","slug":"panoramaweg-st-andrae","status":"publish","type":"page","link":"https:\/\/st-andrae.info\/hr\/historische-bauwerke\/panoramaweg-st-andrae\/","title":{"rendered":"Panoramaweg St. Andr\u00e4"},"content":{"rendered":"<div data-elementor-type=\"wp-page\" data-elementor-id=\"7277\" class=\"elementor elementor-7277\">\n\t\t\t\t\t\t<section class=\"elementor-section elementor-top-section elementor-element elementor-element-d2b4be4 elementor-section-boxed elementor-section-height-default elementor-section-height-default\" data-id=\"d2b4be4\" data-element_type=\"section\" data-e-type=\"section\" data-settings=\"{&quot;background_background&quot;:&quot;classic&quot;}\">\n\t\t\t\t\t\t\t<div class=\"elementor-background-overlay\"><\/div>\n\t\t\t\t\t\t\t<div class=\"elementor-container elementor-column-gap-wide\">\n\t\t\t\t\t<div class=\"elementor-column elementor-col-33 elementor-top-column elementor-element elementor-element-93213e9\" data-id=\"93213e9\" data-element_type=\"column\" data-e-type=\"column\" data-settings=\"{&quot;background_background&quot;:&quot;classic&quot;}\">\n\t\t\t<div class=\"elementor-widget-wrap elementor-element-populated\">\n\t\t\t\t\t\t<div class=\"elementor-element elementor-element-e16c239 dekoline elementor-invisible elementor-widget elementor-widget-heading\" data-id=\"e16c239\" data-element_type=\"widget\" data-e-type=\"widget\" data-settings=\"{&quot;_animation&quot;:&quot;fadeInLeft&quot;}\" data-widget_type=\"heading.default\">\n\t\t\t\t<div class=\"elementor-widget-container\">\n\t\t\t\t\t<h2 class=\"elementor-heading-title elementor-size-xl\">Panoramaweg St. Andr\u00e4<\/h2>\t\t\t\t<\/div>\n\t\t\t\t<\/div>\n\t\t\t\t<div class=\"elementor-element elementor-element-16b05ee elementor-invisible elementor-widget elementor-widget-heading\" data-id=\"16b05ee\" data-element_type=\"widget\" data-e-type=\"widget\" data-settings=\"{&quot;_animation&quot;:&quot;fadeInDown&quot;}\" data-widget_type=\"heading.default\">\n\t\t\t\t<div class=\"elementor-widget-container\">\n\t\t\t\t\t<h4 class=\"elementor-heading-title elementor-size-default\">Gratis St. Andr\u00e4-Audioguide\n<br><br>\nAm Panoramaweg wird die Geschichte der Stadt St. Andr\u00e4 von der ersten Besiedelung bis zur Gegenwart sichtbar: 14 Stationen in Form von Stelen erz\u00e4hlen vom Fluss Lavant, vom Bischofssitz des Bistums Lavant, von den Z\u00fcnften des Mittelalters, von Wunderheilungen und vielem mehr. Die G\u00e4rten des Bistums mit den dort wachsenden Heilkr\u00e4utern waren ein gut geh\u00fctetes Geheimnis und galten als verboten \u2013 dank eines EU-Projektes k\u00f6nnen die sogenannten \u201eVERBOTENEN G\u00c4RTEN\u201c nun besucht werden.\n<br><br>\nTauchen Sie ein in die weltliche und klerikale Geschichte St. Andr\u00e4s von der Urzeit bis heute!<br><br>\n<div class='w3eden'>\n\n<div class=\"link-template-default card mb-2\">\n    <div class=\"card-body\">\n        <div class=\"media\">\n            <div class=\"mr-3 img-48\"><img decoding=\"async\" class=\"wpdm_icon\" alt=\"Icon\" src=\"https:\/\/st-andrae.info\/wp-content\/plugins\/download-manager\/assets\/file-type-icons\/pdf.svg\" \/><\/div>\n            <div class=\"media-body\">\n                <h3 class=\"package-title\"><a href='https:\/\/st-andrae.info\/hr\/download\/broschuere-verbotene-gaerten\/'>Brosch\u00fcre Verbotene G\u00e4rten<\/a><\/h3>\n                <div class=\"text-muted text-small\"><i class=\"fas fa-copy\"><\/i> 1 file(s) <i class=\"fas fa-hdd ml-3\"><\/i> 3.58 MB<\/div>\n            <\/div>\n            <div class=\"ml-3\">\n                <a class='wpdm-download-link download-on-click btn btn-primary' rel='nofollow' href='#' data-downloadurl=\"https:\/\/st-andrae.info\/hr\/download\/broschuere-verbotene-gaerten\/?wpdmdl=8287&refresh=69d6cfcd3103a1775685581\">Download<\/a>\n            <\/div>\n        <\/div>\n    <\/div>\n<\/div>\n\n<\/div><\/h4>\t\t\t\t<\/div>\n\t\t\t\t<\/div>\n\t\t\t\t\t<\/div>\n\t\t<\/div>\n\t\t\t\t<div class=\"elementor-column elementor-col-33 elementor-top-column elementor-element elementor-element-aee63c0\" data-id=\"aee63c0\" data-element_type=\"column\" data-e-type=\"column\">\n\t\t\t<div class=\"elementor-widget-wrap\">\n\t\t\t\t\t\t\t<\/div>\n\t\t<\/div>\n\t\t\t\t<div class=\"elementor-column elementor-col-33 elementor-top-column elementor-element elementor-element-ffce58d\" data-id=\"ffce58d\" data-element_type=\"column\" data-e-type=\"column\">\n\t\t\t<div class=\"elementor-widget-wrap\">\n\t\t\t\t\t\t\t<\/div>\n\t\t<\/div>\n\t\t\t\t\t<\/div>\n\t\t<\/section>\n\t\t\t\t<section class=\"elementor-section elementor-top-section elementor-element elementor-element-3d9d31e elementor-section-boxed elementor-section-height-default elementor-section-height-default elementor-invisible\" data-id=\"3d9d31e\" data-element_type=\"section\" data-e-type=\"section\" data-settings=\"{&quot;animation&quot;:&quot;fadeInUp&quot;}\">\n\t\t\t\t\t\t<div class=\"elementor-container elementor-column-gap-default\">\n\t\t\t\t\t<div class=\"elementor-column elementor-col-100 elementor-top-column elementor-element elementor-element-1f1df07\" data-id=\"1f1df07\" data-element_type=\"column\" data-e-type=\"column\">\n\t\t\t<div class=\"elementor-widget-wrap elementor-element-populated\">\n\t\t\t\t\t\t<div class=\"elementor-element elementor-element-500fbdd elementor-widget elementor-widget-text-editor\" data-id=\"500fbdd\" data-element_type=\"widget\" data-e-type=\"widget\" data-widget_type=\"text-editor.default\">\n\t\t\t\t<div class=\"elementor-widget-container\">\n\t\t\t\t\t\t\t\t\t<p><b>Gratis Audioguide f\u00fcr Smartphone<\/b><\/p><p>\u00a0<\/p><p class=\"translation-block\">Mit der Mobile&nbsp;App <a href=\"https:\/\/www.culturalplaces.com\/de\" target=\"_self\">\u201eCultural Places\u201c<\/a> erhalten Sie bei jeder einzelnen der 14 Stelen Informationen \u00fcber die Stadt und deren Umgebung.<br>Wenn Sie die App installiert haben, w\u00e4hlen Sie den \u201ePanoramaweg St. Andr\u00e4\u201c aus und laden anschlie\u00dfend die Sprachdatei in Ihrer Sprache herunter.&nbsp;<br>Mit eingeschaltetem GPS und Bluetooth werden Sie dann durch den Panoramaweg St. Andr\u00e4 gef\u00fchrt. Anhand der Karte in der App sehen Sie jederzeit Ihren Standort und den der Sehensw\u00fcrdigkeiten.<\/p><p>\u00a0<\/p><p>Viel Spa\u00df mit dem Audioguide<\/p><p>\u00a0<\/p><p><b>\u201ePanoramatour \u2013 Verbotene G\u00e4rten von St. Andr\u00e4\u201c\u00a0<\/b><\/p>\t\t\t\t\t\t\t\t<\/div>\n\t\t\t\t<\/div>\n\t\t\t\t<div class=\"elementor-element elementor-element-0c6a056 elementor-align-left elementor-widget__width-auto elementor-invisible elementor-widget elementor-widget-button\" data-id=\"0c6a056\" data-element_type=\"widget\" data-e-type=\"widget\" data-settings=\"{&quot;_animation&quot;:&quot;fadeInRight&quot;}\" data-widget_type=\"button.default\">\n\t\t\t\t<div class=\"elementor-widget-container\">\n\t\t\t\t\t\t\t\t\t<div class=\"elementor-button-wrapper\">\n\t\t\t\t\t<a class=\"elementor-button elementor-button-link elementor-size-sm\" href=\"https:\/\/www.culturalplaces.com\/de\" rel=\"nofollow\">\n\t\t\t\t\t\t<span class=\"elementor-button-content-wrapper\">\n\t\t\t\t\t\t\t\t\t<span class=\"elementor-button-text\">Zur App<\/span>\n\t\t\t\t\t<\/span>\n\t\t\t\t\t<\/a>\n\t\t\t\t<\/div>\n\t\t\t\t\t\t\t\t<\/div>\n\t\t\t\t<\/div>\n\t\t\t\t\t<\/div>\n\t\t<\/div>\n\t\t\t\t\t<\/div>\n\t\t<\/section>\n\t\t\t\t<section class=\"elementor-section elementor-top-section elementor-element elementor-element-62ce10d elementor-section-boxed elementor-section-height-default elementor-section-height-default elementor-invisible\" data-id=\"62ce10d\" data-element_type=\"section\" data-e-type=\"section\" data-settings=\"{&quot;animation&quot;:&quot;fadeInUp&quot;}\">\n\t\t\t\t\t\t<div class=\"elementor-container elementor-column-gap-default\">\n\t\t\t\t\t<div class=\"elementor-column elementor-col-100 elementor-top-column elementor-element elementor-element-9345f74\" data-id=\"9345f74\" data-element_type=\"column\" data-e-type=\"column\">\n\t\t\t<div class=\"elementor-widget-wrap elementor-element-populated\">\n\t\t\t\t\t\t<div class=\"elementor-element elementor-element-c47dd28 elementor-widget elementor-widget-pdf_viewer\" data-id=\"c47dd28\" data-element_type=\"widget\" data-e-type=\"widget\" data-widget_type=\"pdf_viewer.default\">\n\t\t\t\t<div class=\"elementor-widget-container\">\n\t\t\t\t\t<iframe src=\"https:\/\/docs.google.com\/viewer?url=https:\/\/st-andrae.info\/wp-content\/uploads\/2022\/03\/postera3-v8.pdf&amp;embedded=true\" style=\"display: block; margin-left: auto; margin-right: auto; width: 640px; height: 960px;\" frameborder=\"1\" marginheight=\"0px\" marginwidth=\"0px\" allowfullscreen><\/iframe>\t\t\t\t<\/div>\n\t\t\t\t<\/div>\n\t\t\t\t\t<\/div>\n\t\t<\/div>\n\t\t\t\t\t<\/div>\n\t\t<\/section>\n\t\t\t\t<section class=\"elementor-section elementor-top-section elementor-element elementor-element-b78873b elementor-section-boxed elementor-section-height-default elementor-section-height-default\" data-id=\"b78873b\" data-element_type=\"section\" data-e-type=\"section\">\n\t\t\t\t\t\t<div class=\"elementor-container elementor-column-gap-default\">\n\t\t\t\t\t<div class=\"elementor-column elementor-col-100 elementor-top-column elementor-element elementor-element-6eaa831\" data-id=\"6eaa831\" data-element_type=\"column\" data-e-type=\"column\">\n\t\t\t<div class=\"elementor-widget-wrap elementor-element-populated\">\n\t\t\t\t\t\t<div class=\"elementor-element elementor-element-932445f elementor-widget elementor-widget-spacer\" data-id=\"932445f\" data-element_type=\"widget\" data-e-type=\"widget\" data-widget_type=\"spacer.default\">\n\t\t\t\t<div class=\"elementor-widget-container\">\n\t\t\t\t\t\t\t<div class=\"elementor-spacer\">\n\t\t\t<div class=\"elementor-spacer-inner\"><\/div>\n\t\t<\/div>\n\t\t\t\t\t\t<\/div>\n\t\t\t\t<\/div>\n\t\t\t\t\t<\/div>\n\t\t<\/div>\n\t\t\t\t\t<\/div>\n\t\t<\/section>\n\t\t\t\t<\/div>","protected":false},"excerpt":{"rendered":"<p>Panoramaweg St. Andr\u00e4 Gratis St. Andr\u00e4-Audioguide Am Panoramaweg wird die Geschichte der Stadt St. Andr\u00e4 von der ersten Besiedelung bis zur Gegenwart sichtbar: 14 Stationen in Form von Stelen erz\u00e4hlen vom Fluss Lavant, vom Bischofssitz des Bistums Lavant, von den Z\u00fcnften des Mittelalters, von Wunderheilungen und vielem mehr. Die G\u00e4rten des Bistums mit den dort &hellip;<\/p>","protected":false},"author":1,"featured_media":0,"parent":7121,"menu_order":0,"comment_status":"closed","ping_status":"closed","template":"elementor_header_footer","meta":{"footnotes":""},"class_list":["post-7277","page","type-page","status-publish","hentry"],"_links":{"self":[{"href":"https:\/\/st-andrae.info\/hr\/wp-json\/wp\/v2\/pages\/7277","targetHints":{"allow":["GET"]}}],"collection":[{"href":"https:\/\/st-andrae.info\/hr\/wp-json\/wp\/v2\/pages"}],"about":[{"href":"https:\/\/st-andrae.info\/hr\/wp-json\/wp\/v2\/types\/page"}],"author":[{"embeddable":true,"href":"https:\/\/st-andrae.info\/hr\/wp-json\/wp\/v2\/users\/1"}],"replies":[{"embeddable":true,"href":"https:\/\/st-andrae.info\/hr\/wp-json\/wp\/v2\/comments?post=7277"}],"version-history":[{"count":0,"href":"https:\/\/st-andrae.info\/hr\/wp-json\/wp\/v2\/pages\/7277\/revisions"}],"up":[{"embeddable":true,"href":"https:\/\/st-andrae.info\/hr\/wp-json\/wp\/v2\/pages\/7121"}],"wp:attachment":[{"href":"https:\/\/st-andrae.info\/hr\/wp-json\/wp\/v2\/media?parent=7277"}],"curies":[{"name":"wp","href":"https:\/\/api.w.org\/{rel}","templated":true}]}}