{"id":9069,"date":"2023-02-13T18:02:29","date_gmt":"2023-02-13T17:02:29","guid":{"rendered":"https:\/\/st-andrae.info\/?page_id=9069"},"modified":"2023-02-13T18:12:35","modified_gmt":"2023-02-13T17:12:35","slug":"die-stadt-als-galerie-vernissage-6","status":"publish","type":"page","link":"https:\/\/st-andrae.info\/hr\/galerie-ii-archiv\/die-stadt-als-galerie-vernissage-6\/","title":{"rendered":"Die Stadt als Galerie &#8211; Vernissage 6"},"content":{"rendered":"<figure class=\"wp-block-image size-full\"><a href=\"https:\/\/st-andrae.info\/wp-content\/uploads\/2023\/02\/header6.jpg\"><img fetchpriority=\"high\" decoding=\"async\" width=\"480\" height=\"119\" src=\"https:\/\/st-andrae.info\/wp-content\/uploads\/2023\/02\/header6.jpg\" alt=\"\" class=\"wp-image-9104\" srcset=\"https:\/\/st-andrae.info\/wp-content\/uploads\/2023\/02\/header6.jpg 480w, https:\/\/st-andrae.info\/wp-content\/uploads\/2023\/02\/header6-300x74.jpg 300w\" sizes=\"(max-width: 480px) 100vw, 480px\" \/><\/a><\/figure>\n\n\n\n<p><strong>Prof. Ilse Storfer-Schmied&nbsp;&nbsp;&nbsp;<\/strong><br>&nbsp;<br>Geboren in Wolfsberg\/K\u00e4rnten. Musikunterricht ab dem 7. Lebensjahr: Akkordeon, Violoncello und Gitarre (Musikschule Wolfsberg, Landeskonservatorium Klagenfurt, Musisch-p\u00e4dagogisches Gymnasium Wolfsberg) 1971 Matura. Ausbildung zum Hauptschullehrer f\u00fcr Mathematik, Geometrisches Zeichnen und Musikerziehung an er P\u00e4dAk\/Klagenfurt. Chorleiterausbildung bei mehreren Chorleiterkursen des BMfUK unter Prof. Erwin Ortner. Ilse Storfer stand 15 Jahre lang im K\u00e4rntner Schuldienst und war in dieser Zeit erfolgreich als Chorleiterin mehrerer Ch\u00f6re und als Referentin f\u00fcr Chorleitung bei Seminaren und Sommerkursen des K\u00e4rntner Bildungswerkes t\u00e4tig. 1989 Austritt aus dem Schuldienst und \u00dcbersiedlung nach Wien. Seit 1992 verbindet sie ihre Gedichte mit Malerei zu \u201eBunten Gedichten\u201c, zeichnet Textildesigns, schreibt Kinderlieder, Chorlieder, kleine Instrumentalst\u00fccke und Liedertexte, die von ihr selber, aber auch von verschiedenen anderen Komponisten vertont werden. So entstanden bis jetzt 7 verschiedene Mess-Kompositionen, zahlreiche Chorlieder und Instrumentalst\u00fccke. Die Zusammenarbeit mit anderen Komponisten im Verein Harmonia Classica von 1996 bis 2007 brachten zahlreiche erfolgreiche Auff\u00fchrungen in wundersch\u00f6nen Konzerts\u00e4len in Wien.<br>Derzeit lebt Ilse Storfer in Himberg bei Wien, ist als Chorleiterin mehrerer Ch\u00f6re (GV Moosbrunn, GV Zw\u00f6lfaxing, Chor des Club Carinthia\/Wien) t\u00e4tig und ist Kreischorleiterin im Leitha-S\u00e4ngerkreis des Chorverbandes N\u00d6. Ilse Storfer ist Mitglied der Rosegger-Gesellschaft und Tr\u00e4gerin des Ehrenkruges der Dichtersteingemeinschaft Zammelsberg. 2008&nbsp;erhielt sie den 1. Preis \u201eLiteraten, Dichter&amp;Denker\u201c beim Zauberberg-Sommer-Wettbewerb am Semmering. F\u00fcnf Lieder von Ilse Storfer haben es beim Kompositionswettbewerb \u201eNeue K\u00e4rntner (Schul-)Lieder\u2026\u201c des K\u00e4rntner Volksliedwerkes (2010) geschafft, in das neue Schulliederbuch \u201eGr\u00fca\u00df di gott, srecno, ciao\u201c aufgenommen zu werden.&nbsp;<br>Ihre \u201eBunten Gedichte\u201c und Acrylbilder wurden seit 1995 bei diversen Ausstellungen in N\u00d6 und K\u00e4rnten gezeigt, zuletzt im April 2014 in der Rathausgalerie St. Veit an der Glan und sind in st\u00e4ndiger Ausstellung in der Kulturwerkstatt Sacoma in Himberg zu sehen.<br>2012 erhielt sie die Goldene Medaille des Ehrenzeichens f\u00fcr Verdienste um das Bundesland Nieder\u00f6sterreich, 2013 das Ehrenzeichen der Marktgemeinde Himberg in Gold, die Ehrenmedaille der Gemeinde Zw\u00f6lfaxing und es wurde ihr der Berufstitel Professorin durch den Bundespr\u00e4sidenten verliehen.<\/p>\n\n\n\n<p><strong>Ilse Storfer \u2013 das Oeuvre<\/strong><\/p>\n\n\n\n<p>Die Gedichte und Kurzprosa von Ilse Storfer umfassen alle Themen, die sich durch die Beobachtung der Welt mit den gegenw\u00e4rtigen Gegebenheiten ergeben und sind sowohl in Schriftsprache wie auch im Dialekt verfasst. Sie entstehen in der direkten Auseinander-setzung mit den vielen Menschen, denen Ilse Storfer in ihrer T\u00e4tigkeit als Chorleiterin und in der Kulturvermittlung begegnet.<br>Auch im Spannungsfeld der unterschiedlichen Lebensr\u00e4ume in Wien und in der Umgebung von Wien sowie in ihrer alten Heimat im Lavanttal\/K\u00e4rnten liegt sehr oft der Ursprung ihrer Kreationen. Viele ihrer Gedichte, Lieder und Skizzen entstehen in Theissenegg, ihrem Zweitwohnsitz, wo sie bei ihren Spazierg\u00e4ngen mit dem traumhaften Ausblick ins untere und ins obere Lavanttal unendliche Kraft sch\u00f6pft.<br>Einige ihrer Gedichte verarbeitet sie zu stimmigen Liedern, teilweise zweistimmig mit Gitarre-Begleitung, oder gesetzt f\u00fcr vierstimmigen Chor. Auch Chorkompositionen f\u00fcr die Messgestaltung liegen vor und werden von einigen Ch\u00f6ren in ganz \u00d6sterreich gerne gesungen.<\/p>\n\n\n\n<p>Ihre \u201eBunten Gedichte\u201c entstanden urspr\u00fcnglich aus der Absicht, Gedanken und Gedichte als Wandschmuck zu gestalten, Gedichte nicht nur in B\u00fcchern sondern auch in Bildern an die Wand zu bringen. So malte Ilse Storfer zuerst mit Dispersion auf Karton und in Mischtechniken, sp\u00e4ter vermehrt mit Acryl auf Leinwand \u2013 doch findet man immer wieder ein kurzes Gedicht, Aphorismen oder Haikus als Begleitung zu den Bildern. Die Themen sind auch hier wieder vorgegeben durch das Beobachten von Natur und Umwelt und sind getragen von der Absicht, Menschen bei allem Ernst und Materialismus dieser Tage auf die vorhandenen positiven Schwingungen hinzuweisen.<\/p>\n\n\n\n<p>Ilse Storfer schreibt Gedichte und Kurzprosa, malt und komponiert in der ihr eigenen direkten und doch philosophischen Art. Sie beobachtet die Menschen unserer Zeit und leuchtet dabei hinter all die k\u00fcnstlichen Fassaden, nimmt Schwingungen auf, die man nur mit einem offenen Geist und einer gro\u00dfen Liebe zur Menschheit wahrnimmt und erfasst so manche Zusammenh\u00e4nge und Entwicklungen unserer Zeit im Voraus und mahnt manchmal, jedoch ohne erhobenem Zeigefinger, im Wissen, dass eine unglaubliche Kraft in der Best\u00e4ndigkeit liegt. Mit ihren klaren unverschn\u00f6rkelten Worten, in ihren lebendigen eing\u00e4ngigen Melodien und mit ihren kraftvollen erfrischenden Farben mag sie diejenigen beeindrucken, die bereit sind, ein Du zuzulassen und die wissen, dass unsere Gesellschaft gesunden wird, wenn wir aufeinander zugehen.<br>Bislang f\u00fcnfzehn B\u00fcchern, diverse Brosch\u00fcren, ein immerw\u00e4hrender Kalender, sieben Messen und viele Liederhefte geben ein Zeugnis von der reichen Schaffenskraft dieser au\u00dfergew\u00f6hnlichen K\u00fcnstlerin. Dass sie au\u00dferdem ihre chorleiterischen Erfahrungen in den Dienst vieler S\u00e4ngerinnen und S\u00e4nger stellt, wissen viele Menschen zu sch\u00e4tzen, denen sie Freude am Singen und am gemeinschaftlichen Leben vermittelt und vor allem auch in ihren begeisternden Art vorlebt.&nbsp;<br>&nbsp;<br>Mit der Kulturwerkstatt SACOMA in Himberg hat die K\u00fcnstlerin gemeinsam mit ihrer Familie, Ehemann Adrian Schmied und&nbsp; Tochter Johanna Magdalena Schmied, einen Ort geschaffen, an dem man alle Hektik der Tageswelt zur\u00fccklassen darf, wo man aufgehoben ist in freundlicher Zuneigung und man sich einfach wohlf\u00fchlt im kreativen und wirklich interessanten Ambiente.<br>&nbsp;<br>Neben vielen anderen Ehrungen erhielt Ilse Storfer im Dezember 2013 f\u00fcr ihre umfangreiche kulturelle T\u00e4tigkeit den Berufstitel \u201eProfessorin\u201c verliehen.<\/p>\n\n\n\n<p><a href=\"https:\/\/picasaweb.google.com\/116905732083908928767\/Vernissage6?authuser=0&amp;feat=directlink\">Zu den Bildern<\/a><\/p>","protected":false},"excerpt":{"rendered":"<p>Prof. Ilse Storfer-Schmied&nbsp;&nbsp;&nbsp;&nbsp;Geboren in Wolfsberg\/K\u00e4rnten. Musikunterricht ab dem 7. Lebensjahr: Akkordeon, Violoncello und Gitarre (Musikschule Wolfsberg, Landeskonservatorium Klagenfurt, Musisch-p\u00e4dagogisches Gymnasium Wolfsberg) 1971 Matura. Ausbildung zum Hauptschullehrer f\u00fcr Mathematik, Geometrisches Zeichnen und Musikerziehung an er P\u00e4dAk\/Klagenfurt. Chorleiterausbildung bei mehreren Chorleiterkursen des BMfUK unter Prof. Erwin Ortner. Ilse Storfer stand 15 Jahre lang im K\u00e4rntner Schuldienst und &hellip;<\/p>","protected":false},"author":1,"featured_media":0,"parent":8969,"menu_order":0,"comment_status":"closed","ping_status":"closed","template":"","meta":{"footnotes":""},"class_list":["post-9069","page","type-page","status-publish","hentry"],"_links":{"self":[{"href":"https:\/\/st-andrae.info\/hr\/wp-json\/wp\/v2\/pages\/9069","targetHints":{"allow":["GET"]}}],"collection":[{"href":"https:\/\/st-andrae.info\/hr\/wp-json\/wp\/v2\/pages"}],"about":[{"href":"https:\/\/st-andrae.info\/hr\/wp-json\/wp\/v2\/types\/page"}],"author":[{"embeddable":true,"href":"https:\/\/st-andrae.info\/hr\/wp-json\/wp\/v2\/users\/1"}],"replies":[{"embeddable":true,"href":"https:\/\/st-andrae.info\/hr\/wp-json\/wp\/v2\/comments?post=9069"}],"version-history":[{"count":0,"href":"https:\/\/st-andrae.info\/hr\/wp-json\/wp\/v2\/pages\/9069\/revisions"}],"up":[{"embeddable":true,"href":"https:\/\/st-andrae.info\/hr\/wp-json\/wp\/v2\/pages\/8969"}],"wp:attachment":[{"href":"https:\/\/st-andrae.info\/hr\/wp-json\/wp\/v2\/media?parent=9069"}],"curies":[{"name":"wp","href":"https:\/\/api.w.org\/{rel}","templated":true}]}}