{"id":7247,"date":"2022-03-25T12:12:50","date_gmt":"2022-03-25T11:12:50","guid":{"rendered":"https:\/\/dev.alpsware.at\/hp12\/?page_id=7247"},"modified":"2022-04-19T08:32:52","modified_gmt":"2022-04-19T06:32:52","slug":"domkirche","status":"publish","type":"page","link":"https:\/\/st-andrae.info\/it\/historische-bauwerke\/domkirche\/","title":{"rendered":"Domkirche"},"content":{"rendered":"<div data-elementor-type=\"wp-page\" data-elementor-id=\"7247\" class=\"elementor elementor-7247\">\n\t\t\t\t\t\t<section class=\"elementor-section elementor-top-section elementor-element elementor-element-8df9923 elementor-section-boxed elementor-section-height-default elementor-section-height-default\" data-id=\"8df9923\" data-element_type=\"section\" data-e-type=\"section\" data-settings=\"{&quot;background_background&quot;:&quot;gradient&quot;}\">\n\t\t\t\t\t\t<div class=\"elementor-container elementor-column-gap-no\">\n\t\t\t\t\t<div class=\"elementor-column elementor-col-50 elementor-top-column elementor-element elementor-element-17e33fb\" data-id=\"17e33fb\" data-element_type=\"column\" data-e-type=\"column\">\n\t\t\t<div class=\"elementor-widget-wrap elementor-element-populated\">\n\t\t\t\t\t\t<section class=\"elementor-section elementor-inner-section elementor-element elementor-element-69a572f elementor-section-boxed elementor-section-height-default elementor-section-height-default\" data-id=\"69a572f\" data-element_type=\"section\" data-e-type=\"section\">\n\t\t\t\t\t\t<div class=\"elementor-container elementor-column-gap-wide\">\n\t\t\t\t\t<div class=\"elementor-column elementor-col-100 elementor-inner-column elementor-element elementor-element-46a2c6c\" data-id=\"46a2c6c\" data-element_type=\"column\" data-e-type=\"column\">\n\t\t\t<div class=\"elementor-widget-wrap elementor-element-populated\">\n\t\t\t\t\t\t<div class=\"elementor-element elementor-element-5be77f6 elementor-invisible elementor-widget elementor-widget-heading\" data-id=\"5be77f6\" data-element_type=\"widget\" data-e-type=\"widget\" data-settings=\"{&quot;_animation&quot;:&quot;fadeInLeft&quot;}\" data-widget_type=\"heading.default\">\n\t\t\t\t<div class=\"elementor-widget-container\">\n\t\t\t\t\t<h2 class=\"elementor-heading-title elementor-size-xxl\">Domkirche<\/h2>\t\t\t\t<\/div>\n\t\t\t\t<\/div>\n\t\t\t\t\t<\/div>\n\t\t<\/div>\n\t\t\t\t\t<\/div>\n\t\t<\/section>\n\t\t\t\t<section class=\"elementor-section elementor-inner-section elementor-element elementor-element-ac60459 elementor-section-boxed elementor-section-height-default elementor-section-height-default\" data-id=\"ac60459\" data-element_type=\"section\" data-e-type=\"section\">\n\t\t\t\t\t\t<div class=\"elementor-container elementor-column-gap-wide\">\n\t\t\t\t\t<div class=\"elementor-column elementor-col-100 elementor-inner-column elementor-element elementor-element-f20d42f\" data-id=\"f20d42f\" data-element_type=\"column\" data-e-type=\"column\">\n\t\t\t<div class=\"elementor-widget-wrap elementor-element-populated\">\n\t\t\t\t\t\t<div class=\"elementor-element elementor-element-fe40416 elementor-invisible elementor-widget elementor-widget-text-editor\" data-id=\"fe40416\" data-element_type=\"widget\" data-e-type=\"widget\" data-settings=\"{&quot;_animation&quot;:&quot;fadeInRight&quot;}\" data-widget_type=\"text-editor.default\">\n\t\t\t\t<div class=\"elementor-widget-container\">\n\t\t\t\t\t\t\t\t\t<p>Zwar ist das Entstehungsdatum der Kirche des hl. Andreas unbekannt, es besteht jedoch die Berechtigung zur Annahme, dass sie unter Bischof Modestus als eine der \u00e4ltesten Kirchen des Lavanttales erbaut wurde.<\/p>\t\t\t\t\t\t\t\t<\/div>\n\t\t\t\t<\/div>\n\t\t\t\t\t<\/div>\n\t\t<\/div>\n\t\t\t\t\t<\/div>\n\t\t<\/section>\n\t\t\t\t\t<\/div>\n\t\t<\/div>\n\t\t\t\t<div class=\"elementor-column elementor-col-50 elementor-top-column elementor-element elementor-element-6fbf3c5\" data-id=\"6fbf3c5\" data-element_type=\"column\" data-e-type=\"column\">\n\t\t\t<div class=\"elementor-widget-wrap elementor-element-populated\">\n\t\t\t\t\t\t<div class=\"elementor-element elementor-element-8140c5a elementor-hidden-phone animated-slow elementor-invisible elementor-widget elementor-widget-image\" data-id=\"8140c5a\" data-element_type=\"widget\" data-e-type=\"widget\" data-settings=\"{&quot;_animation&quot;:&quot;fadeIn&quot;}\" data-widget_type=\"image.default\">\n\t\t\t\t<div class=\"elementor-widget-container\">\n\t\t\t\t\t\t\t\t\t\t\t\t\t\t\t<img decoding=\"async\" src=\"https:\/\/st-andrae.info\/wp-content\/uploads\/elementor\/thumbs\/Domkirche-schneebedeckt-scaled-pnkzs0yinsbjyr56a6gqpwu38ikwqwo5uesclhnbdw.jpg\" title=\"Domkirche schneebedeckt\" alt=\"Domkirche schneebedeckt\" loading=\"lazy\" \/>\t\t\t\t\t\t\t\t\t\t\t\t\t\t\t<\/div>\n\t\t\t\t<\/div>\n\t\t\t\t\t<\/div>\n\t\t<\/div>\n\t\t\t\t\t<\/div>\n\t\t<\/section>\n\t\t\t\t<section class=\"elementor-section elementor-top-section elementor-element elementor-element-5f38504 elementor-section-boxed elementor-section-height-default elementor-section-height-default elementor-invisible\" data-id=\"5f38504\" data-element_type=\"section\" data-e-type=\"section\" data-settings=\"{&quot;animation&quot;:&quot;fadeInUp&quot;}\">\n\t\t\t\t\t\t<div class=\"elementor-container elementor-column-gap-default\">\n\t\t\t\t\t<div class=\"elementor-column elementor-col-100 elementor-top-column elementor-element elementor-element-1491a83\" data-id=\"1491a83\" data-element_type=\"column\" data-e-type=\"column\">\n\t\t\t<div class=\"elementor-widget-wrap elementor-element-populated\">\n\t\t\t\t\t\t<div class=\"elementor-element elementor-element-3fcb8fb elementor-widget elementor-widget-text-editor\" data-id=\"3fcb8fb\" data-element_type=\"widget\" data-e-type=\"widget\" data-widget_type=\"text-editor.default\">\n\t\t\t\t<div class=\"elementor-widget-container\">\n\t\t\t\t\t\t\t\t\t<p>Im Laufe des 17. und 19. Jahrhunderts wurden mehrere innere und \u00e4u\u00dfere Bauver\u00e4nderungen vorgenommen, wie zum Beispiel die Erh\u00f6hung s\u00e4mtlicher Mauern, Versehung der Decke mit Kreuzgew\u00f6lben und weiteren Arbeiten, durch welche die Kirche in ein gotisches Bauwerk umgewandelt wurde. Der Wunsch, dem auf die Nordfassade hinziehenden stra\u00dfenartigen Hauptlatz einen w\u00fcrdigen Abschluss zu geben, f\u00fchrte zur Errichtung eines gotischen Nordturmes und dadurch zur unkonventionellen Stellung der beiden \u00e4u\u00dferlich sehr \u00e4hnlichen T\u00fcrme. Zudem wurde im Jahr 1876 an der Westfassade mit dem Anbau einer aus drei Arkaden bestehenden Vorhalle begonnen.<br \/>\u00a0\u00a0<br \/>Auch dem urspr\u00fcnglich dreischiffigen Chor mauerte man die Nebench\u00f6re ab, richtete an der Nordseite eine Kapelle, an der S\u00fcdseite eine Sakristei ein und erh\u00f6hte gleichzeitig die Seitenschiffe. Ein sp\u00e4ter aufgesetztes durchlaufendes Dach machte die Fenster im Mittelschiff jedoch blind und wirkte sich so wesentlich auf die Helligkeit in der \u201eBasilika\u201c aus. Dechant Johann Ev. Tobeitz dr\u00e4ngte um die Jahrhundertwende zur Renovierung des Kirchenbaus, vor allem des Innenraums, was zur Aufstellung eines neuen Hochaltars (von M. Slama) im fr\u00fchgotischen Stil f\u00fchrte.\u00a0<br \/><br \/>Weiters befinden sich in der Kapelle n\u00f6rdlich des Westturmes und in der nordseitigen Chorkapelle Freskenreste aus dem 15. und 16. Jahrhundert mit der Darstellung der Kreuzigung Jesu, beeindruckende Bildwerke und zahlreiche bemerkenswerte Grabsteine von Bisch\u00f6fen und Pr\u00f6psten des Bistums Lavant. Dazu z\u00e4hlen beispielsweise der Portr\u00e4tgrabstein von Bischof Laurenz Lichtenberger (1446), der dem Schaffen Hans Eybenstocks zugeschrieben wird, oder der Grabstein Leonhards von Kollnitz mit einem Bildnis des Ritters aus dem Jahre 1517.<\/p><p class=\"translation-block\">Eine umfassende Au\u00dfen- und Innenrenovierung fand in den Jahren 1962 bis 1965 unter Dechant Erwin Lemich statt. Dach, Au\u00dfenfassade und T\u00fcrme wurden erneuert. Im Inneren bekam der fr\u00fchgotische Hochaltar eine dem Stil angepasste r\u00f6tliche Farbt\u00f6nung, die Chorfenster wurden zugemauert, Kanzel und Kreuzwegbilder aus der Kirche entfernt und die Seitenalt\u00e4re <br>neu gestaltet.<\/p>\t\t\t\t\t\t\t\t<\/div>\n\t\t\t\t<\/div>\n\t\t\t\t\t<\/div>\n\t\t<\/div>\n\t\t\t\t\t<\/div>\n\t\t<\/section>\n\t\t\t\t<\/div>","protected":false},"excerpt":{"rendered":"<p>Domkirche Zwar ist das Entstehungsdatum der Kirche des hl. Andreas unbekannt, es besteht jedoch die Berechtigung zur Annahme, dass sie unter Bischof Modestus als eine der \u00e4ltesten Kirchen des Lavanttales erbaut wurde. Im Laufe des 17. und 19. Jahrhunderts wurden mehrere innere und \u00e4u\u00dfere Bauver\u00e4nderungen vorgenommen, wie zum Beispiel die Erh\u00f6hung s\u00e4mtlicher Mauern, Versehung der &hellip;<\/p>","protected":false},"author":1,"featured_media":0,"parent":7121,"menu_order":0,"comment_status":"closed","ping_status":"closed","template":"elementor_header_footer","meta":{"footnotes":""},"class_list":["post-7247","page","type-page","status-publish","hentry"],"_links":{"self":[{"href":"https:\/\/st-andrae.info\/it\/wp-json\/wp\/v2\/pages\/7247","targetHints":{"allow":["GET"]}}],"collection":[{"href":"https:\/\/st-andrae.info\/it\/wp-json\/wp\/v2\/pages"}],"about":[{"href":"https:\/\/st-andrae.info\/it\/wp-json\/wp\/v2\/types\/page"}],"author":[{"embeddable":true,"href":"https:\/\/st-andrae.info\/it\/wp-json\/wp\/v2\/users\/1"}],"replies":[{"embeddable":true,"href":"https:\/\/st-andrae.info\/it\/wp-json\/wp\/v2\/comments?post=7247"}],"version-history":[{"count":0,"href":"https:\/\/st-andrae.info\/it\/wp-json\/wp\/v2\/pages\/7247\/revisions"}],"up":[{"embeddable":true,"href":"https:\/\/st-andrae.info\/it\/wp-json\/wp\/v2\/pages\/7121"}],"wp:attachment":[{"href":"https:\/\/st-andrae.info\/it\/wp-json\/wp\/v2\/media?parent=7247"}],"curies":[{"name":"wp","href":"https:\/\/api.w.org\/{rel}","templated":true}]}}