{"id":7249,"date":"2022-03-25T12:13:00","date_gmt":"2022-03-25T11:13:00","guid":{"rendered":"https:\/\/dev.alpsware.at\/hp12\/?page_id=7249"},"modified":"2022-06-27T13:52:48","modified_gmt":"2022-06-27T11:52:48","slug":"kloster-maria-loretto","status":"publish","type":"page","link":"https:\/\/st-andrae.info\/it\/historische-bauwerke\/kloster-maria-loretto\/","title":{"rendered":"Kloster Maria Loretto"},"content":{"rendered":"<div data-elementor-type=\"wp-page\" data-elementor-id=\"7249\" class=\"elementor elementor-7249\">\n\t\t\t\t\t\t<section class=\"elementor-section elementor-top-section elementor-element elementor-element-8c2ba6b elementor-section-boxed elementor-section-height-default elementor-section-height-default\" data-id=\"8c2ba6b\" data-element_type=\"section\" data-e-type=\"section\" data-settings=\"{&quot;background_background&quot;:&quot;gradient&quot;}\">\n\t\t\t\t\t\t<div class=\"elementor-container elementor-column-gap-no\">\n\t\t\t\t\t<div class=\"elementor-column elementor-col-50 elementor-top-column elementor-element elementor-element-9a93bf5\" data-id=\"9a93bf5\" data-element_type=\"column\" data-e-type=\"column\">\n\t\t\t<div class=\"elementor-widget-wrap elementor-element-populated\">\n\t\t\t\t\t\t<section class=\"elementor-section elementor-inner-section elementor-element elementor-element-767ea4b elementor-section-boxed elementor-section-height-default elementor-section-height-default\" data-id=\"767ea4b\" data-element_type=\"section\" data-e-type=\"section\">\n\t\t\t\t\t\t<div class=\"elementor-container elementor-column-gap-wide\">\n\t\t\t\t\t<div class=\"elementor-column elementor-col-100 elementor-inner-column elementor-element elementor-element-5fd12a0\" data-id=\"5fd12a0\" data-element_type=\"column\" data-e-type=\"column\">\n\t\t\t<div class=\"elementor-widget-wrap elementor-element-populated\">\n\t\t\t\t\t\t<div class=\"elementor-element elementor-element-4bd79d8 elementor-invisible elementor-widget elementor-widget-heading\" data-id=\"4bd79d8\" data-element_type=\"widget\" data-e-type=\"widget\" data-settings=\"{&quot;_animation&quot;:&quot;fadeInLeft&quot;}\" data-widget_type=\"heading.default\">\n\t\t\t\t<div class=\"elementor-widget-container\">\n\t\t\t\t\t<h2 class=\"elementor-heading-title elementor-size-xxl\">Die Gr\u00fcndung des Klosters Loretto<\/h2>\t\t\t\t<\/div>\n\t\t\t\t<\/div>\n\t\t\t\t\t<\/div>\n\t\t<\/div>\n\t\t\t\t\t<\/div>\n\t\t<\/section>\n\t\t\t\t\t<\/div>\n\t\t<\/div>\n\t\t\t\t<div class=\"elementor-column elementor-col-50 elementor-top-column elementor-element elementor-element-f321a06\" data-id=\"f321a06\" data-element_type=\"column\" data-e-type=\"column\">\n\t\t\t<div class=\"elementor-widget-wrap elementor-element-populated\">\n\t\t\t\t\t\t<div class=\"elementor-element elementor-element-ea39449 elementor-hidden-phone animated-slow elementor-invisible elementor-widget elementor-widget-image\" data-id=\"ea39449\" data-element_type=\"widget\" data-e-type=\"widget\" data-settings=\"{&quot;_animation&quot;:&quot;fadeIn&quot;}\" data-widget_type=\"image.default\">\n\t\t\t\t<div class=\"elementor-widget-container\">\n\t\t\t\t\t\t\t\t\t\t\t\t\t\t\t<img decoding=\"async\" src=\"https:\/\/st-andrae.info\/wp-content\/uploads\/elementor\/thumbs\/loreto-pnug8u1u6oytkhg24r30jg6974c0hwclbz80imctic.jpg\" title=\"loreto\" alt=\"loreto\" loading=\"lazy\" \/>\t\t\t\t\t\t\t\t\t\t\t\t\t\t\t<\/div>\n\t\t\t\t<\/div>\n\t\t\t\t\t<\/div>\n\t\t<\/div>\n\t\t\t\t\t<\/div>\n\t\t<\/section>\n\t\t\t\t<section class=\"elementor-section elementor-top-section elementor-element elementor-element-1bb4598 elementor-section-content-middle elementor-section-boxed elementor-section-height-default elementor-section-height-default\" data-id=\"1bb4598\" data-element_type=\"section\" data-e-type=\"section\" data-settings=\"{&quot;background_background&quot;:&quot;classic&quot;}\">\n\t\t\t\t\t\t<div class=\"elementor-container elementor-column-gap-no\">\n\t\t\t\t\t<div class=\"elementor-column elementor-col-100 elementor-top-column elementor-element elementor-element-db41451\" data-id=\"db41451\" data-element_type=\"column\" data-e-type=\"column\">\n\t\t\t<div class=\"elementor-widget-wrap elementor-element-populated\">\n\t\t\t\t\t\t<section class=\"elementor-section elementor-inner-section elementor-element elementor-element-83ef96c elementor-section-boxed elementor-section-height-default elementor-section-height-default elementor-invisible\" data-id=\"83ef96c\" data-element_type=\"section\" data-e-type=\"section\" data-settings=\"{&quot;background_background&quot;:&quot;classic&quot;,&quot;animation&quot;:&quot;fadeInLeft&quot;}\">\n\t\t\t\t\t\t<div class=\"elementor-container elementor-column-gap-wide\">\n\t\t\t\t\t<div class=\"elementor-column elementor-col-50 elementor-inner-column elementor-element elementor-element-1e00db3\" data-id=\"1e00db3\" data-element_type=\"column\" data-e-type=\"column\">\n\t\t\t<div class=\"elementor-widget-wrap elementor-element-populated\">\n\t\t\t\t\t\t<div class=\"elementor-element elementor-element-f5e79ad elementor-widget elementor-widget-heading\" data-id=\"f5e79ad\" data-element_type=\"widget\" data-e-type=\"widget\" data-widget_type=\"heading.default\">\n\t\t\t\t<div class=\"elementor-widget-container\">\n\t\t\t\t\t<h3 class=\"elementor-heading-title elementor-size-xl\">1665<\/h3>\t\t\t\t<\/div>\n\t\t\t\t<\/div>\n\t\t\t\t\t<\/div>\n\t\t<\/div>\n\t\t\t\t<div class=\"elementor-column elementor-col-50 elementor-inner-column elementor-element elementor-element-3cd9a50\" data-id=\"3cd9a50\" data-element_type=\"column\" data-e-type=\"column\">\n\t\t\t<div class=\"elementor-widget-wrap elementor-element-populated\">\n\t\t\t\t\t\t<div class=\"elementor-element elementor-element-b4689ae elementor-widget elementor-widget-text-editor\" data-id=\"b4689ae\" data-element_type=\"widget\" data-e-type=\"widget\" data-widget_type=\"text-editor.default\">\n\t\t\t\t<div class=\"elementor-widget-container\">\n\t\t\t\t\t\t\t\t\t<p><br \/>Die Priorin des Dominikanerinnenklosters von Mahrenberg an der Drau (SLO), Maria Johanna Linzer, w\u00fcnschte sich, bei der Loretokapelle in St. Andr\u00e4 ein Dominikanerinnenkloster zu gr\u00fcnden. Das Kloster in Mahrenberg geh\u00f6rte auch zur Di\u00f6zese Lavant. Der Klosterbau wurde alsdann mit gro\u00dfen finanziellen Schwierigkeiten begonnen und wurde 1665 vollendet. In demselben Jahr konnte das Kloster bezogen werden und unter dem F\u00fcrstbischof von Lavant, Sebastian Graf von P\u00f6tting aus Mahrenberg.<\/p>\t\t\t\t\t\t\t\t<\/div>\n\t\t\t\t<\/div>\n\t\t\t\t\t<\/div>\n\t\t<\/div>\n\t\t\t\t\t<\/div>\n\t\t<\/section>\n\t\t\t\t<section class=\"elementor-section elementor-inner-section elementor-element elementor-element-71f1acd elementor-reverse-mobile elementor-section-boxed elementor-section-height-default elementor-section-height-default elementor-invisible\" data-id=\"71f1acd\" data-element_type=\"section\" data-e-type=\"section\" data-settings=\"{&quot;background_background&quot;:&quot;classic&quot;,&quot;animation&quot;:&quot;fadeInRight&quot;}\">\n\t\t\t\t\t\t<div class=\"elementor-container elementor-column-gap-wide\">\n\t\t\t\t\t<div class=\"elementor-column elementor-col-50 elementor-inner-column elementor-element elementor-element-b4aeef4\" data-id=\"b4aeef4\" data-element_type=\"column\" data-e-type=\"column\">\n\t\t\t<div class=\"elementor-widget-wrap elementor-element-populated\">\n\t\t\t\t\t\t<div class=\"elementor-element elementor-element-ca9fa29 elementor-widget elementor-widget-text-editor\" data-id=\"ca9fa29\" data-element_type=\"widget\" data-e-type=\"widget\" data-widget_type=\"text-editor.default\">\n\t\t\t\t<div class=\"elementor-widget-container\">\n\t\t\t\t\t\t\t\t\t<p>Die Schwestern f\u00fchrten ein M\u00e4dchenpensionat und ein Altersheim f\u00fcr Frauen, sp\u00e4ter versahen sie auch Dienst in der Loretokirche.<br \/>Das Dominikanerinnenkloster wurde am 17.M\u00e4rz 1782 von Kaiser Franz Josef II. durch ein Hofdekret aufgehoben. Der Protest des F\u00fcrstbischofs von Lavant, Vinzenz Josef Graf von Schrattenbach, beim Kaiser war erfolglos. Nach 117 Jahren segensreicher T\u00e4tigkeit zum Wohle der Stadt mussten die Dominikanerinnen St. Andr\u00e4 verlassen. Sie fanden bei den Elisabethinen in Klagenfurt Asyl, Zuflucht und Aufnahme. Der Religionsfonds \u00fcbernahm das Klostergeb\u00e4ude in seinen Besitz.<\/p>\t\t\t\t\t\t\t\t<\/div>\n\t\t\t\t<\/div>\n\t\t\t\t\t<\/div>\n\t\t<\/div>\n\t\t\t\t<div class=\"elementor-column elementor-col-50 elementor-inner-column elementor-element elementor-element-f4e0cae\" data-id=\"f4e0cae\" data-element_type=\"column\" data-e-type=\"column\">\n\t\t\t<div class=\"elementor-widget-wrap elementor-element-populated\">\n\t\t\t\t\t\t<div class=\"elementor-element elementor-element-7870ac7 elementor-widget elementor-widget-heading\" data-id=\"7870ac7\" data-element_type=\"widget\" data-e-type=\"widget\" data-widget_type=\"heading.default\">\n\t\t\t\t<div class=\"elementor-widget-container\">\n\t\t\t\t\t<h3 class=\"elementor-heading-title elementor-size-xl\">1782<\/h3>\t\t\t\t<\/div>\n\t\t\t\t<\/div>\n\t\t\t\t\t<\/div>\n\t\t<\/div>\n\t\t\t\t\t<\/div>\n\t\t<\/section>\n\t\t\t\t<section class=\"elementor-section elementor-inner-section elementor-element elementor-element-41b4085 elementor-section-boxed elementor-section-height-default elementor-section-height-default elementor-invisible\" data-id=\"41b4085\" data-element_type=\"section\" data-e-type=\"section\" data-settings=\"{&quot;background_background&quot;:&quot;classic&quot;,&quot;animation&quot;:&quot;fadeInLeft&quot;}\">\n\t\t\t\t\t\t<div class=\"elementor-container elementor-column-gap-wide\">\n\t\t\t\t\t<div class=\"elementor-column elementor-col-50 elementor-inner-column elementor-element elementor-element-c5d7c19\" data-id=\"c5d7c19\" data-element_type=\"column\" data-e-type=\"column\">\n\t\t\t<div class=\"elementor-widget-wrap elementor-element-populated\">\n\t\t\t\t\t\t<div class=\"elementor-element elementor-element-68236ba elementor-widget elementor-widget-heading\" data-id=\"68236ba\" data-element_type=\"widget\" data-e-type=\"widget\" data-widget_type=\"heading.default\">\n\t\t\t\t<div class=\"elementor-widget-container\">\n\t\t\t\t\t<h3 class=\"elementor-heading-title elementor-size-xl\">1785<\/h3>\t\t\t\t<\/div>\n\t\t\t\t<\/div>\n\t\t\t\t\t<\/div>\n\t\t<\/div>\n\t\t\t\t<div class=\"elementor-column elementor-col-50 elementor-inner-column elementor-element elementor-element-e60d288\" data-id=\"e60d288\" data-element_type=\"column\" data-e-type=\"column\">\n\t\t\t<div class=\"elementor-widget-wrap elementor-element-populated\">\n\t\t\t\t\t\t<div class=\"elementor-element elementor-element-cda605d elementor-widget elementor-widget-text-editor\" data-id=\"cda605d\" data-element_type=\"widget\" data-e-type=\"widget\" data-widget_type=\"text-editor.default\">\n\t\t\t\t<div class=\"elementor-widget-container\">\n\t\t\t\t\t\t\t\t\t<p class=\"translation-block\">Um 1785 hielt ein Lehrer Novak im damals aufgelassenen \u201e\u00e4rarischen Frauenkloster\u201c Schule. \u201e\u00c4rarisch\u201c = lateinisch und hei\u00dft der Staatskasse geh\u00f6rend. \u201e\u00c4rarisches Frauenkloster\u201c = das verstaatlichte Frauenkloster.<br>Ein B\u00fcrger aus St. Andr\u00e4 kaufte das Geb\u00e4ude, und betrieb (im ehemaligen Kloster!) eine Brauerei mit Bierausschank. Ein Geb\u00e4ude wurde sogar zu einem Pferdestall umgebaut. Mit den Pferden hat der Besitzer die damaligen notwendigen Vorspanndienste f\u00fcr Fuhrwerke besorgt.<\/p>\t\t\t\t\t\t\t\t<\/div>\n\t\t\t\t<\/div>\n\t\t\t\t\t<\/div>\n\t\t<\/div>\n\t\t\t\t\t<\/div>\n\t\t<\/section>\n\t\t\t\t<section class=\"elementor-section elementor-inner-section elementor-element elementor-element-d261080 elementor-reverse-mobile elementor-section-boxed elementor-section-height-default elementor-section-height-default elementor-invisible\" data-id=\"d261080\" data-element_type=\"section\" data-e-type=\"section\" data-settings=\"{&quot;background_background&quot;:&quot;classic&quot;,&quot;animation&quot;:&quot;fadeInRight&quot;}\">\n\t\t\t\t\t\t<div class=\"elementor-container elementor-column-gap-wide\">\n\t\t\t\t\t<div class=\"elementor-column elementor-col-50 elementor-inner-column elementor-element elementor-element-4e46d0c\" data-id=\"4e46d0c\" data-element_type=\"column\" data-e-type=\"column\">\n\t\t\t<div class=\"elementor-widget-wrap elementor-element-populated\">\n\t\t\t\t\t\t<div class=\"elementor-element elementor-element-ee0f3f2 elementor-widget elementor-widget-text-editor\" data-id=\"ee0f3f2\" data-element_type=\"widget\" data-e-type=\"widget\" data-widget_type=\"text-editor.default\">\n\t\t\t\t<div class=\"elementor-widget-container\">\n\t\t\t\t\t\t\t\t\t<p>1826 brannte das Dach des Geb\u00e4udes ab, und der Besitzer war nicht in der Lage, es wieder in Stand zu setzen. So war das Geb\u00e4ude dem Verfall preisgegeben, es wurde zu einer Ruine! Der Elisabethinenverein, ein sozialer Wohlt\u00e4tigkeitsverein in St. Andr\u00e4, unterhielt und f\u00fchrte hier eine Armen-Arbeitsschule. Die Doktorswitwe Anna Vetter war in den Jahren vor 1880 Vorsteherin dieses Vereines bzw. dieser Schule. Sie setzte sich daf\u00fcr ein, dass sich in St. Andr\u00e4 wieder ein Frauenorden niederlassen m\u00f6ge und die Schule \u00fcbernehmen k\u00f6nnte. Die Gr\u00fcnderin der Kongregation der \u201eT\u00f6chter der g\u00f6ttlichen Liebe\u201c (1868), Mutter Franziska Lechner, kam vom Mutterhaus in Wien nach St. Andr\u00e4, um das vom Elisabethenverein angebotene Haus zu besichtigen. Es entsprach nicht ihren Vorstellungen. Sie sah aber die noch m\u00e4chtigen Mauern des ehemaligen Dominikanerinnenklosters und fasste den Entschluss, dieses Klostergeb\u00e4ude zu erneuern. Es wurde gleich ein Kaufvertrag mit dem damaligen Besitzer, Herrn Franz Sotlat, abgeschlossen (6600 Gulden). Der Baumeister Urbani aus St.Paul, und der Maurermeister Pitaco aus St. Andr\u00e4 erhielten den Auftrag zur Bauausf\u00fchrung. Das Geb\u00e4ude wurde um ein Stockwerk erh\u00f6ht, und so entstand das neue Kloster Maria Loretto der \u201eT\u00f6chter der g\u00f6ttlichen Liebe\u201c, das im Oktober 1880 von den Schwestern bezogen wurde.<\/p>\t\t\t\t\t\t\t\t<\/div>\n\t\t\t\t<\/div>\n\t\t\t\t\t<\/div>\n\t\t<\/div>\n\t\t\t\t<div class=\"elementor-column elementor-col-50 elementor-inner-column elementor-element elementor-element-3bcbb91\" data-id=\"3bcbb91\" data-element_type=\"column\" data-e-type=\"column\">\n\t\t\t<div class=\"elementor-widget-wrap elementor-element-populated\">\n\t\t\t\t\t\t<div class=\"elementor-element elementor-element-bf86c66 elementor-widget elementor-widget-heading\" data-id=\"bf86c66\" data-element_type=\"widget\" data-e-type=\"widget\" data-widget_type=\"heading.default\">\n\t\t\t\t<div class=\"elementor-widget-container\">\n\t\t\t\t\t<h3 class=\"elementor-heading-title elementor-size-xl\">1826 - 1880<\/h3>\t\t\t\t<\/div>\n\t\t\t\t<\/div>\n\t\t\t\t\t<\/div>\n\t\t<\/div>\n\t\t\t\t\t<\/div>\n\t\t<\/section>\n\t\t\t\t<section class=\"elementor-section elementor-inner-section elementor-element elementor-element-12f54c6 elementor-section-boxed elementor-section-height-default elementor-section-height-default elementor-invisible\" data-id=\"12f54c6\" data-element_type=\"section\" data-e-type=\"section\" data-settings=\"{&quot;background_background&quot;:&quot;classic&quot;,&quot;animation&quot;:&quot;fadeInLeft&quot;}\">\n\t\t\t\t\t\t<div class=\"elementor-container elementor-column-gap-wide\">\n\t\t\t\t\t<div class=\"elementor-column elementor-col-50 elementor-inner-column elementor-element elementor-element-016bb96\" data-id=\"016bb96\" data-element_type=\"column\" data-e-type=\"column\">\n\t\t\t<div class=\"elementor-widget-wrap elementor-element-populated\">\n\t\t\t\t\t\t<div class=\"elementor-element elementor-element-bb00a19 elementor-widget elementor-widget-heading\" data-id=\"bb00a19\" data-element_type=\"widget\" data-e-type=\"widget\" data-widget_type=\"heading.default\">\n\t\t\t\t<div class=\"elementor-widget-container\">\n\t\t\t\t\t<h3 class=\"elementor-heading-title elementor-size-xl\">1888<\/h3>\t\t\t\t<\/div>\n\t\t\t\t<\/div>\n\t\t\t\t\t<\/div>\n\t\t<\/div>\n\t\t\t\t<div class=\"elementor-column elementor-col-50 elementor-inner-column elementor-element elementor-element-f433883\" data-id=\"f433883\" data-element_type=\"column\" data-e-type=\"column\">\n\t\t\t<div class=\"elementor-widget-wrap elementor-element-populated\">\n\t\t\t\t\t\t<div class=\"elementor-element elementor-element-0a5bd6e elementor-widget elementor-widget-text-editor\" data-id=\"0a5bd6e\" data-element_type=\"widget\" data-e-type=\"widget\" data-widget_type=\"text-editor.default\">\n\t\t\t\t<div class=\"elementor-widget-container\">\n\t\t\t\t\t\t\t\t\t<p>1888 konnte das Kloster noch die angrenzende \u201eFuchshube\u201c erwerben. Die Erl\u00f6se dieser vorbildlich gef\u00fchrten Landwirtschaft dienen der Eigenversorgung des Klosters.<\/p>\t\t\t\t\t\t\t\t<\/div>\n\t\t\t\t<\/div>\n\t\t\t\t\t<\/div>\n\t\t<\/div>\n\t\t\t\t\t<\/div>\n\t\t<\/section>\n\t\t\t\t<section class=\"elementor-section elementor-inner-section elementor-element elementor-element-190a985 elementor-section-boxed elementor-section-height-default elementor-section-height-default elementor-invisible\" data-id=\"190a985\" data-element_type=\"section\" data-e-type=\"section\" data-settings=\"{&quot;background_background&quot;:&quot;classic&quot;,&quot;animation&quot;:&quot;fadeInUp&quot;}\">\n\t\t\t\t\t\t<div class=\"elementor-container elementor-column-gap-wide\">\n\t\t\t\t\t<div class=\"elementor-column elementor-col-100 elementor-inner-column elementor-element elementor-element-e6f29e7\" data-id=\"e6f29e7\" data-element_type=\"column\" data-e-type=\"column\">\n\t\t\t<div class=\"elementor-widget-wrap elementor-element-populated\">\n\t\t\t\t\t\t<div class=\"elementor-element elementor-element-02c82a1 elementor-widget elementor-widget-heading\" data-id=\"02c82a1\" data-element_type=\"widget\" data-e-type=\"widget\" data-widget_type=\"heading.default\">\n\t\t\t\t<div class=\"elementor-widget-container\">\n\t\t\t\t\t<h2 class=\"elementor-heading-title elementor-size-default\">Die Klosterschule Maria Loretto<\/h2>\t\t\t\t<\/div>\n\t\t\t\t<\/div>\n\t\t\t\t<div class=\"elementor-element elementor-element-a3f1e2b elementor-widget elementor-widget-text-editor\" data-id=\"a3f1e2b\" data-element_type=\"widget\" data-e-type=\"widget\" data-widget_type=\"text-editor.default\">\n\t\t\t\t<div class=\"elementor-widget-container\">\n\t\t\t\t\t\t\t\t\t<p>Im Jahre 1880 bezogen die Schwestern von der Kongregation der \u201eT\u00f6chter der g\u00f6ttlichen Liebe\u201c das Frauenkloster Maria Loretto in St.Andr\u00e4 \u2013 der Beginn einer neuen \u00c4ra. Im Oktober 1880 wurde schon ein Kindergarten und eine Arbeitsschule f\u00fcr M\u00e4dchen er\u00f6ffnet. Nur ein Monat sp\u00e4ter, im November, nahm die private M\u00e4dchenvolksschule mit angeschlossenem M\u00e4dchenpensionat ihren Betrieb auf. 3 Jahre sp\u00e4ter, 1883, erhielt die M\u00e4dchenvolksschule schon das \u00d6ffentlichkeitsrecht. Um die Jahrhundertwende schickten die B\u00fcrger der Stadt ihre Kinder gerne in diese mittlerweile hochgesch\u00e4tzte Klosterschule. Z\u00f6glinge aus dem ganzen Lavanttal fanden Aufnahme im Internat, aber auch aus verschiedenen Orten K\u00e4rntens. Verm\u00f6gende B\u00fcrger, h\u00f6here Staatsbeamte der Monarchie (Triest, G\u00f6rz und anderen St\u00e4dten) schickten ihre T\u00f6chter zur Erziehung in die Klosterschule Maria Loretto. Zeitweise fanden 60 M\u00e4dchen Aufnahme im Internat. Schon in dieser Zeit wurden in der Privat-Volksschule Maria Loretto die Sch\u00fclerinnen auch in den Gegenst\u00e4nden der B\u00fcrgerschule unterrichtet, sie mussten sich dann aber einer Abschlusspr\u00fcfung vor einer staatlichen B\u00fcrgerschule in Klagenfurt unterziehen. 1920 erhielten dann die Schwestern endlich die Erlaubnis zur F\u00fchrung einer B\u00fcrgerschule. 1926 erhielt die B\u00fcrgerschule des Klosters das \u00d6ffentlichkeitsrecht. 1927 wurde aus der B\u00fcrgerschule die Hauptschule. Mit dem Schuljahr 1927\/28 wurde eine einz\u00fcgig gef\u00fchrte Hauptschule er\u00f6ffnet. Nach dem \u201eAnschluss\u201c \u00d6sterreichs an das Deutsche Reich 1938 wurde den Schulschwestern des Klosters die F\u00fchrung einer Schule verboten und das \u00d6ffentlichkeitsrecht entzogen. Die Schwestern durften im Kloster bleiben, ihr Besitz wurde nicht, wie jener der Jesuiten, enteignet. Die Schulr\u00e4ume wurden durch einen Mietvertrag zwischen Kloster und Gemeinde von einer staatlich gef\u00fchrten Hauptschule \u00fcbernommen. <br \/><br \/>Im November 1945, nach Ende des 2.Weltkrieges, konnten die Schwestern den Schulbetrieb wieder aufnehmen. Das \u00d6ffentlichkeitsrecht erhielt die Schule im August 1946 zur\u00fcck. Nach dem Krieg stieg die Sch\u00fclerzahl stark an, und es wurden auch Knaben aufgenommen. Der Schulraum wurde zu knapp, sodass man sich zu einem Zubau entschloss. 1963 konnte ein zweist\u00f6ckiger Zubau zum Kloster seiner Bestimmung \u00fcbergeben werden, in dem sich Platz f\u00fcr den Kindergarten, die Schule und das Internat fand. 1966 er\u00f6ffneten die Schwestern auch eine Haushaltungsschule, an der auch das eben neu eingef\u00fchrte 9.Schuljahr (Polytechnischer Lehrgang) absolviert werden kann. 3 Jahre sp\u00e4ter, 1969, bekamen die Schwestern auch f\u00fcr diese neue Schultype das \u00d6ffentlichkeitsrecht. Seit September 1979 wird neben dem einj\u00e4hrigen Haushaltungskurs, der aus der Arbeitsschule hervorging, auch ein zweij\u00e4hriger Kurs f\u00fcr behinderte M\u00e4dchen gef\u00fchrt. Das Amt der K\u00e4rntner Landesregierung weist die M\u00e4dchen dieser Schule zu.<br \/><br \/>Der Kindergarten wurde wieder zu klein, sodass man sich entschloss, einen Neubau zu errichten. Im September 1979 fand die Einweihung des modernst eingerichteten Kindergartens statt. Einige Tausend junge Menschen besuchten seit der Gr\u00fcndung 1880 bis heute die Klosterschule Maria Loretto. Der gute Ruf dieser Schule begr\u00fcndet sich auf einer fundierten Vermittlung des f\u00fcr das Leben notwendigen Wissens, durch die gesch\u00e4tzte hauswirtschaftliche Ausbildung der M\u00e4dchen, aber auch ihre ethische, humanit\u00e4re und christliche Erziehung. Die j\u00e4hrlichen Sch\u00fclertreffen zeugen von der Treue und dankbaren Verbundenheit der einstigen Sch\u00fcler zum Kloster Maria Loretto.<\/p>\t\t\t\t\t\t\t\t<\/div>\n\t\t\t\t<\/div>\n\t\t\t\t<div class=\"elementor-element elementor-element-b9e85cc elementor-widget elementor-widget-text-editor\" data-id=\"b9e85cc\" data-element_type=\"widget\" data-e-type=\"widget\" data-widget_type=\"text-editor.default\">\n\t\t\t\t<div class=\"elementor-widget-container\">\n\t\t\t\t\t\t\t\t\t<p>Seit dem Schuljahr 2021\/2022 befindet sich dort die neue Schule \u201eLAVANTINUM\u201c mit einem innovativen Bildungskonzept f\u00fcr Sch\u00fclerinnen und Sch\u00fcler von 6 bis 15 Jahren.<\/p>\t\t\t\t\t\t\t\t<\/div>\n\t\t\t\t<\/div>\n\t\t\t\t\t<\/div>\n\t\t<\/div>\n\t\t\t\t\t<\/div>\n\t\t<\/section>\n\t\t\t\t\t<\/div>\n\t\t<\/div>\n\t\t\t\t\t<\/div>\n\t\t<\/section>\n\t\t\t\t<\/div>","protected":false},"excerpt":{"rendered":"<p>Die Gr\u00fcndung des Klosters Loretto 1665 Die Priorin des Dominikanerinnenklosters von Mahrenberg an der Drau (SLO), Maria Johanna Linzer, w\u00fcnschte sich, bei der Loretokapelle in St. Andr\u00e4 ein Dominikanerinnenkloster zu gr\u00fcnden. Das Kloster in Mahrenberg geh\u00f6rte auch zur Di\u00f6zese Lavant. Der Klosterbau wurde alsdann mit gro\u00dfen finanziellen Schwierigkeiten begonnen und wurde 1665 vollendet. In demselben &hellip;<\/p>","protected":false},"author":1,"featured_media":0,"parent":7121,"menu_order":0,"comment_status":"closed","ping_status":"closed","template":"elementor_header_footer","meta":{"footnotes":""},"class_list":["post-7249","page","type-page","status-publish","hentry"],"_links":{"self":[{"href":"https:\/\/st-andrae.info\/it\/wp-json\/wp\/v2\/pages\/7249","targetHints":{"allow":["GET"]}}],"collection":[{"href":"https:\/\/st-andrae.info\/it\/wp-json\/wp\/v2\/pages"}],"about":[{"href":"https:\/\/st-andrae.info\/it\/wp-json\/wp\/v2\/types\/page"}],"author":[{"embeddable":true,"href":"https:\/\/st-andrae.info\/it\/wp-json\/wp\/v2\/users\/1"}],"replies":[{"embeddable":true,"href":"https:\/\/st-andrae.info\/it\/wp-json\/wp\/v2\/comments?post=7249"}],"version-history":[{"count":0,"href":"https:\/\/st-andrae.info\/it\/wp-json\/wp\/v2\/pages\/7249\/revisions"}],"up":[{"embeddable":true,"href":"https:\/\/st-andrae.info\/it\/wp-json\/wp\/v2\/pages\/7121"}],"wp:attachment":[{"href":"https:\/\/st-andrae.info\/it\/wp-json\/wp\/v2\/media?parent=7249"}],"curies":[{"name":"wp","href":"https:\/\/api.w.org\/{rel}","templated":true}]}}