{"id":7281,"date":"2022-03-25T12:30:56","date_gmt":"2022-03-25T11:30:56","guid":{"rendered":"https:\/\/dev.alpsware.at\/hp12\/?page_id=7281"},"modified":"2022-04-19T12:14:07","modified_gmt":"2022-04-19T10:14:07","slug":"stadtmauer-und-stadttore","status":"publish","type":"page","link":"https:\/\/st-andrae.info\/it\/historische-bauwerke\/stadtmauer-und-stadttore\/","title":{"rendered":"Stadtmauer und Stadttore"},"content":{"rendered":"<div data-elementor-type=\"wp-page\" data-elementor-id=\"7281\" class=\"elementor elementor-7281\">\n\t\t\t\t\t\t<section class=\"elementor-section elementor-top-section elementor-element elementor-element-299787b elementor-section-boxed elementor-section-height-default elementor-section-height-default\" data-id=\"299787b\" data-element_type=\"section\" data-e-type=\"section\" data-settings=\"{&quot;background_background&quot;:&quot;gradient&quot;}\">\n\t\t\t\t\t\t<div class=\"elementor-container elementor-column-gap-no\">\n\t\t\t\t\t<div class=\"elementor-column elementor-col-50 elementor-top-column elementor-element elementor-element-4fd4c42\" data-id=\"4fd4c42\" data-element_type=\"column\" data-e-type=\"column\">\n\t\t\t<div class=\"elementor-widget-wrap elementor-element-populated\">\n\t\t\t\t\t\t<section class=\"elementor-section elementor-inner-section elementor-element elementor-element-42cea97 elementor-section-boxed elementor-section-height-default elementor-section-height-default\" data-id=\"42cea97\" data-element_type=\"section\" data-e-type=\"section\">\n\t\t\t\t\t\t<div class=\"elementor-container elementor-column-gap-wide\">\n\t\t\t\t\t<div class=\"elementor-column elementor-col-100 elementor-inner-column elementor-element elementor-element-0bd5cfc\" data-id=\"0bd5cfc\" data-element_type=\"column\" data-e-type=\"column\">\n\t\t\t<div class=\"elementor-widget-wrap elementor-element-populated\">\n\t\t\t\t\t\t<div class=\"elementor-element elementor-element-05dd9bc elementor-invisible elementor-widget elementor-widget-heading\" data-id=\"05dd9bc\" data-element_type=\"widget\" data-e-type=\"widget\" data-settings=\"{&quot;_animation&quot;:&quot;fadeInLeft&quot;}\" data-widget_type=\"heading.default\">\n\t\t\t\t<div class=\"elementor-widget-container\">\n\t\t\t\t\t<h2 class=\"elementor-heading-title elementor-size-xxl\">Stadtmauer und Stadttore<\/h2>\t\t\t\t<\/div>\n\t\t\t\t<\/div>\n\t\t\t\t\t<\/div>\n\t\t<\/div>\n\t\t\t\t\t<\/div>\n\t\t<\/section>\n\t\t\t\t<section class=\"elementor-section elementor-inner-section elementor-element elementor-element-18ec49e elementor-section-boxed elementor-section-height-default elementor-section-height-default\" data-id=\"18ec49e\" data-element_type=\"section\" data-e-type=\"section\">\n\t\t\t\t\t\t<div class=\"elementor-container elementor-column-gap-wide\">\n\t\t\t\t\t<div class=\"elementor-column elementor-col-100 elementor-inner-column elementor-element elementor-element-f089e99\" data-id=\"f089e99\" data-element_type=\"column\" data-e-type=\"column\">\n\t\t\t<div class=\"elementor-widget-wrap elementor-element-populated\">\n\t\t\t\t\t\t<div class=\"elementor-element elementor-element-c373d58 elementor-invisible elementor-widget elementor-widget-text-editor\" data-id=\"c373d58\" data-element_type=\"widget\" data-e-type=\"widget\" data-settings=\"{&quot;_animation&quot;:&quot;fadeInRight&quot;}\" data-widget_type=\"text-editor.default\">\n\t\t\t\t<div class=\"elementor-widget-container\">\n\t\t\t\t\t\t\t\t\t<div class=\"col-sm-3\"><div class=\"neos-contentcollection\"><div class=\"typo3-neos-nodetypes-image\">\u00a0<\/div><\/div><\/div><div class=\"col-sm-9\"><div class=\"neos-contentcollection\"><div class=\"typo3-neos-nodetypes-text\"><div><p>Das Befestigungsrecht f\u00fcr St. Andr\u00e4 hatte Erzbischof Heinrich sicherlich auch aufgrund der damaligen Auseinandersetzungen zwischen den Adeligen des Lavanttales erstrebt, die wohl in einer Zeit der Verpf\u00e4ndung der bambergischen Besitzungen in K\u00e4rnten an Graf Ulrich von Pfannberg w\u00e4hrend der Jahre 1335-1343 besonderen Umfang angenommen hatten.<\/p><\/div><\/div><\/div><\/div>\t\t\t\t\t\t\t\t<\/div>\n\t\t\t\t<\/div>\n\t\t\t\t\t<\/div>\n\t\t<\/div>\n\t\t\t\t\t<\/div>\n\t\t<\/section>\n\t\t\t\t\t<\/div>\n\t\t<\/div>\n\t\t\t\t<div class=\"elementor-column elementor-col-50 elementor-top-column elementor-element elementor-element-1c1c79b\" data-id=\"1c1c79b\" data-element_type=\"column\" data-e-type=\"column\">\n\t\t\t<div class=\"elementor-widget-wrap elementor-element-populated\">\n\t\t\t\t\t\t<div class=\"elementor-element elementor-element-0cc978d elementor-hidden-phone animated-slow elementor-invisible elementor-widget elementor-widget-image\" data-id=\"0cc978d\" data-element_type=\"widget\" data-e-type=\"widget\" data-settings=\"{&quot;_animation&quot;:&quot;fadeIn&quot;}\" data-widget_type=\"image.default\">\n\t\t\t\t<div class=\"elementor-widget-container\">\n\t\t\t\t\t\t\t\t\t\t\t\t\t\t\t<img decoding=\"async\" src=\"https:\/\/st-andrae.info\/wp-content\/uploads\/elementor\/thumbs\/phpThumb_generated_thumbnailjpg-2-pnl9fmnw165vfg8bixkzap1nn7ag9dmpavvim894dg.jpg\" title=\"phpThumb_generated_thumbnailjpg\" alt=\"phpThumb_generated_thumbnailjpg\" loading=\"lazy\" \/>\t\t\t\t\t\t\t\t\t\t\t\t\t\t\t<\/div>\n\t\t\t\t<\/div>\n\t\t\t\t\t<\/div>\n\t\t<\/div>\n\t\t\t\t\t<\/div>\n\t\t<\/section>\n\t\t\t\t<section class=\"elementor-section elementor-top-section elementor-element elementor-element-ba02a7e elementor-section-boxed elementor-section-height-default elementor-section-height-default elementor-invisible\" data-id=\"ba02a7e\" data-element_type=\"section\" data-e-type=\"section\" data-settings=\"{&quot;animation&quot;:&quot;fadeInUp&quot;}\">\n\t\t\t\t\t\t<div class=\"elementor-container elementor-column-gap-default\">\n\t\t\t\t\t<div class=\"elementor-column elementor-col-100 elementor-top-column elementor-element elementor-element-767505e\" data-id=\"767505e\" data-element_type=\"column\" data-e-type=\"column\">\n\t\t\t<div class=\"elementor-widget-wrap elementor-element-populated\">\n\t\t\t\t\t\t<div class=\"elementor-element elementor-element-c0a57d0 elementor-widget elementor-widget-text-editor\" data-id=\"c0a57d0\" data-element_type=\"widget\" data-e-type=\"widget\" data-widget_type=\"text-editor.default\">\n\t\t\t\t<div class=\"elementor-widget-container\">\n\t\t\t\t\t\t\t\t\t<p>Aus diesen Streiterein heraus ist deutlich erkennbar, wie wichtig eine Befestigung f\u00fcr eine Stadt in der damaligen Zeit eigentlich war. Die Befestigung durch Mauer, Wall und Graben war f\u00fcr die Sicherheit der Stadt von gr\u00f6\u00dfter Bedeutung und verhinderte eben dadurch einige Male ihre Eroberung. Aus einigen Urkunden ist auch zu entnehmen, dass der Ausbau und die Verst\u00e4rkung der Mauern zu den besonderen Aufgaben der B\u00fcrger z\u00e4hlte.<br \/>Aus dem Jahre 1587 gibt es auch eine Urkunde, in welcher zum Beispiel der Bau eines Ganges an der Stadtmauer angeordnet wurde.<\/p><p>\u00a0<\/p><p>Das \u00e4lteste erhaltene Stadttor befindet sich im S\u00fcden der Stadt, wo man auch noch Reste der Ringmauer vorfindet. Durch dieses Tor f\u00fchrt heute noch ein Weg zur \u201eTr\u00e4nke\u201c in die Blaiken. Das Tor wurde anl\u00e4sslich der Ummauerung der Stadt 1339 zur Zeit Albrecht II. Von \u00d6sterreich erbaut und z\u00e4hlt zu den fr\u00fchesten Zeugen des Bestehens der Stadt.<\/p><p>\u00a0<\/p><p>Obere Stadt mit Kaufhaus Krametter: Entlang der Stra\u00dfe erkennt man die Reste des alten Stadttores Richtung Wolfsberg (S\u00e4ulen des Torbogens). Dahinter befindet sich das Haus des Huf- und Wagenschmiedes Franz Unterkircher.<\/p><p>\u00a0<\/p><p>Das Lavanttal war bereits in der R\u00f6merzeit in verkehrsgeographischer Hinsicht von gro\u00dfer Bedeutung. Zahlreiche Spuren alter R\u00f6merstra\u00dfen finden sich im ganzen Tal und zeugen von einem regen Handels- und Reiseverkehr in der Vergangenheit. Durch das Gemeindegebiet f\u00fchrten drei R\u00f6merstra\u00dfen.<\/p><p>\u00a0<\/p><p>Epigraphische Zeugnisse aus der R\u00f6merzeit befinden sich innerhalb des Torbogens, in der Krypta der Pfarrkirche und auf zwei Steintafeln im Haus Elisabeth.<\/p>\t\t\t\t\t\t\t\t<\/div>\n\t\t\t\t<\/div>\n\t\t\t\t\t<\/div>\n\t\t<\/div>\n\t\t\t\t\t<\/div>\n\t\t<\/section>\n\t\t\t\t<\/div>","protected":false},"excerpt":{"rendered":"<p>Stadtmauer und Stadttore \u00a0 Das Befestigungsrecht f\u00fcr St. Andr\u00e4 hatte Erzbischof Heinrich sicherlich auch aufgrund der damaligen Auseinandersetzungen zwischen den Adeligen des Lavanttales erstrebt, die wohl in einer Zeit der Verpf\u00e4ndung der bambergischen Besitzungen in K\u00e4rnten an Graf Ulrich von Pfannberg w\u00e4hrend der Jahre 1335-1343 besonderen Umfang angenommen hatten. Aus diesen Streiterein heraus ist deutlich &hellip;<\/p>","protected":false},"author":1,"featured_media":0,"parent":7121,"menu_order":0,"comment_status":"closed","ping_status":"closed","template":"elementor_header_footer","meta":{"footnotes":""},"class_list":["post-7281","page","type-page","status-publish","hentry"],"_links":{"self":[{"href":"https:\/\/st-andrae.info\/it\/wp-json\/wp\/v2\/pages\/7281","targetHints":{"allow":["GET"]}}],"collection":[{"href":"https:\/\/st-andrae.info\/it\/wp-json\/wp\/v2\/pages"}],"about":[{"href":"https:\/\/st-andrae.info\/it\/wp-json\/wp\/v2\/types\/page"}],"author":[{"embeddable":true,"href":"https:\/\/st-andrae.info\/it\/wp-json\/wp\/v2\/users\/1"}],"replies":[{"embeddable":true,"href":"https:\/\/st-andrae.info\/it\/wp-json\/wp\/v2\/comments?post=7281"}],"version-history":[{"count":0,"href":"https:\/\/st-andrae.info\/it\/wp-json\/wp\/v2\/pages\/7281\/revisions"}],"up":[{"embeddable":true,"href":"https:\/\/st-andrae.info\/it\/wp-json\/wp\/v2\/pages\/7121"}],"wp:attachment":[{"href":"https:\/\/st-andrae.info\/it\/wp-json\/wp\/v2\/media?parent=7281"}],"curies":[{"name":"wp","href":"https:\/\/api.w.org\/{rel}","templated":true}]}}