{"id":8934,"date":"2023-02-10T14:37:15","date_gmt":"2023-02-10T13:37:15","guid":{"rendered":"https:\/\/st-andrae.info\/?page_id=8934"},"modified":"2025-06-03T13:03:06","modified_gmt":"2025-06-03T11:03:06","slug":"galerie-ii-2","status":"publish","type":"page","link":"https:\/\/st-andrae.info\/it\/galerie-ii-2\/","title":{"rendered":"Galerie II"},"content":{"rendered":"<div data-elementor-type=\"wp-page\" data-elementor-id=\"8934\" class=\"elementor elementor-8934\">\n\t\t\t\t\t\t<section class=\"elementor-section elementor-top-section elementor-element elementor-element-202ec1d elementor-section-boxed elementor-section-height-default elementor-section-height-default\" data-id=\"202ec1d\" data-element_type=\"section\" data-e-type=\"section\" data-settings=\"{&quot;background_background&quot;:&quot;gradient&quot;}\">\n\t\t\t\t\t\t<div class=\"elementor-container elementor-column-gap-no\">\n\t\t\t\t\t<div class=\"elementor-column elementor-col-50 elementor-top-column elementor-element elementor-element-83b192a\" data-id=\"83b192a\" data-element_type=\"column\" data-e-type=\"column\">\n\t\t\t<div class=\"elementor-widget-wrap elementor-element-populated\">\n\t\t\t\t\t\t<section class=\"elementor-section elementor-inner-section elementor-element elementor-element-754ba26 elementor-section-boxed elementor-section-height-default elementor-section-height-default\" data-id=\"754ba26\" data-element_type=\"section\" data-e-type=\"section\">\n\t\t\t\t\t\t<div class=\"elementor-container elementor-column-gap-wide\">\n\t\t\t\t\t<div class=\"elementor-column elementor-col-100 elementor-inner-column elementor-element elementor-element-ca8525c\" data-id=\"ca8525c\" data-element_type=\"column\" data-e-type=\"column\">\n\t\t\t<div class=\"elementor-widget-wrap elementor-element-populated\">\n\t\t\t\t\t\t<div class=\"elementor-element elementor-element-998ef64 elementor-invisible elementor-widget elementor-widget-heading\" data-id=\"998ef64\" data-element_type=\"widget\" data-e-type=\"widget\" data-settings=\"{&quot;_animation&quot;:&quot;fadeInLeft&quot;}\" data-widget_type=\"heading.default\">\n\t\t\t\t<div class=\"elementor-widget-container\">\n\t\t\t\t\t<h2 class=\"elementor-heading-title elementor-size-xxl\">Galerie II<\/h2>\t\t\t\t<\/div>\n\t\t\t\t<\/div>\n\t\t\t\t\t<\/div>\n\t\t<\/div>\n\t\t\t\t\t<\/div>\n\t\t<\/section>\n\t\t\t\t<section class=\"elementor-section elementor-inner-section elementor-element elementor-element-e19c1d7 elementor-section-boxed elementor-section-height-default elementor-section-height-default\" data-id=\"e19c1d7\" data-element_type=\"section\" data-e-type=\"section\">\n\t\t\t\t\t\t<div class=\"elementor-container elementor-column-gap-wide\">\n\t\t\t\t\t<div class=\"elementor-column elementor-col-100 elementor-inner-column elementor-element elementor-element-8cedae7\" data-id=\"8cedae7\" data-element_type=\"column\" data-e-type=\"column\">\n\t\t\t<div class=\"elementor-widget-wrap elementor-element-populated\">\n\t\t\t\t\t\t<div class=\"elementor-element elementor-element-e6e1a38 elementor-invisible elementor-widget elementor-widget-text-editor\" data-id=\"e6e1a38\" data-element_type=\"widget\" data-e-type=\"widget\" data-settings=\"{&quot;_animation&quot;:&quot;fadeInRight&quot;}\" data-widget_type=\"text-editor.default\">\n\t\t\t\t<div class=\"elementor-widget-container\">\n\t\t\t\t\t\t\t\t\t<p>Seit der Er\u00f6ffnung der Galerier\u00e4umlichkeiten im Oktober des Jahres 2013 haben mittlerweile zahlreiche namhafte in- und ausl\u00e4ndische K\u00fcnstler ihre Werke in der Galerie II in St. Andr\u00e4 Nr. 56 ausgestellt.<\/p><p><a style=\"text-decoration-line: underline; transition-property: all; color: #e63121;\" href=\"https:\/\/st-andrae.info\/it\/veranstaltungen\/aschermittwoch-der-kunst-2\/\">Hier\u00a0<\/a>geht es zur laufenden Ausstellung.<\/p>\t\t\t\t\t\t\t\t<\/div>\n\t\t\t\t<\/div>\n\t\t\t\t\t<\/div>\n\t\t<\/div>\n\t\t\t\t\t<\/div>\n\t\t<\/section>\n\t\t\t\t\t<\/div>\n\t\t<\/div>\n\t\t\t\t<div class=\"elementor-column elementor-col-50 elementor-top-column elementor-element elementor-element-1a62bc3\" data-id=\"1a62bc3\" data-element_type=\"column\" data-e-type=\"column\">\n\t\t\t<div class=\"elementor-widget-wrap elementor-element-populated\">\n\t\t\t\t\t\t<div class=\"elementor-element elementor-element-f0da485 elementor-hidden-phone animated-slow elementor-invisible elementor-widget elementor-widget-image\" data-id=\"f0da485\" data-element_type=\"widget\" data-e-type=\"widget\" data-settings=\"{&quot;_animation&quot;:&quot;fadeIn&quot;}\" data-widget_type=\"image.default\">\n\t\t\t\t<div class=\"elementor-widget-container\">\n\t\t\t\t\t\t\t\t\t\t\t\t\t\t\t<img decoding=\"async\" src=\"https:\/\/st-andrae.info\/wp-content\/uploads\/elementor\/thumbs\/DSC_1327-scaled-q252z6z9jk5mafeneeg9zbk6h5rcjpolt5ofc8m8v8.jpg\" title=\"DSC_1327\" alt=\"DSC_1327\" loading=\"lazy\" \/>\t\t\t\t\t\t\t\t\t\t\t\t\t\t\t<\/div>\n\t\t\t\t<\/div>\n\t\t\t\t\t<\/div>\n\t\t<\/div>\n\t\t\t\t\t<\/div>\n\t\t<\/section>\n\t\t\t\t<section class=\"elementor-section elementor-inner-section elementor-element elementor-element-9f2971c elementor-section-boxed elementor-section-height-default elementor-section-height-default elementor-invisible\" data-id=\"9f2971c\" data-element_type=\"section\" data-e-type=\"section\" data-settings=\"{&quot;animation&quot;:&quot;fadeInRight&quot;}\">\n\t\t\t\t\t\t<div class=\"elementor-container elementor-column-gap-wider\">\n\t\t\t\t\t<div class=\"elementor-column elementor-col-100 elementor-inner-column elementor-element elementor-element-8e97713\" data-id=\"8e97713\" data-element_type=\"column\" data-e-type=\"column\">\n\t\t\t<div class=\"elementor-widget-wrap elementor-element-populated\">\n\t\t\t\t\t\t<div class=\"elementor-element elementor-element-afec225 elementor-widget elementor-widget-text-editor\" data-id=\"afec225\" data-element_type=\"widget\" data-e-type=\"widget\" data-widget_type=\"text-editor.default\">\n\t\t\t\t<div class=\"elementor-widget-container\">\n\t\t\t\t\t\t\t\t\t<p>Im \u00f6ffentlichen Raum sind Skulpturen zu sehen \u2013 vor der Wallfahrtskirche Maria Loreto Skulpturen von HIRONORI KATAGIRI und HELMUT MACHHAMMER sowie vor der Domkirche Skulpturen von SIBYLLE VON HALEM und DU\u0160AN KIRBI\u0160.<\/p><p>Jeden letzten Donnerstag im Monat findet im Rahmen des Kulturcafe eine Lesung in der B\u00fccherei\/Galerie II jeweils um 18:30 Uhr statt.<br>Informationen zur n\u00e4chsten Lesung finden Sie <a href=\"https:\/\/st-andrae.info\/it\/veranstaltungen\/lesung-18\/\">hier<\/a>.<\/p>\n<p>\u00d6ffnungszeiten: Dienstag bis Freitag von 9 bis 18 Uhr und Samstag von 9 bis 12 Uhr.<\/p>\t\t\t\t\t\t\t\t<\/div>\n\t\t\t\t<\/div>\n\t\t\t\t\t<\/div>\n\t\t<\/div>\n\t\t\t\t\t<\/div>\n\t\t<\/section>\n\t\t\t\t<section class=\"elementor-section elementor-top-section elementor-element elementor-element-7692379 elementor-section-boxed elementor-section-height-default elementor-section-height-default\" data-id=\"7692379\" data-element_type=\"section\" data-e-type=\"section\">\n\t\t\t\t\t\t<div class=\"elementor-container elementor-column-gap-default\">\n\t\t\t\t\t<div class=\"elementor-column elementor-col-100 elementor-top-column elementor-element elementor-element-bce662a\" data-id=\"bce662a\" data-element_type=\"column\" data-e-type=\"column\">\n\t\t\t<div class=\"elementor-widget-wrap elementor-element-populated\">\n\t\t\t\t\t\t<div class=\"elementor-element elementor-element-a7acf1e elementor-widget__width-auto elementor-arrows-position-inside elementor-pagination-position-outside elementor-widget elementor-widget-image-carousel\" data-id=\"a7acf1e\" data-element_type=\"widget\" data-e-type=\"widget\" data-settings=\"{&quot;slides_to_show&quot;:&quot;1&quot;,&quot;effect&quot;:&quot;fade&quot;,&quot;pause_on_hover&quot;:&quot;no&quot;,&quot;navigation&quot;:&quot;both&quot;,&quot;autoplay&quot;:&quot;yes&quot;,&quot;pause_on_interaction&quot;:&quot;yes&quot;,&quot;autoplay_speed&quot;:5000,&quot;infinite&quot;:&quot;yes&quot;,&quot;speed&quot;:500}\" data-widget_type=\"image-carousel.default\">\n\t\t\t\t<div class=\"elementor-widget-container\">\n\t\t\t\t\t\t\t<div class=\"elementor-image-carousel-wrapper swiper\" role=\"region\" aria-roledescription=\"carousel\" aria-label=\"Bild Karussell\" dir=\"ltr\">\n\t\t\t<div class=\"elementor-image-carousel swiper-wrapper swiper-image-stretch\" aria-live=\"off\">\n\t\t\t\t\t\t\t\t<div class=\"swiper-slide\" role=\"group\" aria-roledescription=\"slide\" aria-label=\"1 di 6\" data-no-translation-aria-label=\"\"><a data-elementor-open-lightbox=\"yes\" data-elementor-lightbox-slideshow=\"a7acf1e\" data-elementor-lightbox-title=\"Galerie II\" data-e-action-hash=\"#elementor-action%3Aaction%3Dlightbox%26settings%3DeyJpZCI6ODkyNywidXJsIjoiaHR0cHM6XC9cL3N0LWFuZHJhZS5pbmZvXC93cC1jb250ZW50XC91cGxvYWRzXC8yMDIzXC8wMlwvR2FsZXJpZS1JSS1zY2FsZWQuanBnIiwic2xpZGVzaG93IjoiYTdhY2YxZSJ9\" href=\"https:\/\/st-andrae.info\/wp-content\/uploads\/2023\/02\/Galerie-II-scaled.jpg\"><figure class=\"swiper-slide-inner\"><img decoding=\"async\" class=\"swiper-slide-image\" src=\"https:\/\/st-andrae.info\/wp-content\/uploads\/elementor\/thumbs\/Galerie-II-scaled-q1svrbksv5my2b631blpr5ge65bsaaxfyzpzlnxoyc.jpg\" alt=\"Galerie II\" \/><\/figure><\/a><\/div><div class=\"swiper-slide\" role=\"group\" aria-roledescription=\"slide\" aria-label=\"2 di 6\" data-no-translation-aria-label=\"\"><a data-elementor-open-lightbox=\"yes\" data-elementor-lightbox-slideshow=\"a7acf1e\" data-elementor-lightbox-title=\"Galerie II St. Andr\u00e4\" data-e-action-hash=\"#elementor-action%3Aaction%3Dlightbox%26settings%3DeyJpZCI6ODkyNiwidXJsIjoiaHR0cHM6XC9cL3N0LWFuZHJhZS5pbmZvXC93cC1jb250ZW50XC91cGxvYWRzXC8yMDIzXC8wMlwvR2FsZXJpZS1JSS1TdC4tQW5kcmFlLXNjYWxlZC5qcGciLCJzbGlkZXNob3ciOiJhN2FjZjFlIn0%3D\" href=\"https:\/\/st-andrae.info\/wp-content\/uploads\/2023\/02\/Galerie-II-St.-Andrae-scaled.jpg\"><figure class=\"swiper-slide-inner\"><img decoding=\"async\" class=\"swiper-slide-image\" src=\"https:\/\/st-andrae.info\/wp-content\/uploads\/elementor\/thumbs\/Galerie-II-St.-Andrae-scaled-q1svr3495nbd5tidepy2mpl8tohhd0zuxtuma6a8ic.jpg\" alt=\"Galerie II St. Andr\u00e4\" \/><\/figure><\/a><\/div><div class=\"swiper-slide\" role=\"group\" aria-roledescription=\"slide\" aria-label=\"3 di 6\" data-no-translation-aria-label=\"\"><a data-elementor-open-lightbox=\"yes\" data-elementor-lightbox-slideshow=\"a7acf1e\" data-elementor-lightbox-title=\"DSC_2652\" data-e-action-hash=\"#elementor-action%3Aaction%3Dlightbox%26settings%3DeyJpZCI6ODkyNSwidXJsIjoiaHR0cHM6XC9cL3N0LWFuZHJhZS5pbmZvXC93cC1jb250ZW50XC91cGxvYWRzXC8yMDIzXC8wMlwvRFNDXzI2NTItc2NhbGVkLmpwZyIsInNsaWRlc2hvdyI6ImE3YWNmMWUifQ%3D%3D\" href=\"https:\/\/st-andrae.info\/wp-content\/uploads\/2023\/02\/DSC_2652-scaled.jpg\"><figure class=\"swiper-slide-inner\"><img decoding=\"async\" class=\"swiper-slide-image\" src=\"https:\/\/st-andrae.info\/wp-content\/uploads\/elementor\/thumbs\/DSC_2652-scaled-q1svqvljmz12kxtammp22rhk2lijng608smqfyldw4.jpg\" alt=\"DSC_2652\" \/><\/figure><\/a><\/div><div class=\"swiper-slide\" role=\"group\" aria-roledescription=\"slide\" aria-label=\"4 di 6\" data-no-translation-aria-label=\"\"><a data-elementor-open-lightbox=\"yes\" data-elementor-lightbox-slideshow=\"a7acf1e\" data-elementor-lightbox-title=\"DSC_2650\" data-e-action-hash=\"#elementor-action%3Aaction%3Dlightbox%26settings%3DeyJpZCI6ODkyNCwidXJsIjoiaHR0cHM6XC9cL3N0LWFuZHJhZS5pbmZvXC93cC1jb250ZW50XC91cGxvYWRzXC8yMDIzXC8wMlwvRFNDXzI2NTAtc2NhbGVkLmpwZyIsInNsaWRlc2hvdyI6ImE3YWNmMWUifQ%3D%3D\" href=\"https:\/\/st-andrae.info\/wp-content\/uploads\/2023\/02\/DSC_2650-scaled.jpg\"><figure class=\"swiper-slide-inner\"><img decoding=\"async\" class=\"swiper-slide-image\" src=\"https:\/\/st-andrae.info\/wp-content\/uploads\/elementor\/thumbs\/DSC_2650-scaled-q1svqp0ob4s2bo2up1uo3b5bwwez5kfvvw2c30v53o.jpg\" alt=\"DSC_2650\" \/><\/figure><\/a><\/div><div class=\"swiper-slide\" role=\"group\" aria-roledescription=\"slide\" aria-label=\"5 di 6\" data-no-translation-aria-label=\"\"><a data-elementor-open-lightbox=\"yes\" data-elementor-lightbox-slideshow=\"a7acf1e\" data-elementor-lightbox-title=\"DJI_20220407_122047_035_pano_1-Pano\" data-e-action-hash=\"#elementor-action%3Aaction%3Dlightbox%26settings%3DeyJpZCI6ODkyMywidXJsIjoiaHR0cHM6XC9cL3N0LWFuZHJhZS5pbmZvXC93cC1jb250ZW50XC91cGxvYWRzXC8yMDIzXC8wMlwvREpJXzIwMjIwNDA3XzEyMjA0N18wMzVfcGFub18xLVBhbm8tc2NhbGVkLmpwZyIsInNsaWRlc2hvdyI6ImE3YWNmMWUifQ%3D%3D\" href=\"https:\/\/st-andrae.info\/wp-content\/uploads\/2023\/02\/DJI_20220407_122047_035_pano_1-Pano-scaled.jpg\"><figure class=\"swiper-slide-inner\"><img decoding=\"async\" class=\"swiper-slide-image\" src=\"https:\/\/st-andrae.info\/wp-content\/uploads\/elementor\/thumbs\/DJI_20220407_122047_035_pano_1-Pano-scaled-q1svqgk4lmghf6f52g70yva6kfko8aiauq6yrj7ono.jpg\" alt=\"DJI_20220407_122047_035_pano_1-Pano\" \/><\/figure><\/a><\/div><div class=\"swiper-slide\" role=\"group\" aria-roledescription=\"slide\" aria-label=\"6 di 6\" data-no-translation-aria-label=\"\"><a data-elementor-open-lightbox=\"yes\" data-elementor-lightbox-slideshow=\"a7acf1e\" data-elementor-lightbox-title=\"DJI_20220407_121530_881_pano_1-Pano\" data-e-action-hash=\"#elementor-action%3Aaction%3Dlightbox%26settings%3DeyJpZCI6ODkyMiwidXJsIjoiaHR0cHM6XC9cL3N0LWFuZHJhZS5pbmZvXC93cC1jb250ZW50XC91cGxvYWRzXC8yMDIzXC8wMlwvREpJXzIwMjIwNDA3XzEyMTUzMF84ODFfcGFub18xLVBhbm8tc2NhbGVkLmpwZyIsInNsaWRlc2hvdyI6ImE3YWNmMWUifQ%3D%3D\" href=\"https:\/\/st-andrae.info\/wp-content\/uploads\/2023\/02\/DJI_20220407_121530_881_pano_1-Pano-scaled.jpg\"><figure class=\"swiper-slide-inner\"><img decoding=\"async\" class=\"swiper-slide-image\" src=\"https:\/\/st-andrae.info\/wp-content\/uploads\/elementor\/thumbs\/DJI_20220407_121530_881_pano_1-Pano-scaled-q1svq5a2bm11juviwbbi4y4nft49nx9it6d507oeqc.jpg\" alt=\"DJI_20220407_121530_881_pano_1-Pano\" \/><\/figure><\/a><\/div>\t\t\t<\/div>\n\t\t\t\t\t\t\t\t\t\t\t\t<div class=\"elementor-swiper-button elementor-swiper-button-prev\" role=\"button\" tabindex=\"0\">\n\t\t\t\t\t\t<i aria-hidden=\"true\" class=\"eicon-chevron-left\"><\/i>\t\t\t\t\t<\/div>\n\t\t\t\t\t<div class=\"elementor-swiper-button elementor-swiper-button-next\" role=\"button\" tabindex=\"0\">\n\t\t\t\t\t\t<i aria-hidden=\"true\" class=\"eicon-chevron-right\"><\/i>\t\t\t\t\t<\/div>\n\t\t\t\t\n\t\t\t\t\t\t\t\t\t<div class=\"swiper-pagination\"><\/div>\n\t\t\t\t\t\t\t\t\t<\/div>\n\t\t\t\t\t\t<\/div>\n\t\t\t\t<\/div>\n\t\t\t\t<div class=\"elementor-element elementor-element-fb485a0 elementor-align-left elementor-widget__width-auto elementor-invisible elementor-widget elementor-widget-button\" data-id=\"fb485a0\" data-element_type=\"widget\" data-e-type=\"widget\" data-settings=\"{&quot;_animation&quot;:&quot;fadeInLeft&quot;}\" data-widget_type=\"button.default\">\n\t\t\t\t<div class=\"elementor-widget-container\">\n\t\t\t\t\t\t\t\t\t<div class=\"elementor-button-wrapper\">\n\t\t\t\t\t<a class=\"elementor-button elementor-button-link elementor-size-sm\" href=\"https:\/\/st-andrae.info\/it\/galerie-ii-archiv\/\" rel=\"nofollow\">\n\t\t\t\t\t\t<span class=\"elementor-button-content-wrapper\">\n\t\t\t\t\t\t\t\t\t<span class=\"elementor-button-text\">zum Austellungsarchiv<\/span>\n\t\t\t\t\t<\/span>\n\t\t\t\t\t<\/a>\n\t\t\t\t<\/div>\n\t\t\t\t\t\t\t\t<\/div>\n\t\t\t\t<\/div>\n\t\t\t\t\t<\/div>\n\t\t<\/div>\n\t\t\t\t\t<\/div>\n\t\t<\/section>\n\t\t\t\t<\/div>","protected":false},"excerpt":{"rendered":"<p>Galerie II Seit der Er\u00f6ffnung der Galerier\u00e4umlichkeiten im Oktober des Jahres 2013 haben mittlerweile zahlreiche namhafte in- und ausl\u00e4ndische K\u00fcnstler ihre Werke in der Galerie II in St. Andr\u00e4 Nr. 56 ausgestellt. Hier\u00a0geht es zur laufenden Ausstellung. Im \u00f6ffentlichen Raum sind Skulpturen zu sehen \u2013 vor der Wallfahrtskirche Maria Loreto Skulpturen von HIRONORI KATAGIRI und &hellip;<\/p>","protected":false},"author":1,"featured_media":0,"parent":0,"menu_order":0,"comment_status":"closed","ping_status":"closed","template":"elementor_header_footer","meta":{"footnotes":""},"class_list":["post-8934","page","type-page","status-publish","hentry"],"_links":{"self":[{"href":"https:\/\/st-andrae.info\/it\/wp-json\/wp\/v2\/pages\/8934","targetHints":{"allow":["GET"]}}],"collection":[{"href":"https:\/\/st-andrae.info\/it\/wp-json\/wp\/v2\/pages"}],"about":[{"href":"https:\/\/st-andrae.info\/it\/wp-json\/wp\/v2\/types\/page"}],"author":[{"embeddable":true,"href":"https:\/\/st-andrae.info\/it\/wp-json\/wp\/v2\/users\/1"}],"replies":[{"embeddable":true,"href":"https:\/\/st-andrae.info\/it\/wp-json\/wp\/v2\/comments?post=8934"}],"version-history":[{"count":0,"href":"https:\/\/st-andrae.info\/it\/wp-json\/wp\/v2\/pages\/8934\/revisions"}],"wp:attachment":[{"href":"https:\/\/st-andrae.info\/it\/wp-json\/wp\/v2\/media?parent=8934"}],"curies":[{"name":"wp","href":"https:\/\/api.w.org\/{rel}","templated":true}]}}