{"id":8944,"date":"2023-02-10T14:42:55","date_gmt":"2023-02-10T13:42:55","guid":{"rendered":"https:\/\/st-andrae.info\/?page_id=8944"},"modified":"2023-02-10T14:44:37","modified_gmt":"2023-02-10T13:44:37","slug":"stadtarchiv","status":"publish","type":"page","link":"https:\/\/st-andrae.info\/it\/historische-bauwerke\/stadtarchiv\/","title":{"rendered":"Stadtarchiv"},"content":{"rendered":"<div data-elementor-type=\"wp-page\" data-elementor-id=\"8944\" class=\"elementor elementor-8944\">\n\t\t\t\t\t\t<section class=\"elementor-section elementor-top-section elementor-element elementor-element-8df9923 elementor-section-boxed elementor-section-height-default elementor-section-height-default\" data-id=\"8df9923\" data-element_type=\"section\" data-e-type=\"section\" data-settings=\"{&quot;background_background&quot;:&quot;gradient&quot;}\">\n\t\t\t\t\t\t<div class=\"elementor-container elementor-column-gap-no\">\n\t\t\t\t\t<div class=\"elementor-column elementor-col-50 elementor-top-column elementor-element elementor-element-17e33fb\" data-id=\"17e33fb\" data-element_type=\"column\" data-e-type=\"column\">\n\t\t\t<div class=\"elementor-widget-wrap elementor-element-populated\">\n\t\t\t\t\t\t<section class=\"elementor-section elementor-inner-section elementor-element elementor-element-69a572f elementor-section-boxed elementor-section-height-default elementor-section-height-default\" data-id=\"69a572f\" data-element_type=\"section\" data-e-type=\"section\">\n\t\t\t\t\t\t<div class=\"elementor-container elementor-column-gap-wide\">\n\t\t\t\t\t<div class=\"elementor-column elementor-col-100 elementor-inner-column elementor-element elementor-element-46a2c6c\" data-id=\"46a2c6c\" data-element_type=\"column\" data-e-type=\"column\">\n\t\t\t<div class=\"elementor-widget-wrap elementor-element-populated\">\n\t\t\t\t\t\t<div class=\"elementor-element elementor-element-5be77f6 elementor-invisible elementor-widget elementor-widget-heading\" data-id=\"5be77f6\" data-element_type=\"widget\" data-e-type=\"widget\" data-settings=\"{&quot;_animation&quot;:&quot;fadeInLeft&quot;}\" data-widget_type=\"heading.default\">\n\t\t\t\t<div class=\"elementor-widget-container\">\n\t\t\t\t\t<h2 class=\"elementor-heading-title elementor-size-xxl\">Stadtarchiv<\/h2>\t\t\t\t<\/div>\n\t\t\t\t<\/div>\n\t\t\t\t\t<\/div>\n\t\t<\/div>\n\t\t\t\t\t<\/div>\n\t\t<\/section>\n\t\t\t\t<section class=\"elementor-section elementor-inner-section elementor-element elementor-element-ac60459 elementor-section-boxed elementor-section-height-default elementor-section-height-default\" data-id=\"ac60459\" data-element_type=\"section\" data-e-type=\"section\">\n\t\t\t\t\t\t<div class=\"elementor-container elementor-column-gap-wide\">\n\t\t\t\t\t<div class=\"elementor-column elementor-col-100 elementor-inner-column elementor-element elementor-element-f20d42f\" data-id=\"f20d42f\" data-element_type=\"column\" data-e-type=\"column\">\n\t\t\t<div class=\"elementor-widget-wrap elementor-element-populated\">\n\t\t\t\t\t\t<div class=\"elementor-element elementor-element-fe40416 elementor-invisible elementor-widget elementor-widget-text-editor\" data-id=\"fe40416\" data-element_type=\"widget\" data-e-type=\"widget\" data-settings=\"{&quot;_animation&quot;:&quot;fadeInRight&quot;}\" data-widget_type=\"text-editor.default\">\n\t\t\t\t<div class=\"elementor-widget-container\">\n\t\t\t\t\t\t\t\t\t<p>Das Stadtarchiv versteht sich als Servicestelle f\u00fcr alle interessierten B\u00fcrgerinnen und B\u00fcrger sowie G\u00e4ste.<\/p>\t\t\t\t\t\t\t\t<\/div>\n\t\t\t\t<\/div>\n\t\t\t\t\t<\/div>\n\t\t<\/div>\n\t\t\t\t\t<\/div>\n\t\t<\/section>\n\t\t\t\t\t<\/div>\n\t\t<\/div>\n\t\t\t\t<div class=\"elementor-column elementor-col-50 elementor-top-column elementor-element elementor-element-6fbf3c5\" data-id=\"6fbf3c5\" data-element_type=\"column\" data-e-type=\"column\">\n\t\t\t<div class=\"elementor-widget-wrap elementor-element-populated\">\n\t\t\t\t\t\t<div class=\"elementor-element elementor-element-8140c5a elementor-hidden-phone animated-slow elementor-invisible elementor-widget elementor-widget-image\" data-id=\"8140c5a\" data-element_type=\"widget\" data-e-type=\"widget\" data-settings=\"{&quot;_animation&quot;:&quot;fadeIn&quot;}\" data-widget_type=\"image.default\">\n\t\t\t\t<div class=\"elementor-widget-container\">\n\t\t\t\t\t\t\t\t\t\t\t\t\t\t\t<img decoding=\"async\" src=\"https:\/\/st-andrae.info\/wp-content\/uploads\/elementor\/thumbs\/20220825_192248-scaled-e1676036636681-q1yht045k80loplsfpz4xwjbsdexh9np91cpgca0ro.jpg\" title=\"20220825_192248\" alt=\"20220825_192248\" loading=\"lazy\" \/>\t\t\t\t\t\t\t\t\t\t\t\t\t\t\t<\/div>\n\t\t\t\t<\/div>\n\t\t\t\t\t<\/div>\n\t\t<\/div>\n\t\t\t\t\t<\/div>\n\t\t<\/section>\n\t\t\t\t<section class=\"elementor-section elementor-top-section elementor-element elementor-element-5f38504 elementor-section-boxed elementor-section-height-default elementor-section-height-default elementor-invisible\" data-id=\"5f38504\" data-element_type=\"section\" data-e-type=\"section\" data-settings=\"{&quot;animation&quot;:&quot;fadeInUp&quot;}\">\n\t\t\t\t\t\t<div class=\"elementor-container elementor-column-gap-default\">\n\t\t\t\t\t<div class=\"elementor-column elementor-col-100 elementor-top-column elementor-element elementor-element-1491a83\" data-id=\"1491a83\" data-element_type=\"column\" data-e-type=\"column\">\n\t\t\t<div class=\"elementor-widget-wrap elementor-element-populated\">\n\t\t\t\t\t\t<div class=\"elementor-element elementor-element-3fcb8fb elementor-widget elementor-widget-text-editor\" data-id=\"3fcb8fb\" data-element_type=\"widget\" data-e-type=\"widget\" data-widget_type=\"text-editor.default\">\n\t\t\t\t<div class=\"elementor-widget-container\">\n\t\t\t\t\t\t\t\t\t<p><strong>Aufgaben und Ziele:<\/strong><\/p><ul><li>Sammeln und Bewahren von Informationen, Dokumenten, Bildern etc. zur Stadtgeschichte.<\/li><li>Pr\u00e4sentation der Archivalien in Ausstellungen unterschiedlicher Themenstellungen (Wirtschaft, Kirche, Soziales &#8230;.).<\/li><li>Bearbeitung des Archivmaterials betreffend St. Andr\u00e4 in anderen Archiven (Marburg, Klagenfurt, Salzburg, Wien &#8230;.).<\/li><li>Hilfestellung f\u00fcr Studenten und geschichtlich Interessierte bei der Suche nach Quellen.<\/li><li>Weiterf\u00fchrung der St. Andr\u00e4er Stadtchronik.<\/li><li>Betreuung der st\u00e4ndigen Ausstellung zur Stadtgeschichte (F\u00fchrungen &#8230;.).<\/li><\/ul><p><strong><br \/><\/strong>F\u00fcr Informationen zur Stadtgeschichte von St. Andr\u00e4 kontaktieren Sie bitte Herrn Prof. Mag. G\u00fcnter Peter<\/p><p>Telefon: 04358\/4115 oder 0664\/3034363<br \/>Mail: <a href=\"mailto:petergu@aon.at\">petergu@aon.at<\/a><\/p>\t\t\t\t\t\t\t\t<\/div>\n\t\t\t\t<\/div>\n\t\t\t\t\t<\/div>\n\t\t<\/div>\n\t\t\t\t\t<\/div>\n\t\t<\/section>\n\t\t\t\t<\/div>","protected":false},"excerpt":{"rendered":"<p>Stadtarchiv Das Stadtarchiv versteht sich als Servicestelle f\u00fcr alle interessierten B\u00fcrgerinnen und B\u00fcrger sowie G\u00e4ste. Aufgaben und Ziele: Sammeln und Bewahren von Informationen, Dokumenten, Bildern etc. zur Stadtgeschichte. Pr\u00e4sentation der Archivalien in Ausstellungen unterschiedlicher Themenstellungen (Wirtschaft, Kirche, Soziales &#8230;.). Bearbeitung des Archivmaterials betreffend St. Andr\u00e4 in anderen Archiven (Marburg, Klagenfurt, Salzburg, Wien &#8230;.). Hilfestellung f\u00fcr &hellip;<\/p>","protected":false},"author":1,"featured_media":0,"parent":7121,"menu_order":0,"comment_status":"closed","ping_status":"closed","template":"elementor_header_footer","meta":{"footnotes":""},"class_list":["post-8944","page","type-page","status-publish","hentry"],"_links":{"self":[{"href":"https:\/\/st-andrae.info\/it\/wp-json\/wp\/v2\/pages\/8944","targetHints":{"allow":["GET"]}}],"collection":[{"href":"https:\/\/st-andrae.info\/it\/wp-json\/wp\/v2\/pages"}],"about":[{"href":"https:\/\/st-andrae.info\/it\/wp-json\/wp\/v2\/types\/page"}],"author":[{"embeddable":true,"href":"https:\/\/st-andrae.info\/it\/wp-json\/wp\/v2\/users\/1"}],"replies":[{"embeddable":true,"href":"https:\/\/st-andrae.info\/it\/wp-json\/wp\/v2\/comments?post=8944"}],"version-history":[{"count":0,"href":"https:\/\/st-andrae.info\/it\/wp-json\/wp\/v2\/pages\/8944\/revisions"}],"up":[{"embeddable":true,"href":"https:\/\/st-andrae.info\/it\/wp-json\/wp\/v2\/pages\/7121"}],"wp:attachment":[{"href":"https:\/\/st-andrae.info\/it\/wp-json\/wp\/v2\/media?parent=8944"}],"curies":[{"name":"wp","href":"https:\/\/api.w.org\/{rel}","templated":true}]}}