{"id":9053,"date":"2023-02-13T17:59:53","date_gmt":"2023-02-13T16:59:53","guid":{"rendered":"https:\/\/st-andrae.info\/?page_id=9053"},"modified":"2023-02-13T18:00:42","modified_gmt":"2023-02-13T17:00:42","slug":"die-stadt-als-galerie-vernissage-14","status":"publish","type":"page","link":"https:\/\/st-andrae.info\/it\/galerie-ii-archiv\/die-stadt-als-galerie-vernissage-14\/","title":{"rendered":"Die Stadt als Galerie &#8211; Vernissage 14"},"content":{"rendered":"<h3 class=\"wp-block-heading\"><strong>&#8220;Mind the Gap&#8221; &#8211; Ein Mode-Erlebnis aus Ljubljana<\/strong> &nbsp;<\/h3>\n\n\n\n<p><br>Ausstellungr: &nbsp; &nbsp; <strong>19. Mai 2016<\/strong><\/p>\n\n\n\n<p>Diese Ausstellung zeigt neue Werke von StudentInnen des Master-Abschlusses in Textil- und Modedesign an der Universit\u00e4t Ljubljana, in der Fakult\u00e4t f\u00fcr Naturwissenschaften.<\/p>\n\n\n\n<p>Die Ausstellung wird von <strong>Prof. Du\u0161an Kirbi\u0161 <\/strong>kuratiert.<\/p>\n\n\n\n<p><strong>Die &#8220;Akteure&#8221;:<\/strong> &nbsp;<\/p>\n\n\n\n<p>\u2022 David Bacali<\/p>\n\n\n\n<p>\u2022 Tja\u0161a \u010cerne<\/p>\n\n\n\n<p>\u2022 Tina Gorki\u010d<\/p>\n\n\n\n<p>\u2022 Kaja Julija Horvat<\/p>\n\n\n\n<p>\u2022 Lucija Jankovec<\/p>\n\n\n\n<p>\u2022 Admir Kapi\u0107<\/p>\n\n\n\n<p>\u2022 Sabrina Opre\u0161nik<\/p>\n\n\n\n<p>\u2022 Deni Pregelj<\/p>\n\n\n\n<p>\u2022 Petra \u0160ink<\/p>\n\n\n\n<p>\u2022 Nejc \u0160ubic<\/p>\n\n\n\n<p>\u2022 Evgenija Zafirovska<\/p>\n\n\n\n<p>Sie stellen hier ihre neuesten Arbeiten im Bereich des Textil- und Modedesign aus. &nbsp;<\/p>\n\n\n\n<p>Das Kerngesch\u00e4ft ist die gemeinsame Arbeit &#8220;Hotel Europe&#8221;, die in diesem Fr\u00fchjahr bei der<\/p>\n\n\n\n<p>gro\u00dfen Messe <strong>&#8220;Heimtextil&#8221; <\/strong>in Frankfurt am Main (Deutschland) gezeigt wurde. &nbsp;<\/p>\n\n\n\n<p>F\u00fcr die Ausstellung in der Galerie II, St. Andrae Nr. 56 haben alle 11 StudentInnen eine<\/p>\n\n\n\n<p>Fortsetzung ihrer individuellen gedanklichen Ans\u00e4tze entwickelt. Alle sind von dem<\/p>\n\n\n\n<p>englischen Syntagma <strong><em>Mind the Gap <\/em><\/strong>abgeleitet, das eine Reihe von mentalen, zeitlichen,<\/p>\n\n\n\n<p>r\u00e4umlichen oder sogar k\u00f6rperlichen Sinndeutungen darstellen kann. &nbsp;<\/p>\n\n\n\n<p>&#8220;<em>Mind the Gap<\/em>&#8221; bedeutet in etwa &#8220;Achtung, Spalte!&#8221; und weist mit Nachdruck auf L\u00fccken,<\/p>\n\n\n\n<p>Abst\u00e4nde, \u00dcberg\u00e4nge hin. &nbsp;<\/p>\n\n\n\n<p>Sie verwendeten eine Vielzahl von Materialien und k\u00fcnstlerischen Ans\u00e4tzen und das Ergebnis ist eine vielf\u00e4ltige Ausstellung, die, trotz der unterschiedlichen Zug\u00e4nge zum Thema, die starke Verkn\u00fcpfung der drei W\u00f6rter &#8220;<em>Mind the Gap<\/em>&#8221; auch in eine sozial engagierte Bedeutung setzt. &nbsp;<\/p>\n\n\n\n<p>&#8220;<em>Mind the Gap<\/em>&#8221; kann auf die Aktualit\u00e4t des nachhaltigen <em>Sustainable Design<\/em>, auf Fragen und<\/p>\n\n\n\n<p>Zweifel der zeitgen\u00f6ssischen Kunst hinweisen, oder auch f\u00fcr Europa als topischer, eine<\/p>\n\n\n\n<p>Wissensl\u00fccke zwischen Illusion, Erwartungen und Realit\u00e4t \u00fcberbr\u00fcckender Leitfaden geltend<\/p>\n\n\n\n<p>gemacht werden. &nbsp;<\/p>\n\n\n\n<p><em>Spalt, Spalte, Ritz, Ritze, Riss, Kluft, Einriss, Schrunde, Schlitz, Unterbrechung, Abgrund, \u2026<\/em><\/p>\n\n\n\n<p><em>(gap, break, abyss, chink, crack, crevice, lag, interruption, suspension, interval\u2026)<\/em><\/p>\n\n\n\n<p>\u2022 zwischen Realem und Geistigem<\/p>\n\n\n\n<p>\u2022 zwischen Wahrheit und Tr\u00e4umen<\/p>\n\n\n\n<p>\u2022 zwischen dem Bereits und dem noch nicht<\/p>\n\n\n\n<p>\u2022 zwischen Wunsch und Realisierung<\/p>\n\n\n\n<p>\u2022 zwischen zwei \u00e4hnlichen Optionen<\/p>\n\n\n\n<p>\u2022 zwischen Denken und Handeln<\/p>\n\n\n\n<p>\u2022 zwischen Wunsch und Wissen<\/p>\n\n\n\n<p>\u2022 zwischen Vergangenheit und Zukunft<\/p>\n\n\n\n<p>\u2022 zwischen den Erwartungen und der Wahrheit<\/p>\n\n\n\n<p>\u2022 zwischen Fiktion und Realit\u00e4t.<\/p>\n\n\n\n<p>Sybille von Halem, 19. Mai 2016<\/p>\n\n\n\n<p><sup><a href=\"https:\/\/goo.gl\/photos\/pxXCEYh1Z7dBy8ur5\">Bilder<\/a><\/sup><\/p>","protected":false},"excerpt":{"rendered":"<p>&#8220;Mind the Gap&#8221; &#8211; Ein Mode-Erlebnis aus Ljubljana &nbsp; Ausstellungr: &nbsp; &nbsp; 19. Mai 2016 Diese Ausstellung zeigt neue Werke von StudentInnen des Master-Abschlusses in Textil- und Modedesign an der Universit\u00e4t Ljubljana, in der Fakult\u00e4t f\u00fcr Naturwissenschaften. Die Ausstellung wird von Prof. Du\u0161an Kirbi\u0161 kuratiert. Die &#8220;Akteure&#8221;: &nbsp; \u2022 David Bacali \u2022 Tja\u0161a \u010cerne \u2022 &hellip;<\/p>","protected":false},"author":1,"featured_media":0,"parent":8969,"menu_order":0,"comment_status":"closed","ping_status":"closed","template":"","meta":{"footnotes":""},"class_list":["post-9053","page","type-page","status-publish","hentry"],"_links":{"self":[{"href":"https:\/\/st-andrae.info\/it\/wp-json\/wp\/v2\/pages\/9053","targetHints":{"allow":["GET"]}}],"collection":[{"href":"https:\/\/st-andrae.info\/it\/wp-json\/wp\/v2\/pages"}],"about":[{"href":"https:\/\/st-andrae.info\/it\/wp-json\/wp\/v2\/types\/page"}],"author":[{"embeddable":true,"href":"https:\/\/st-andrae.info\/it\/wp-json\/wp\/v2\/users\/1"}],"replies":[{"embeddable":true,"href":"https:\/\/st-andrae.info\/it\/wp-json\/wp\/v2\/comments?post=9053"}],"version-history":[{"count":0,"href":"https:\/\/st-andrae.info\/it\/wp-json\/wp\/v2\/pages\/9053\/revisions"}],"up":[{"embeddable":true,"href":"https:\/\/st-andrae.info\/it\/wp-json\/wp\/v2\/pages\/8969"}],"wp:attachment":[{"href":"https:\/\/st-andrae.info\/it\/wp-json\/wp\/v2\/media?parent=9053"}],"curies":[{"name":"wp","href":"https:\/\/api.w.org\/{rel}","templated":true}]}}