{"id":9061,"date":"2023-02-13T18:01:36","date_gmt":"2023-02-13T17:01:36","guid":{"rendered":"https:\/\/st-andrae.info\/?page_id=9061"},"modified":"2023-02-13T18:09:07","modified_gmt":"2023-02-13T17:09:07","slug":"die-stadt-als-galerie-vernissage-10","status":"publish","type":"page","link":"https:\/\/st-andrae.info\/it\/galerie-ii-archiv\/die-stadt-als-galerie-vernissage-10\/","title":{"rendered":"Die Stadt als Galerie &#8211; Vernissage 10"},"content":{"rendered":"<p>9. Juli 2015&nbsp;<\/p>\n\n\n\n<p><strong>Marina Banic-Zrin\u0161cak, Dra\u017een Trogrli\u0107, Goran \u0160timac<\/strong><\/p>\n\n\n\n<p>Diese Ausstellung von drei K\u00fcnstlerInnen aus Kroatien, die den Jahrg\u00e4ngen 1958 &#8211; 60 angeh\u00f6ren und alle als Professoren an der Akademie f\u00fcr Angewandte Kunst in Rijeka t\u00e4tig sind, bietet einen einzigartigen Blick auf die zeitgen\u00f6ssische Malerei und Bildhauerei in diesem Nachbarland.<\/p>\n\n\n\n<p>Die Ausstellung kam sowohl \u00fcber pers\u00f6nlichen Kontakt als auch in offiziellerem Rahmen zustande &#8211; einerseits, durch die Begegnung der K\u00fcnstlerInnen mit dem St. Andraer Maler Manfred M\u00f6rth, bei der gemeinsamen Teilnahme an einem der Alpe-Adria-Symposien in St. Kanzian, und andererseits durch die langj\u00e4hrige St\u00e4dtepartnerschaft zwischen St. Andrae und der Stadt Jelsa auf der Insel Hvar in Kroatien.<\/p>\n\n\n\n<p><strong>Marina Banic-Zrin\u0161cak<\/strong>&nbsp;ist Professorin f\u00fcr angewandte K\u00fcnste in Rijeka, und hat als Malerin und Zeichnerin bereits mehrmals in \u00d6sterreich ausgestellt, darunter auch in Secession in Wien. Ihr Stil ist stark grafisch gepr\u00e4gt, die Bilder weisen oft grafische sowie malerische Elemente auf, die sich als zwei oder mehr Schichten zu einem lichten, ransparenten Gef\u00fcge verbinden. Oft erscheint ein Kopf &#8211; zuweilen auch ein<\/p>\n\n\n\n<p>Selbstportrait &#8211; im grafisch gehaltenen Vordergrund, vor einem malerisch gearbeiteten<\/p>\n\n\n\n<p>Hintergrund mit Tiefenwirkung, der verschiedene Deutungen zul\u00e4sst.<\/p>\n\n\n\n<figure class=\"wp-block-image size-large\"><a href=\"https:\/\/st-andrae.info\/wp-content\/uploads\/2023\/02\/Marina-Banic-1.jpg\"><img fetchpriority=\"high\" decoding=\"async\" width=\"1024\" height=\"694\" src=\"https:\/\/st-andrae.info\/wp-content\/uploads\/2023\/02\/Marina-Banic-1-1024x694.jpg\" alt=\"\" class=\"wp-image-9094\" srcset=\"https:\/\/st-andrae.info\/wp-content\/uploads\/2023\/02\/Marina-Banic-1-1024x694.jpg 1024w, https:\/\/st-andrae.info\/wp-content\/uploads\/2023\/02\/Marina-Banic-1-300x203.jpg 300w, https:\/\/st-andrae.info\/wp-content\/uploads\/2023\/02\/Marina-Banic-1-768x520.jpg 768w, https:\/\/st-andrae.info\/wp-content\/uploads\/2023\/02\/Marina-Banic-1-1536x1041.jpg 1536w, https:\/\/st-andrae.info\/wp-content\/uploads\/2023\/02\/Marina-Banic-1.jpg 1690w\" sizes=\"(max-width: 1024px) 100vw, 1024px\" \/><\/a><\/figure>\n\n\n\n<p><strong>Dra\u017een Trogrli\u0107,<\/strong> ebenfalls Professor an der Akademie f\u00fcr Angewandte Kunst in Rijeka, arbeitet sehr vielf\u00e4ltig in den Bereichen Skulptur, Malerei, Grafik, Collage und<br>Glasmalerei. Seine Werke sind in Ausstellungen ebenso vertreten wie im \u00f6ffentliche Raum. Seine Skulpturen sowie auch seine Bilder sind durch klare Linien und verdichtet Aussagen gepr\u00e4gt, in den Skulpturen &#8211; \u00fcberwiegend aus Stein und Holz &#8211; zeigen sich auch archetypische Formensprachen, die nicht nur durch das verwendete Material ihre Ausdruck finden, sondern sich im direkten Dialog mit der Beschaffenheit des Material und der Einwirkung des Lichts auf die Form entwickeln.<br><br><\/p>\n\n\n\n<figure class=\"wp-block-image size-full\"><a href=\"https:\/\/st-andrae.info\/wp-content\/uploads\/2023\/02\/Draen-Trogrli-1.jpg\"><img decoding=\"async\" width=\"900\" height=\"671\" src=\"https:\/\/st-andrae.info\/wp-content\/uploads\/2023\/02\/Draen-Trogrli-1.jpg\" alt=\"\" class=\"wp-image-9093\" srcset=\"https:\/\/st-andrae.info\/wp-content\/uploads\/2023\/02\/Draen-Trogrli-1.jpg 900w, https:\/\/st-andrae.info\/wp-content\/uploads\/2023\/02\/Draen-Trogrli-1-300x224.jpg 300w, https:\/\/st-andrae.info\/wp-content\/uploads\/2023\/02\/Draen-Trogrli-1-768x573.jpg 768w\" sizes=\"(max-width: 900px) 100vw, 900px\" \/><\/a><\/figure>\n\n\n\n<p><strong>Goran \u0160timac<\/strong> ist Bildhauer, hat in Zagreb und zum Teil auch in Wien bei Prof. Bertoni studiert, und war etliche Jahre lang Leiter der Abteilung f\u00fcr bildende K\u00fcnste an der Philosophischen Fakult\u00e4t in Rijeka, wo er nun ebenfalls Professor n der Akademie f\u00fcr Angewandte Kunst ist. Seine Werke, \u00fcberwiegend aus Metall, bedienen sich einer stren reduzierten \u00c4sthetik, die das Material oft f\u00fcr sich selbst sprechen l\u00e4sst: es sind immer wieder Elemente zu entdecken, die einst ein &#8220;Vorleben&#8221; hatten, sich von Gebrauchsgegenstand zu Schrott und schlie\u00dflich in Kunst gewandelt haben. Ein knapper, lapidarer Witz und eine angedeutete Kreat\u00fcrlichkeit lassen diese Arbeiten au\u00dferhalb des<br>Minimalismus, eher in einem freien und flexiblen Kontext verorten, der f\u00fcr dies Generation, die in den 80&#8217;er Jahren ihre entscheidenden Schritte getan hat, bezeichnend ist.<\/p>\n\n\n\n<p><a href=\"https:\/\/picasaweb.google.com\/116905732083908928767\/Vernissage10?authkey=Gv1sRgCKCD4Nyi0LW8FQ\">Zu den Bildern<\/a><\/p>\n\n\n\n<figure class=\"wp-block-image size-full\"><a href=\"https:\/\/st-andrae.info\/wp-content\/uploads\/2023\/02\/Goran-timac-Radnika-pjesma-.jpg\"><img decoding=\"async\" width=\"450\" height=\"600\" src=\"https:\/\/st-andrae.info\/wp-content\/uploads\/2023\/02\/Goran-timac-Radnika-pjesma-.jpg\" alt=\"\" class=\"wp-image-9092\" srcset=\"https:\/\/st-andrae.info\/wp-content\/uploads\/2023\/02\/Goran-timac-Radnika-pjesma-.jpg 450w, https:\/\/st-andrae.info\/wp-content\/uploads\/2023\/02\/Goran-timac-Radnika-pjesma--225x300.jpg 225w\" sizes=\"(max-width: 450px) 100vw, 450px\" \/><\/a><\/figure>","protected":false},"excerpt":{"rendered":"<p>9. Juli 2015&nbsp; Marina Banic-Zrin\u0161cak, Dra\u017een Trogrli\u0107, Goran \u0160timac Diese Ausstellung von drei K\u00fcnstlerInnen aus Kroatien, die den Jahrg\u00e4ngen 1958 &#8211; 60 angeh\u00f6ren und alle als Professoren an der Akademie f\u00fcr Angewandte Kunst in Rijeka t\u00e4tig sind, bietet einen einzigartigen Blick auf die zeitgen\u00f6ssische Malerei und Bildhauerei in diesem Nachbarland. Die Ausstellung kam sowohl \u00fcber &hellip;<\/p>","protected":false},"author":1,"featured_media":0,"parent":8969,"menu_order":0,"comment_status":"closed","ping_status":"closed","template":"","meta":{"footnotes":""},"class_list":["post-9061","page","type-page","status-publish","hentry"],"_links":{"self":[{"href":"https:\/\/st-andrae.info\/it\/wp-json\/wp\/v2\/pages\/9061","targetHints":{"allow":["GET"]}}],"collection":[{"href":"https:\/\/st-andrae.info\/it\/wp-json\/wp\/v2\/pages"}],"about":[{"href":"https:\/\/st-andrae.info\/it\/wp-json\/wp\/v2\/types\/page"}],"author":[{"embeddable":true,"href":"https:\/\/st-andrae.info\/it\/wp-json\/wp\/v2\/users\/1"}],"replies":[{"embeddable":true,"href":"https:\/\/st-andrae.info\/it\/wp-json\/wp\/v2\/comments?post=9061"}],"version-history":[{"count":0,"href":"https:\/\/st-andrae.info\/it\/wp-json\/wp\/v2\/pages\/9061\/revisions"}],"up":[{"embeddable":true,"href":"https:\/\/st-andrae.info\/it\/wp-json\/wp\/v2\/pages\/8969"}],"wp:attachment":[{"href":"https:\/\/st-andrae.info\/it\/wp-json\/wp\/v2\/media?parent=9061"}],"curies":[{"name":"wp","href":"https:\/\/api.w.org\/{rel}","templated":true}]}}