{"id":9065,"date":"2023-02-13T18:02:02","date_gmt":"2023-02-13T17:02:02","guid":{"rendered":"https:\/\/st-andrae.info\/?page_id=9065"},"modified":"2023-02-13T18:11:28","modified_gmt":"2023-02-13T17:11:28","slug":"die-stadt-als-galerie-vernissage-8","status":"publish","type":"page","link":"https:\/\/st-andrae.info\/it\/galerie-ii-archiv\/die-stadt-als-galerie-vernissage-8\/","title":{"rendered":"Die Stadt als Galerie &#8211; Vernissage 8"},"content":{"rendered":"<p>St. Andr\u00e4er Hobby-K\u00fcnstlerinnen und Hobby-K\u00fcnstler stellen ihre Werke aus<\/p>\n\n\n\n<figure class=\"wp-block-table\"><table><tbody><tr><td>Theresia Schober, St. Andr\u00e4<\/td><td>Aquarell seit ca. 10 Jahren<\/td><\/tr><tr><td><\/td><td><\/td><\/tr><tr><td>Erika Kraus, Wolfsberg<\/td><td>Acryl, Abstrakte Malerie, seit ca. 15 Jahren<\/td><\/tr><tr><td><\/td><td><\/td><\/tr><tr><td>Christine Schrammel, Eitweg<\/td><td>Nespressoschmuck<\/td><\/tr><tr><td><\/td><td><\/td><\/tr><tr><td>Melitta Schibitz, Magersdorf<\/td><td>Kerzen f\u00fcr alle Anl\u00e4sse<\/td><\/tr><tr><td><\/td><td><\/td><\/tr><tr><td>Simeon Kovacev, Kleinedling<\/td><td>Acryl, gemischt abstrakt, seit ca. 2 Jahren<\/td><\/tr><tr><td><\/td><td><\/td><\/tr><tr><td>Hilde Taurer, St. Andr\u00e4<\/td><td>gemischte Techniken, seit ca. 3,5 Jahren<\/td><\/tr><tr><td><\/td><td><\/td><\/tr><tr><td>Josef Hafner, Blaiken<\/td><td>Aquarelle, seit 30 Jahren<\/td><\/tr><tr><td><\/td><td><\/td><\/tr><tr><td>Veronika Liebhart, Burgstall<\/td><td>Aquarell, Gew\u00fcrzaquarell seit ca. 2 Jahren,<\/td><\/tr><tr><td><\/td><td>Enkaustik-Maltechnik seit einem Monat<\/td><\/tr><tr><td><\/td><td><\/td><\/tr><tr><td>Michaela Taferner, Maria Rojach<\/td><td>Acryl auf Leinen, seit der Schulzeit<\/td><\/tr><tr><td><\/td><td><\/td><\/tr><tr><td>Gerda Hatzenbichler, St. Andr\u00e4<\/td><td>Acryl<\/td><\/tr><tr><td><\/td><td><\/td><\/tr><tr><td>Adelheid Monsberger, St. Andr\u00e4<\/td><td>Acryl<\/td><\/tr><tr><td><\/td><td><\/td><\/tr><tr><td>Ilse Poms-Mikusch, Winkling-Nord<\/td><td>Keramik, gelernte Keramikerin, Aquarelle, von klein auf<\/td><\/tr><tr><td><\/td><td><\/td><\/tr><tr><td>Rosmarie Lippitz, St. Andr\u00e4<\/td><td>Keramikerin, \u00d6lbilder, von klein auf<\/td><\/tr><tr><td><\/td><td><\/td><\/tr><tr><td>Rosemarie Gabriel, Blaiken<\/td><td>Krippenbau<\/td><\/tr><tr><td><\/td><td><\/td><\/tr><tr><td>Annemarie Brunner, Burgstall<\/td><td>Krippenbild<\/td><\/tr><tr><td><\/td><td><\/td><\/tr><tr><td>Frieda Ceplak, St. Andr\u00e4<\/td><td>Keramik, Acryl<\/td><\/tr><tr><td><\/td><td><\/td><\/tr><tr><td>Stefan Wiedl<\/td><td>Acryl<\/td><\/tr><\/tbody><\/table><\/figure>\n\n\n\n<p><a href=\"https:\/\/picasaweb.google.com\/116905732083908928767\/Vernissage8?authkey=Gv1sRgCJDU-835n8y2ogE#\">Zu den Bildern<\/a><\/p>","protected":false},"excerpt":{"rendered":"<p>St. Andr\u00e4er Hobby-K\u00fcnstlerinnen und Hobby-K\u00fcnstler stellen ihre Werke aus Theresia Schober, St. Andr\u00e4 Aquarell seit ca. 10 Jahren Erika Kraus, Wolfsberg Acryl, Abstrakte Malerie, seit ca. 15 Jahren Christine Schrammel, Eitweg Nespressoschmuck Melitta Schibitz, Magersdorf Kerzen f\u00fcr alle Anl\u00e4sse Simeon Kovacev, Kleinedling Acryl, gemischt abstrakt, seit ca. 2 Jahren Hilde Taurer, St. Andr\u00e4 gemischte Techniken, &hellip;<\/p>","protected":false},"author":1,"featured_media":0,"parent":8969,"menu_order":0,"comment_status":"closed","ping_status":"closed","template":"","meta":{"footnotes":""},"class_list":["post-9065","page","type-page","status-publish","hentry"],"_links":{"self":[{"href":"https:\/\/st-andrae.info\/it\/wp-json\/wp\/v2\/pages\/9065","targetHints":{"allow":["GET"]}}],"collection":[{"href":"https:\/\/st-andrae.info\/it\/wp-json\/wp\/v2\/pages"}],"about":[{"href":"https:\/\/st-andrae.info\/it\/wp-json\/wp\/v2\/types\/page"}],"author":[{"embeddable":true,"href":"https:\/\/st-andrae.info\/it\/wp-json\/wp\/v2\/users\/1"}],"replies":[{"embeddable":true,"href":"https:\/\/st-andrae.info\/it\/wp-json\/wp\/v2\/comments?post=9065"}],"version-history":[{"count":0,"href":"https:\/\/st-andrae.info\/it\/wp-json\/wp\/v2\/pages\/9065\/revisions"}],"up":[{"embeddable":true,"href":"https:\/\/st-andrae.info\/it\/wp-json\/wp\/v2\/pages\/8969"}],"wp:attachment":[{"href":"https:\/\/st-andrae.info\/it\/wp-json\/wp\/v2\/media?parent=9065"}],"curies":[{"name":"wp","href":"https:\/\/api.w.org\/{rel}","templated":true}]}}