{"id":11939,"date":"2026-04-28T10:23:02","date_gmt":"2026-04-28T08:23:02","guid":{"rendered":"https:\/\/st-andrae.info\/?page_id=11939"},"modified":"2026-04-28T10:38:56","modified_gmt":"2026-04-28T08:38:56","slug":"klettergarten-st-andrae","status":"publish","type":"page","link":"https:\/\/st-andrae.info\/sl\/klettergarten-st-andrae\/","title":{"rendered":"Klettergarten St. Andr\u00e4"},"content":{"rendered":"<p>Vom markierten Parkplatz geht man ca. 10 Min. zum Empfangsh\u00fcttchen, wo die Materialausgabe stattfindet. Von dort sind es dann noch mit dem Guide ca. 5 Minuten bis zum Einstieg.<\/p>\n\n\n\n<p>Kinder ab einer K\u00f6rpergr\u00f6\u00dfe von110cm k\u00f6nnen sich im Kinder- bzw. Einschulungsparcours vergn\u00fcgen. Mit einer K\u00f6rpergr\u00f6\u00dfe ab 130cm, kann man sich den Herausforderungen des Erwachsenenparcours stellen. Dieser beginnt in einem sch\u00f6nen Mischwald und m\u00fcndet nach 17 Stationen in einen aufregenden Felsparcours, der \u00fcber drei Ausstiege verf\u00fcgt, je nach Schwierigkeit. Am Ende wartet noch eine tolle Abschlussrutsche, mit der man den Felsbereich Richtung abstieg verl\u00e4sst. Alternativ kann man auch \u00fcber den leichten Abschlussteig aussteigen. Von dort geht man dann \u00fcber einen markierten Weg zur\u00fcck zum Ausgangspunkt.<br><br><strong>Dauer:<\/strong>\u00a01 bis 2 Stunden je nach Variante<br><strong>Schwierigkeit:<\/strong>\u00a0leicht bis mittel<\/p>\n\n\n\n<p><strong>Mischwald und Fels werden in Szene gesetzt!<\/strong><br>In einem sch\u00f6nen, schattenspendenden Wald startet der Waldseilpark, wo sich auch der Kinderparcours befindet. Nach einigen spannenden Elementen m\u00fcndet der Waldteil in eine spektakul\u00e4re Felslandschaft, die mit saftigem Moos eine atemberaubende Kulisse bietet.<\/p>\n\n\n\n<ul class=\"wp-block-list\">\n<li>Plattformen: 15<\/li>\n\n\n\n<li>Dauer: ca. 2 Stunden<\/li>\n\n\n\n<li>H\u00f6he: ca. 12 Meter<\/li>\n\n\n\n<li>Schwierigkeit: mittel<\/li>\n<\/ul>\n\n\n\n<figure class=\"wp-block-image\"><img decoding=\"async\" src=\"https:\/\/www.bergerlebnisee.at\/wp-content\/uploads\/yootheme\/cache\/4a\/Header_Eitweg_2026-4af4dc85.jpg\" alt=\"\"\/><figcaption class=\"wp-element-caption\">\u00a9 <a href=\"https:\/\/www.bergerlebnisee.at\/park-st-andrae\/\">Wald- und Felsseilpark St. Andr\u00e4 &#8211; Bergerlebnisee<\/a><\/figcaption><\/figure>\n\n\n\n<h3 class=\"wp-block-heading\"><\/h3>\n\n\n\n<h4 class=\"wp-block-heading\">\u00d6FFNUNGSZEITEN<\/h4>\n\n\n\n<p>Bitte min. 24 Stunden vorher telefonisch oder per E-Mail Anmeldung, welche Einschulungsstunde gew\u00fcnscht ist!<br><br>Einschulung zu jeder vollen Stunde! 10:00, 11:00, 12:00, 13:00, 14:00, 15:00 Uhr, (16:00 Uhr \u2013 Juli, August)<\/p>\n\n\n\n<h4 class=\"wp-block-heading\">JUNI UND SEPTEMBER<\/h4>\n\n\n\n<p>Samstag, Sonntag, Feiertage<br>Einschulung: 10:00 bis 15:00 Uhr<\/p>\n\n\n\n<h4 class=\"wp-block-heading\">JULI UND AUGUST<\/h4>\n\n\n\n<p>t\u00e4glich<br>Einschulung: 10:00 bis 16:00 Uhr<\/p>\n\n\n\n<figure class=\"wp-block-image size-full\"><a href=\"https:\/\/st-andrae.info\/wp-content\/uploads\/2026\/04\/image-4.png\"><img fetchpriority=\"high\" decoding=\"async\" width=\"565\" height=\"960\" src=\"https:\/\/st-andrae.info\/wp-content\/uploads\/2026\/04\/image-4.png\" alt=\"\" class=\"wp-image-11942\" srcset=\"https:\/\/st-andrae.info\/wp-content\/uploads\/2026\/04\/image-4.png 565w, https:\/\/st-andrae.info\/wp-content\/uploads\/2026\/04\/image-4-177x300.png 177w, https:\/\/st-andrae.info\/wp-content\/uploads\/2026\/04\/image-4-7x12.png 7w\" sizes=\"(max-width: 565px) 100vw, 565px\" \/><\/a><figcaption class=\"wp-element-caption\">\u00a9 <a href=\"https:\/\/www.bergerlebnisee.at\/park-st-andrae\/\">Wald- und Felsseilpark St. Andr\u00e4 &#8211; Bergerlebnisee<\/a><\/figcaption><\/figure>\n\n\n\n<h3 class=\"wp-block-heading\">Anmeldung &amp; Kontakt<\/h3>\n\n\n\n<p>Wald- und Felsseilpark<br>St. Andr\u00e4Bergerlebnisee<\/p>\n\n\n\n<p>+43 664 1462333<br>info@bergerlebnisee.at<\/p>\n\n\n\n<p>Bilder und weitere Informationen: <a href=\"https:\/\/www.bergerlebnisee.at\/park-st-andrae\/\">Wald- und Felsseilpark St. Andr\u00e4 &#8211; Bergerlebnisee<\/a><\/p>","protected":false},"excerpt":{"rendered":"<p>Vom markierten Parkplatz geht man ca. 10 Min. zum Empfangsh\u00fcttchen, wo die Materialausgabe stattfindet. Von dort sind es dann noch mit dem Guide ca. 5 Minuten bis zum Einstieg. Kinder ab einer K\u00f6rpergr\u00f6\u00dfe von110cm k\u00f6nnen sich im Kinder- bzw. Einschulungsparcours vergn\u00fcgen. Mit einer K\u00f6rpergr\u00f6\u00dfe ab 130cm, kann man sich den Herausforderungen des Erwachsenenparcours stellen. Dieser &hellip;<\/p>","protected":false},"author":2,"featured_media":0,"parent":0,"menu_order":0,"comment_status":"closed","ping_status":"closed","template":"","meta":{"footnotes":""},"class_list":["post-11939","page","type-page","status-publish","hentry"],"_links":{"self":[{"href":"https:\/\/st-andrae.info\/sl\/wp-json\/wp\/v2\/pages\/11939","targetHints":{"allow":["GET"]}}],"collection":[{"href":"https:\/\/st-andrae.info\/sl\/wp-json\/wp\/v2\/pages"}],"about":[{"href":"https:\/\/st-andrae.info\/sl\/wp-json\/wp\/v2\/types\/page"}],"author":[{"embeddable":true,"href":"https:\/\/st-andrae.info\/sl\/wp-json\/wp\/v2\/users\/2"}],"replies":[{"embeddable":true,"href":"https:\/\/st-andrae.info\/sl\/wp-json\/wp\/v2\/comments?post=11939"}],"version-history":[{"count":4,"href":"https:\/\/st-andrae.info\/sl\/wp-json\/wp\/v2\/pages\/11939\/revisions"}],"predecessor-version":[{"id":11947,"href":"https:\/\/st-andrae.info\/sl\/wp-json\/wp\/v2\/pages\/11939\/revisions\/11947"}],"wp:attachment":[{"href":"https:\/\/st-andrae.info\/sl\/wp-json\/wp\/v2\/media?parent=11939"}],"curies":[{"name":"wp","href":"https:\/\/api.w.org\/{rel}","templated":true}]}}