{"id":7141,"date":"2022-03-24T18:36:44","date_gmt":"2022-03-24T17:36:44","guid":{"rendered":"https:\/\/dev.alpsware.at\/hp12\/?page_id=7141"},"modified":"2022-06-29T22:45:32","modified_gmt":"2022-06-29T20:45:32","slug":"impressum","status":"publish","type":"page","link":"https:\/\/st-andrae.info\/sl\/impressum\/","title":{"rendered":"Impressum"},"content":{"rendered":"<p><\/p>\n\n\n\n<p class=\"has-large-font-size\">Herausgeber, redaktionelle und inhaltliche Betreuung<\/p>\n\n\n\n<p>Stadtgemeinde St. Andr\u00e4<br>9433 St. Andr\u00e4 100<\/p>\n\n\n\n<p><strong>Tel:<\/strong>&nbsp;+43 (4358)&nbsp;27 10<br><strong>Fax:<\/strong>&nbsp;+43 (4358) \/&nbsp;27 10 &#8211; 79<br><strong>E-Mail:<\/strong>&nbsp;<a rel=\"noreferrer noopener\" href=\"mailto:gemeinde@st-andrae.at\" target=\"_blank\">gemeinde@st-andrae.at<\/a><\/p>\n\n\n\n<p><strong>Gemeindekennzahl:<\/strong>&nbsp;20913<\/p>\n\n\n\n<p>Unter der Adresse&nbsp;www.st-andrae.info befindet sich der \u00f6ffentliche Internetdienst der&nbsp;<strong>Stadtgemeinde St Andr\u00e4<\/strong>.<\/p>\n\n\n\n<p class=\"has-large-font-size\">Redaktion<\/p>\n\n\n\n<p>Auf dieser Homepage werden Inhalte und Services f\u00fcr die Bereiche Kultur und Tourismus der&nbsp;<strong>Stadtgemeinde&nbsp;St. Andr\u00e4<\/strong>&nbsp;angeboten. Wir sind bem\u00fcht, diese aktuell zu halten. Sollten Sie dennoch auf fehlerhafte und nicht mehr aktuelle Inhalte sto\u00dfen, so wenden Sie sich bitte an die angegebene Kontaktadresse.<\/p>\n\n\n\n<p class=\"has-large-font-size\">Urheberrecht<\/p>\n\n\n\n<p>Das Layout sowie die Gestaltung der gesamten Homepage (Logos, Fotos, Wappen etc.) sind urheberrechtlich gesch\u00fctzt. Dies gilt auch f\u00fcr den redaktionellen Content. Daher d\u00fcrfen keine \u00c4nderungen vorgenommen werden. Eine weitere \u00f6ffentliche Verwendung darf nur nach erfolgter Zustimmung erfolgen.<\/p>\n\n\n\n<p class=\"has-large-font-size\">Haftungsausschluss<\/p>\n\n\n\n<p>Die&nbsp;<strong>Stadtgemeinde St. Andr\u00e4<\/strong>&nbsp;ist bem\u00fcht, st\u00e4ndig richtige und vollst\u00e4ndige Informationen auf dieser Homepage anzubieten. Allerdings wird keine Haftung f\u00fcr die Richtigkeit der zur Verf\u00fcgung gestellten Informationen \u00fcbernommen. Alle Angaben erfolgen ohne Gew\u00e4hr. Eine Haftung f\u00fcr Sch\u00e4den, die sich durch die Verwendung von <a href=\"https:\/\/st-andrae.info\/sl\/\">www.st-andrae.info<\/a> sowie deren ver\u00f6ffentlichten Inhalte oder Services ergeben, ist ausgeschlossen.<\/p>\n\n\n\n<p class=\"has-large-font-size\">Externe Links<\/p>\n\n\n\n<p>Die verlinkten Seiten auf&nbsp;<a href=\"https:\/\/st-andrae.info\/sl\/\">www.st-andrae.info<\/a>&nbsp;waren zum Zeitpunkt der Ver\u00f6ffentlichung frei von illegalen Inhalten. F\u00fcr eine \u00c4nderung der Inhalte zu einem sp\u00e4teren Zeitpunkt wird keine Haftung \u00fcbernommen. Die&nbsp;<strong>Stadtgemeinde St. Andr\u00e4&nbsp;<\/strong>distanziert sich somit eindeutig von sp\u00e4teren Aktualisierungen der Inhalte von verlinkten Seiten. Links k\u00f6nnen durch die&nbsp;<strong>Stadtgemeinde St. Andr\u00e4&nbsp;<\/strong>ohne Angabe von Gr\u00fcnden jederzeit gel\u00f6scht werden.<\/p>\n\n\n\n<p class=\"has-large-font-size\">Sorgfalt<\/p>\n\n\n\n<p>Die <strong>Stadtgemeinde St. Andr\u00e4<\/strong> verpflichtet sich, die E-Government-Dienste den jeweiligen Sicherheitsstandards anzupassen und alles zu unternehmen, um eine hohe Verf\u00fcgbarkeit dieser Internet-Dienste sicherzustellen.<\/p>\n\n\n\n<p class=\"has-large-font-size\">Barrierefreiheit<\/p>\n\n\n\n<p>Diese Homepage der&nbsp;Stadtgemeinde St. Andr\u00e4 entspricht dem WAI-Standard AA (Web Accessibility Initiative) und bietet somit einen barrierefreien Zugang auf alle Seiten f\u00fcr alle Personen.<\/p>\n\n\n\n<p>Informationen und Richtlinien zur elektronischen Kommunikation mit der&nbsp;<strong>Stadtgemeinde St. Andr\u00e4&nbsp;<\/strong>entnehmen Sie bitte der E-Mail Policy.<br><br>Externe Informationen liegen nicht in der Verantwortung der Stadtgemeinde. Ebenso wenig hat die Stadtgemeinde Einfluss auf die Qualit\u00e4t der externen Inhalte.<\/p>\n\n\n\n<p class=\"has-large-font-size\">Konzeption und Programmierung<\/p>\n\n\n\n<p>Alpsware GmbH, Lakeside B01a, 9020 Klagenfurt am W\u00f6rthersee, <a href=\"http:\/\/www.alpsware.at\">www.alpsware.at<\/a><\/p>\n\n\n\n<p>Icons auf der Startseite wurden erstellt von <a href=\"https:\/\/www.flaticon.com\/authors\/kiranshastry\">Kiranshastry<\/a> from <a href=\"https:\/\/www.flaticon.com\/\">www.flaticon.com&#8217;<\/a>, <a href=\"https:\/\/www.freepik.com\">Freepik<\/a> from <a href=\"https:\/\/www.flaticon.com\/\">www.flaticon.com&#8217;<\/a>, <a href=\"https:\/\/www.flaticon.com\/authors\/iconixar\">iconixar<\/a> from <a href=\"https:\/\/www.flaticon.com\/\">www.flaticon.com&#8217;<\/a>, <a href=\"https:\/\/www.flaticon.com\/authors\/surang\">surang<\/a> from <a href=\"https:\/\/www.flaticon.com\/\">www.flaticon.com&#8217;<\/a><\/p>","protected":false},"excerpt":{"rendered":"<p>Herausgeber, redaktionelle und inhaltliche Betreuung Stadtgemeinde St. Andr\u00e49433 St. Andr\u00e4 100 Tel:&nbsp;+43 (4358)&nbsp;27 10Fax:&nbsp;+43 (4358) \/&nbsp;27 10 &#8211; 79E-Mail:&nbsp;gemeinde@st-andrae.at Gemeindekennzahl:&nbsp;20913 Unter der Adresse&nbsp;www.st-andrae.info befindet sich der \u00f6ffentliche Internetdienst der&nbsp;Stadtgemeinde St Andr\u00e4. Redaktion Auf dieser Homepage werden Inhalte und Services f\u00fcr die Bereiche Kultur und Tourismus der&nbsp;Stadtgemeinde&nbsp;St. Andr\u00e4&nbsp;angeboten. Wir sind bem\u00fcht, diese aktuell zu halten. Sollten &hellip;<\/p>","protected":false},"author":1,"featured_media":0,"parent":0,"menu_order":0,"comment_status":"closed","ping_status":"closed","template":"template-fullwidth.php","meta":{"footnotes":""},"class_list":["post-7141","page","type-page","status-publish","hentry"],"_links":{"self":[{"href":"https:\/\/st-andrae.info\/sl\/wp-json\/wp\/v2\/pages\/7141","targetHints":{"allow":["GET"]}}],"collection":[{"href":"https:\/\/st-andrae.info\/sl\/wp-json\/wp\/v2\/pages"}],"about":[{"href":"https:\/\/st-andrae.info\/sl\/wp-json\/wp\/v2\/types\/page"}],"author":[{"embeddable":true,"href":"https:\/\/st-andrae.info\/sl\/wp-json\/wp\/v2\/users\/1"}],"replies":[{"embeddable":true,"href":"https:\/\/st-andrae.info\/sl\/wp-json\/wp\/v2\/comments?post=7141"}],"version-history":[{"count":0,"href":"https:\/\/st-andrae.info\/sl\/wp-json\/wp\/v2\/pages\/7141\/revisions"}],"wp:attachment":[{"href":"https:\/\/st-andrae.info\/sl\/wp-json\/wp\/v2\/media?parent=7141"}],"curies":[{"name":"wp","href":"https:\/\/api.w.org\/{rel}","templated":true}]}}