{"id":7275,"date":"2022-03-25T12:30:19","date_gmt":"2022-03-25T11:30:19","guid":{"rendered":"https:\/\/dev.alpsware.at\/hp12\/?page_id=7275"},"modified":"2022-03-25T19:46:11","modified_gmt":"2022-03-25T18:46:11","slug":"haus-elisabeth","status":"publish","type":"page","link":"https:\/\/st-andrae.info\/sl\/historische-bauwerke\/haus-elisabeth\/","title":{"rendered":"Haus Elisabeth"},"content":{"rendered":"<div data-elementor-type=\"wp-page\" data-elementor-id=\"7275\" class=\"elementor elementor-7275\">\n\t\t\t\t\t\t<section class=\"elementor-section elementor-top-section elementor-element elementor-element-61d073d elementor-section-boxed elementor-section-height-default elementor-section-height-default\" data-id=\"61d073d\" data-element_type=\"section\" data-e-type=\"section\" data-settings=\"{&quot;background_background&quot;:&quot;classic&quot;}\">\n\t\t\t\t\t\t\t<div class=\"elementor-background-overlay\"><\/div>\n\t\t\t\t\t\t\t<div class=\"elementor-container elementor-column-gap-wide\">\n\t\t\t\t\t<div class=\"elementor-column elementor-col-33 elementor-top-column elementor-element elementor-element-44ea76a\" data-id=\"44ea76a\" data-element_type=\"column\" data-e-type=\"column\" data-settings=\"{&quot;background_background&quot;:&quot;classic&quot;}\">\n\t\t\t<div class=\"elementor-widget-wrap elementor-element-populated\">\n\t\t\t\t\t\t<div class=\"elementor-element elementor-element-6f442dd dekoline elementor-invisible elementor-widget elementor-widget-heading\" data-id=\"6f442dd\" data-element_type=\"widget\" data-e-type=\"widget\" data-settings=\"{&quot;_animation&quot;:&quot;fadeInLeft&quot;}\" data-widget_type=\"heading.default\">\n\t\t\t\t<div class=\"elementor-widget-container\">\n\t\t\t\t\t<h2 class=\"elementor-heading-title elementor-size-xl\">Haus Elisabeth - Pflegeeinrichtung <\/h2>\t\t\t\t<\/div>\n\t\t\t\t<\/div>\n\t\t\t\t<div class=\"elementor-element elementor-element-cbef313 elementor-invisible elementor-widget elementor-widget-heading\" data-id=\"cbef313\" data-element_type=\"widget\" data-e-type=\"widget\" data-settings=\"{&quot;_animation&quot;:&quot;fadeInDown&quot;}\" data-widget_type=\"heading.default\">\n\t\t\t\t<div class=\"elementor-widget-container\">\n\t\t\t\t\t<h4 class=\"elementor-heading-title elementor-size-default\">Die Bisch\u00f6fe von St. Andr\u00e4 hatten nicht einmal ein eigenes Haus, sie residierten zum Beispiel in Friesach oder auf der Festung Twimberg in Wolfsberg.\n\nErst mit der Zeit konnte man durch Ankauf von anrainenden B\u00fcrgersh\u00e4usern den so genannten \u201eBischofshof\u201c begr\u00fcnden, der erst im 17. Jahrhundert zur bisch\u00f6flichen Residenz ausgebaut wurde. Nach Verlegung des Bischofssitzes nach Marburg, im Jahre 1859, kam der Jesuitenorden in den Besitz der Residenz.\n\nDas Geb\u00e4ude dient heute schlie\u00dflich der Caritas als Wohnheim f\u00fcr \u00e4ltere Menschen unter dem Namen \"Haus Elisabeth\".<\/h4>\t\t\t\t<\/div>\n\t\t\t\t<\/div>\n\t\t\t\t<div class=\"elementor-element elementor-element-57dd195 elementor-align-left elementor-widget__width-auto elementor-invisible elementor-widget elementor-widget-button\" data-id=\"57dd195\" data-element_type=\"widget\" data-e-type=\"widget\" data-settings=\"{&quot;_animation&quot;:&quot;fadeInLeft&quot;}\" data-widget_type=\"button.default\">\n\t\t\t\t<div class=\"elementor-widget-container\">\n\t\t\t\t\t\t\t\t\t<div class=\"elementor-button-wrapper\">\n\t\t\t\t\t<a class=\"elementor-button elementor-button-link elementor-size-sm\" href=\"https:\/\/www.caritas-pflege.at\/hilfe-beratung\/betreuung-pflege\/altenwohn-pflegeheime\/haus-elisabeth\">\n\t\t\t\t\t\t<span class=\"elementor-button-content-wrapper\">\n\t\t\t\t\t\t\t\t\t<span class=\"elementor-button-text\">Zur Website<\/span>\n\t\t\t\t\t<\/span>\n\t\t\t\t\t<\/a>\n\t\t\t\t<\/div>\n\t\t\t\t\t\t\t\t<\/div>\n\t\t\t\t<\/div>\n\t\t\t\t\t<\/div>\n\t\t<\/div>\n\t\t\t\t<div class=\"elementor-column elementor-col-33 elementor-top-column elementor-element elementor-element-d93e4a2\" data-id=\"d93e4a2\" data-element_type=\"column\" data-e-type=\"column\">\n\t\t\t<div class=\"elementor-widget-wrap\">\n\t\t\t\t\t\t\t<\/div>\n\t\t<\/div>\n\t\t\t\t<div class=\"elementor-column elementor-col-33 elementor-top-column elementor-element elementor-element-9b9ee8f\" data-id=\"9b9ee8f\" data-element_type=\"column\" data-e-type=\"column\">\n\t\t\t<div class=\"elementor-widget-wrap\">\n\t\t\t\t\t\t\t<\/div>\n\t\t<\/div>\n\t\t\t\t\t<\/div>\n\t\t<\/section>\n\t\t\t\t<section class=\"elementor-section elementor-top-section elementor-element elementor-element-7826f53 elementor-section-boxed elementor-section-height-default elementor-section-height-default\" data-id=\"7826f53\" data-element_type=\"section\" data-e-type=\"section\">\n\t\t\t\t\t\t<div class=\"elementor-container elementor-column-gap-default\">\n\t\t\t\t\t<div class=\"elementor-column elementor-col-100 elementor-top-column elementor-element elementor-element-d032d8b\" data-id=\"d032d8b\" data-element_type=\"column\" data-e-type=\"column\">\n\t\t\t<div class=\"elementor-widget-wrap elementor-element-populated\">\n\t\t\t\t\t\t<div class=\"elementor-element elementor-element-b816010 elementor-widget elementor-widget-spacer\" data-id=\"b816010\" data-element_type=\"widget\" data-e-type=\"widget\" data-widget_type=\"spacer.default\">\n\t\t\t\t<div class=\"elementor-widget-container\">\n\t\t\t\t\t\t\t<div class=\"elementor-spacer\">\n\t\t\t<div class=\"elementor-spacer-inner\"><\/div>\n\t\t<\/div>\n\t\t\t\t\t\t<\/div>\n\t\t\t\t<\/div>\n\t\t\t\t\t<\/div>\n\t\t<\/div>\n\t\t\t\t\t<\/div>\n\t\t<\/section>\n\t\t\t\t<\/div>","protected":false},"excerpt":{"rendered":"<p>Haus Elisabeth &#8211; Pflegeeinrichtung Die Bisch\u00f6fe von St. Andr\u00e4 hatten nicht einmal ein eigenes Haus, sie residierten zum Beispiel in Friesach oder auf der Festung Twimberg in Wolfsberg. Erst mit der Zeit konnte man durch Ankauf von anrainenden B\u00fcrgersh\u00e4usern den so genannten \u201eBischofshof\u201c begr\u00fcnden, der erst im 17. Jahrhundert zur bisch\u00f6flichen Residenz ausgebaut wurde. Nach &hellip;<\/p>","protected":false},"author":1,"featured_media":0,"parent":7121,"menu_order":0,"comment_status":"closed","ping_status":"closed","template":"elementor_header_footer","meta":{"footnotes":""},"class_list":["post-7275","page","type-page","status-publish","hentry"],"_links":{"self":[{"href":"https:\/\/st-andrae.info\/sl\/wp-json\/wp\/v2\/pages\/7275","targetHints":{"allow":["GET"]}}],"collection":[{"href":"https:\/\/st-andrae.info\/sl\/wp-json\/wp\/v2\/pages"}],"about":[{"href":"https:\/\/st-andrae.info\/sl\/wp-json\/wp\/v2\/types\/page"}],"author":[{"embeddable":true,"href":"https:\/\/st-andrae.info\/sl\/wp-json\/wp\/v2\/users\/1"}],"replies":[{"embeddable":true,"href":"https:\/\/st-andrae.info\/sl\/wp-json\/wp\/v2\/comments?post=7275"}],"version-history":[{"count":0,"href":"https:\/\/st-andrae.info\/sl\/wp-json\/wp\/v2\/pages\/7275\/revisions"}],"up":[{"embeddable":true,"href":"https:\/\/st-andrae.info\/sl\/wp-json\/wp\/v2\/pages\/7121"}],"wp:attachment":[{"href":"https:\/\/st-andrae.info\/sl\/wp-json\/wp\/v2\/media?parent=7275"}],"curies":[{"name":"wp","href":"https:\/\/api.w.org\/{rel}","templated":true}]}}